{"id":1489,"date":"2023-04-26T15:47:34","date_gmt":"2023-04-26T13:47:34","guid":{"rendered":"https:\/\/disfrutazanzibar.com\/?page_id=1489"},"modified":"2025-11-21T13:00:37","modified_gmt":"2025-11-21T11:00:37","slug":"enero","status":"publish","type":"page","link":"https:\/\/disfrutazanzibar.com\/en\/weather\/january\/","title":{"rendered":"Temperature Zanzibar January"},"content":{"rendered":"<div data-elementor-type=\"wp-page\" data-elementor-id=\"1489\" class=\"elementor elementor-1489\">\n\t\t\t\t\t\t<section data-exad-particle-enable=\"false\" class=\"elementor-section elementor-top-section elementor-element elementor-element-6d4d0a90 elementor-section-height-min-height elementor-section-boxed elementor-section-height-default elementor-section-items-middle exad-parallax-effect-no exad-background-color-change-no exad-glass-effect-no exad-sticky-section-no\" data-id=\"6d4d0a90\" data-element_type=\"section\" data-settings=\"{&quot;background_background&quot;:&quot;classic&quot;}\">\n\t\t\t\t\t\t<div class=\"elementor-container elementor-column-gap-default\">\n\t\t\t\t\t<div class=\"elementor-column elementor-col-100 elementor-top-column elementor-element elementor-element-14eeb167 exad-glass-effect-no exad-sticky-section-no\" data-id=\"14eeb167\" data-element_type=\"column\">\n\t\t\t<div class=\"elementor-widget-wrap elementor-element-populated\">\n\t\t\t\t\t\t<div class=\"elementor-element elementor-element-7e8c61a6 exad-sticky-section-no exad-glass-effect-no elementor-widget elementor-widget-heading\" data-id=\"7e8c61a6\" data-element_type=\"widget\" data-widget_type=\"heading.default\">\n\t\t\t\t<div class=\"elementor-widget-container\">\n\t\t\t<style>\/*! elementor - v3.23.0 - 05-08-2024 *\/\n.elementor-heading-title{padding:0;margin:0;line-height:1}.elementor-widget-heading .elementor-heading-title[class*=elementor-size-]>a{color:inherit;font-size:inherit;line-height:inherit}.elementor-widget-heading .elementor-heading-title.elementor-size-small{font-size:15px}.elementor-widget-heading .elementor-heading-title.elementor-size-medium{font-size:19px}.elementor-widget-heading .elementor-heading-title.elementor-size-large{font-size:29px}.elementor-widget-heading .elementor-heading-title.elementor-size-xl{font-size:39px}.elementor-widget-heading .elementor-heading-title.elementor-size-xxl{font-size:59px}<\/style><p class=\"elementor-heading-title elementor-size-default\">Temperature Zanzibar January<\/p>\t\t<\/div>\n\t\t\t\t<\/div>\n\t\t\t\t\t<\/div>\n\t\t<\/div>\n\t\t\t\t\t<\/div>\n\t\t<\/section>\n\t\t\t\t<section data-exad-particle-enable=\"false\" class=\"elementor-section elementor-top-section elementor-element elementor-element-7b4fccc4 elementor-section-boxed elementor-section-height-default elementor-section-height-default exad-parallax-effect-no exad-background-color-change-no exad-glass-effect-no exad-sticky-section-no\" data-id=\"7b4fccc4\" data-element_type=\"section\">\n\t\t\t\t\t\t<div class=\"elementor-container elementor-column-gap-default\">\n\t\t\t\t\t<div class=\"elementor-column elementor-col-100 elementor-top-column elementor-element elementor-element-30ea73a4 exad-glass-effect-no exad-sticky-section-no\" data-id=\"30ea73a4\" data-element_type=\"column\">\n\t\t\t<div class=\"elementor-widget-wrap elementor-element-populated\">\n\t\t\t\t\t\t<div class=\"elementor-element elementor-element-2f9a51ad exad-sticky-section-no exad-glass-effect-no elementor-widget elementor-widget-text-editor\" data-id=\"2f9a51ad\" data-element_type=\"widget\" data-widget_type=\"text-editor.default\">\n\t\t\t\t<div class=\"elementor-widget-container\">\n\t\t\t<style>\/*! elementor - v3.23.0 - 05-08-2024 *\/\n.elementor-widget-text-editor.elementor-drop-cap-view-stacked .elementor-drop-cap{background-color:#69727d;color:#fff}.elementor-widget-text-editor.elementor-drop-cap-view-framed .elementor-drop-cap{color:#69727d;border:3px solid;background-color:transparent}.elementor-widget-text-editor:not(.elementor-drop-cap-view-default) .elementor-drop-cap{margin-top:8px}.elementor-widget-text-editor:not(.elementor-drop-cap-view-default) .elementor-drop-cap-letter{width:1em;height:1em}.elementor-widget-text-editor .elementor-drop-cap{float:left;text-align:center;line-height:1;font-size:50px}.elementor-widget-text-editor .elementor-drop-cap-letter{display:inline-block}<\/style>\t\t\t\t<p><span style=\"font-weight: 400;\">The climate in <a href=\"https:\/\/disfrutazanzibar.com\/en\/\">Zanzibar<\/a> in January is <strong>excellent high season<\/strong>: <strong>27-30\u00b0C day<\/strong> hot and sunny, <strong>24-26\u00b0C night<\/strong> pleasant warmth, <strong>water temperature 27-29\u00b0C<\/strong> perfect swimming\/water sports (warmer year together feb), <strong>minimal rainfall<\/strong> 3-5 days month very short showers, <strong>abundant sun 95% days<\/strong> Clear skies. <strong>Advantages<\/strong>Best weather year round Dec\/Feb (intense tropical heat ideal for sun lovers), calm sea for families, excellent snorkeling\/diving visibility 20-25 meters, less mosquitoes, moderate kitesurfing\/windsurfing winds. <strong>Disadvantages<\/strong>High season prices (+50-70% accommodation vs May-Jun), MORE tourists year (peak visitors), advance bookings mandatory 4-6 months, intense heat 30\u00b0C+ midday humidity 75-85% muggy. Activities: beaches (Nungwi\/Kendwa\/Paje), snorkeling\/diving Mnemba, kitesurfing Paje, dolphin tours Kizimkazi, Stone Town. Accommodation: guesthouses 50-90 USD, mid-range 120-250 USD, resorts 350-1,000+ USD. Daily budget: budget 100-180 USD, mid-range 250-500 USD, luxury 600-1,500+ USD.<\/span><\/p>\t\t\t\t\t\t<\/div>\n\t\t\t\t<\/div>\n\t\t\t\t\t<\/div>\n\t\t<\/div>\n\t\t\t\t\t<\/div>\n\t\t<\/section>\n\t\t\t\t<section data-exad-particle-enable=\"false\" class=\"elementor-section elementor-top-section elementor-element elementor-element-3bbdf6b elementor-section-boxed elementor-section-height-default elementor-section-height-default exad-parallax-effect-no exad-background-color-change-no exad-glass-effect-no exad-sticky-section-no\" data-id=\"3bbdf6b\" data-element_type=\"section\">\n\t\t\t\t\t\t<div class=\"elementor-container elementor-column-gap-default\">\n\t\t\t\t\t<div class=\"elementor-column elementor-col-100 elementor-top-column elementor-element elementor-element-35bfc28 exad-glass-effect-no exad-sticky-section-no\" data-id=\"35bfc28\" data-element_type=\"column\">\n\t\t\t<div class=\"elementor-widget-wrap elementor-element-populated\">\n\t\t\t\t\t\t<div class=\"elementor-element elementor-element-0ed447b exad-sticky-section-no exad-glass-effect-no elementor-widget elementor-widget-heading\" data-id=\"0ed447b\" data-element_type=\"widget\" data-widget_type=\"heading.default\">\n\t\t\t\t<div class=\"elementor-widget-container\">\n\t\t\t<h2 class=\"elementor-heading-title elementor-size-default\">Zanzibar weather in January\n<\/h2>\t\t<\/div>\n\t\t\t\t<\/div>\n\t\t\t\t\t<\/div>\n\t\t<\/div>\n\t\t\t\t\t<\/div>\n\t\t<\/section>\n\t\t\t\t<section data-exad-particle-enable=\"false\" class=\"elementor-section elementor-top-section elementor-element elementor-element-3c6cceb elementor-section-boxed elementor-section-height-default elementor-section-height-default exad-parallax-effect-no exad-background-color-change-no exad-glass-effect-no exad-sticky-section-no\" data-id=\"3c6cceb\" data-element_type=\"section\">\n\t\t\t\t\t\t<div class=\"elementor-container elementor-column-gap-default\">\n\t\t\t\t\t<div class=\"elementor-column elementor-col-100 elementor-top-column elementor-element elementor-element-394b041 exad-glass-effect-no exad-sticky-section-no\" data-id=\"394b041\" data-element_type=\"column\">\n\t\t\t<div class=\"elementor-widget-wrap elementor-element-populated\">\n\t\t\t\t\t\t<div class=\"elementor-element elementor-element-2c3bba9 exad-sticky-section-no exad-glass-effect-no elementor-widget elementor-widget-text-editor\" data-id=\"2c3bba9\" data-element_type=\"widget\" data-widget_type=\"text-editor.default\">\n\t\t\t\t<div class=\"elementor-widget-container\">\n\t\t\t\t\t\t\t<p class=\"font-claude-response-body whitespace-normal break-words\"><strong>Day temperature<\/strong>(hot very hot midday 30-32\u00b0C).<\/p><p class=\"font-claude-response-body whitespace-normal break-words\"><strong>Night temperature<\/strong>temperature: 24-26\u00b0C (pleasantly warm).<\/p><p class=\"font-claude-response-body whitespace-normal break-words\"><strong>Water temperature<\/strong>Temperature: 27-29\u00b0C (warmer perfect swimming year).<\/p><p class=\"font-claude-response-body whitespace-normal break-words\"><strong>Rains<\/strong>Minimum 3-5 days very short showers (practically dry).<\/p><p class=\"font-claude-response-body whitespace-normal break-words\"><strong>Humidity<\/strong>75-85% (high may feel hot).<\/p><p class=\"font-claude-response-body whitespace-normal break-words\"><strong>Sol<\/strong>: Abundant 95% days with clear skies (sunniest year).<\/p><p class=\"font-claude-response-body whitespace-normal break-words\"><strong>Winds<\/strong>Smooth 8-12 knots, calm sea.<\/p><p class=\"font-claude-response-body whitespace-normal break-words\"><strong>Season<\/strong>: High peak visitors (together Dec-Feb).<\/p><p class=\"font-claude-response-body whitespace-normal break-words\"><strong>Weather<\/strong>: <a class=\"underline\" href=\"https:\/\/weather.com\/\" rel=\"nofollow noopener\" target=\"_blank\">Weather.com<\/a> updated forecasts.<\/p><p class=\"font-claude-response-body whitespace-normal break-words\"><strong>Data<\/strong>: <a class=\"underline\" href=\"https:\/\/en.climate-data.org\/\" rel=\"nofollow noopener\" target=\"_blank\">Climate-Data.org<\/a> January statistics.<\/p>\t\t\t\t\t\t<\/div>\n\t\t\t\t<\/div>\n\t\t\t\t\t<\/div>\n\t\t<\/div>\n\t\t\t\t\t<\/div>\n\t\t<\/section>\n\t\t\t\t<section data-exad-particle-enable=\"false\" class=\"elementor-section elementor-top-section elementor-element elementor-element-b5a3748 elementor-section-boxed elementor-section-height-default elementor-section-height-default exad-parallax-effect-no exad-background-color-change-no exad-glass-effect-no exad-sticky-section-no\" data-id=\"b5a3748\" data-element_type=\"section\">\n\t\t\t\t\t\t<div class=\"elementor-container elementor-column-gap-default\">\n\t\t\t\t\t<div class=\"elementor-column elementor-col-100 elementor-top-column elementor-element elementor-element-f4a906d exad-glass-effect-no exad-sticky-section-no\" data-id=\"f4a906d\" data-element_type=\"column\">\n\t\t\t<div class=\"elementor-widget-wrap elementor-element-populated\">\n\t\t\t\t\t\t<div class=\"elementor-element elementor-element-ee7d6e8 exad-sticky-section-no exad-glass-effect-no elementor-widget elementor-widget-heading\" data-id=\"ee7d6e8\" data-element_type=\"widget\" data-widget_type=\"heading.default\">\n\t\t\t\t<div class=\"elementor-widget-container\">\n\t\t\t<h2 class=\"elementor-heading-title elementor-size-default\">Zanzibar weather activities in January\n<\/h2>\t\t<\/div>\n\t\t\t\t<\/div>\n\t\t\t\t\t<\/div>\n\t\t<\/div>\n\t\t\t\t\t<\/div>\n\t\t<\/section>\n\t\t\t\t<section data-exad-particle-enable=\"false\" class=\"elementor-section elementor-top-section elementor-element elementor-element-0cb6e91 elementor-section-boxed elementor-section-height-default elementor-section-height-default exad-parallax-effect-no exad-background-color-change-no exad-glass-effect-no exad-sticky-section-no\" data-id=\"0cb6e91\" data-element_type=\"section\">\n\t\t\t\t\t\t<div class=\"elementor-container elementor-column-gap-default\">\n\t\t\t\t\t<div class=\"elementor-column elementor-col-100 elementor-top-column elementor-element elementor-element-7b275f3 exad-glass-effect-no exad-sticky-section-no\" data-id=\"7b275f3\" data-element_type=\"column\">\n\t\t\t<div class=\"elementor-widget-wrap elementor-element-populated\">\n\t\t\t\t\t\t<div class=\"elementor-element elementor-element-7a13ade exad-sticky-section-no exad-glass-effect-no elementor-widget elementor-widget-text-editor\" data-id=\"7a13ade\" data-element_type=\"widget\" data-widget_type=\"text-editor.default\">\n\t\t\t\t<div class=\"elementor-widget-container\">\n\t\t\t\t\t\t\t<p class=\"font-claude-response-body whitespace-normal break-words\"><strong>Beaches<\/strong>: Nungwi\/Kendwa north (no tide swimming all day heat 27-30\u00b0C), Paje east (kitesurfing winds 10-18 moderate knots <a class=\"underline\" href=\"https:\/\/www.windguru.cz\/\" rel=\"nofollow noopener\" target=\"_blank\">Windguru<\/a>), Jambiani\/Matemwe quiet.<\/p><p class=\"font-claude-response-body whitespace-normal break-words\"><strong>Snorkeling\/diving<\/strong>: Mnemba Atoll tours 80-150 USD (excellent visibility 20-25 meters best year crystal clear water), certification <a class=\"underline\" href=\"https:\/\/www.padi.com\/\" rel=\"nofollow noopener\" target=\"_blank\">PADI<\/a> available.<\/p><p class=\"font-claude-response-body whitespace-normal break-words\"><strong>Kitesurfing\/windsurfing<\/strong>: Paje moderate winds 10-18 knots (less intense vs Jul-Aug but sufficient), courses 300-400 USD, rental 50-80 USD\/day.<\/p><p class=\"font-claude-response-body whitespace-normal break-words\"><strong>Dolphin Tours<\/strong>: Kizimkazi 50-80 USD morning 6:00-9:00 (80-90% sighting water 27-29\u00b0C warm), ethics <a class=\"underline\" href=\"https:\/\/us.whales.org\/\" rel=\"nofollow noopener\" target=\"_blank\">Whale and Dolphin Conservation<\/a>.<\/p><p class=\"font-claude-response-body whitespace-normal break-words\"><strong>Stone Town<\/strong>UNESCO heritage <a class=\"underline\" href=\"https:\/\/whc.unesco.org\/en\/list\/173\/\" rel=\"nofollow noopener\" target=\"_blank\">UNESCO<\/a>tours 30,000-50,000 TZS (12-20 USD), vibrant markets.<\/p><p class=\"font-claude-response-body whitespace-normal break-words\"><strong>Spice tours<\/strong>: 40,000-60,000 TZS (16-24 USD) half day.<\/p><p class=\"font-claude-response-body whitespace-normal break-words\"><strong>Jozani Forest<\/strong>Colobus monkeys entrance fee 10 USD, lush green landscapes.<\/p>\t\t\t\t\t\t<\/div>\n\t\t\t\t<\/div>\n\t\t\t\t\t<\/div>\n\t\t<\/div>\n\t\t\t\t\t<\/div>\n\t\t<\/section>\n\t\t\t\t<section data-exad-particle-enable=\"false\" class=\"elementor-section elementor-top-section elementor-element elementor-element-9666efe elementor-section-boxed elementor-section-height-default elementor-section-height-default exad-parallax-effect-no exad-background-color-change-no exad-glass-effect-no exad-sticky-section-no\" data-id=\"9666efe\" data-element_type=\"section\">\n\t\t\t\t\t\t<div class=\"elementor-container elementor-column-gap-default\">\n\t\t\t\t\t<div class=\"elementor-column elementor-col-100 elementor-top-column elementor-element elementor-element-70391d3 exad-glass-effect-no exad-sticky-section-no\" data-id=\"70391d3\" data-element_type=\"column\">\n\t\t\t<div class=\"elementor-widget-wrap elementor-element-populated\">\n\t\t\t\t\t\t<div class=\"elementor-element elementor-element-50f4a66 exad-sticky-section-no exad-glass-effect-no elementor-widget elementor-widget-heading\" data-id=\"50f4a66\" data-element_type=\"widget\" data-widget_type=\"heading.default\">\n\t\t\t\t<div class=\"elementor-widget-container\">\n\t\t\t<h2 class=\"elementor-heading-title elementor-size-default\">Best beaches climate Zanzibar in January\n<\/h2>\t\t<\/div>\n\t\t\t\t<\/div>\n\t\t\t\t\t<\/div>\n\t\t<\/div>\n\t\t\t\t\t<\/div>\n\t\t<\/section>\n\t\t\t\t<section data-exad-particle-enable=\"false\" class=\"elementor-section elementor-top-section elementor-element elementor-element-a6227cd elementor-section-boxed elementor-section-height-default elementor-section-height-default exad-parallax-effect-no exad-background-color-change-no exad-glass-effect-no exad-sticky-section-no\" data-id=\"a6227cd\" data-element_type=\"section\">\n\t\t\t\t\t\t<div class=\"elementor-container elementor-column-gap-default\">\n\t\t\t\t\t<div class=\"elementor-column elementor-col-100 elementor-top-column elementor-element elementor-element-7649030 exad-glass-effect-no exad-sticky-section-no\" data-id=\"7649030\" data-element_type=\"column\">\n\t\t\t<div class=\"elementor-widget-wrap elementor-element-populated\">\n\t\t\t\t\t\t<div class=\"elementor-element elementor-element-343b3ed exad-sticky-section-no exad-glass-effect-no elementor-widget elementor-widget-text-editor\" data-id=\"343b3ed\" data-element_type=\"widget\" data-widget_type=\"text-editor.default\">\n\t\t\t\t<div class=\"elementor-widget-container\">\n\t\t\t\t\t\t\t<p class=\"font-claude-response-body whitespace-normal break-words\"><a href=\"https:\/\/disfrutazanzibar.com\/en\/beaches-2\/nungwi\/\"><strong>Nungwi<\/strong><\/a>North: North no tide swimming all day, spectacular sunsets, lively nightlife, very busy January peak tourists.<\/p><p class=\"font-claude-response-body whitespace-normal break-words\"><a href=\"https:\/\/disfrutazanzibar.com\/en\/beaches-2\/kendwa\/\"><strong>Kendwa<\/strong><\/a>North next to Nungwi, less crowded, occasional beach parties, perfect white sand.<\/p><p class=\"font-claude-response-body whitespace-normal break-words\"><a href=\"https:\/\/disfrutazanzibar.com\/en\/beaches-2\/pageboy\/\"><strong>Pageboy<\/strong><\/a>Kitesurfing: Moderate winds, dramatic low tide, backpacker atmosphere, popular in January.<\/p><p class=\"font-claude-response-body whitespace-normal break-words\"><a href=\"https:\/\/disfrutazanzibar.com\/en\/beaches-2\/jambiani\/\"><strong>Jambiani<\/strong><\/a>: Quiet authentic east, fishing village, less tourists vs. north, crystal clear water.<\/p><p class=\"font-claude-response-body whitespace-normal break-words\"><a href=\"https:\/\/disfrutazanzibar.com\/en\/beaches-2\/matemwe\/\"><strong>Matemwe<\/strong><\/a>Northeast : Northeast quiet family friendly, access Mnemba tours, less crowded vs Nungwi.<\/p><p class=\"font-claude-response-body whitespace-normal break-words\"><a href=\"https:\/\/disfrutazanzibar.com\/en\/beaches-2\/kizimkazi\/\"><strong>Kizimkazi<\/strong><\/a>Famous dolphin tours, small beach, less touristic.<\/p>\t\t\t\t\t\t<\/div>\n\t\t\t\t<\/div>\n\t\t\t\t\t<\/div>\n\t\t<\/div>\n\t\t\t\t\t<\/div>\n\t\t<\/section>\n\t\t\t\t<section data-exad-particle-enable=\"false\" class=\"elementor-section elementor-top-section elementor-element elementor-element-7c1131e elementor-section-boxed elementor-section-height-default elementor-section-height-default exad-parallax-effect-no exad-background-color-change-no exad-glass-effect-no exad-sticky-section-no\" data-id=\"7c1131e\" data-element_type=\"section\">\n\t\t\t\t\t\t<div class=\"elementor-container elementor-column-gap-default\">\n\t\t\t\t\t<div class=\"elementor-column elementor-col-100 elementor-top-column elementor-element elementor-element-aab1f3c exad-glass-effect-no exad-sticky-section-no\" data-id=\"aab1f3c\" data-element_type=\"column\">\n\t\t\t<div class=\"elementor-widget-wrap elementor-element-populated\">\n\t\t\t\t\t\t<div class=\"elementor-element elementor-element-e385a54 exad-sticky-section-no exad-glass-effect-no elementor-widget elementor-widget-heading\" data-id=\"e385a54\" data-element_type=\"widget\" data-widget_type=\"heading.default\">\n\t\t\t\t<div class=\"elementor-widget-container\">\n\t\t\t<h3 class=\"elementor-heading-title elementor-size-default\">Frequently asked questions climate Zanzibar in January\n<\/h3>\t\t<\/div>\n\t\t\t\t<\/div>\n\t\t\t\t\t<\/div>\n\t\t<\/div>\n\t\t\t\t\t<\/div>\n\t\t<\/section>\n\t\t\t\t<section data-exad-particle-enable=\"false\" class=\"elementor-section elementor-top-section elementor-element elementor-element-fca1363 elementor-section-boxed elementor-section-height-default elementor-section-height-default exad-parallax-effect-no exad-background-color-change-no exad-glass-effect-no exad-sticky-section-no\" data-id=\"fca1363\" data-element_type=\"section\">\n\t\t\t\t\t\t<div class=\"elementor-container elementor-column-gap-default\">\n\t\t\t\t\t<div class=\"elementor-column elementor-col-100 elementor-top-column elementor-element elementor-element-c062e1b exad-glass-effect-no exad-sticky-section-no\" data-id=\"c062e1b\" data-element_type=\"column\">\n\t\t\t<div class=\"elementor-widget-wrap elementor-element-populated\">\n\t\t\t\t\t\t<div class=\"elementor-element elementor-element-8b20416 exad-sticky-section-no exad-glass-effect-no elementor-widget elementor-widget-text-editor\" data-id=\"8b20416\" data-element_type=\"widget\" data-widget_type=\"text-editor.default\">\n\t\t\t\t<div class=\"elementor-widget-container\">\n\t\t\t\t\t\t\t<h3 class=\"font-claude-response-subheading text-text-100 mt-1 -mb-1.5\">What is the weather like in Zanzibar in January?<\/h3><p class=\"font-claude-response-body whitespace-normal break-words\">The <strong>Zanzibar weather in January<\/strong> is <strong>high peak season excellent<\/strong>: <strong>27-30\u00b0C day<\/strong> hot (midday 30-32\u00b0C intense), <strong>24-26\u00b0C night<\/strong> warm, <strong>water 27-29\u00b0C<\/strong> warmer year, <strong>minimal rainfall<\/strong> 3-5 days (95% sun), humidity 75-85% sultry. <strong>Advantages<\/strong>: Sun guaranteed, visibility snorkel 20-25 meters best year (<a class=\"underline\" href=\"https:\/\/www.padi.com\/\" rel=\"nofollow noopener\" target=\"_blank\">PADI<\/a>), calm sea families, less mosquitoes. <strong>Disadvantages<\/strong>Prices +50-70%, MORE tourists year, intense midday heat requires air conditioning. According to <a class=\"underline\" href=\"https:\/\/www.lonelyplanet.com\/tanzania\/zanzibar-archipelago\" rel=\"nofollow noopener\" target=\"_blank\">Lonely Planet<\/a>January is \"perfect for tropical heat lovers\". Consult <a class=\"underline\" href=\"https:\/\/weather.com\/\" rel=\"nofollow noopener\" target=\"_blank\">Weather.com<\/a>, <a class=\"underline\" href=\"https:\/\/en.climate-data.org\/\" rel=\"nofollow noopener\" target=\"_blank\">Climate-Data.org<\/a>.<\/p><h3 class=\"font-claude-response-subheading text-text-100 mt-1 -mb-1.5\">What is the water temperature in Zanzibar in January?<\/h3><p class=\"font-claude-response-body whitespace-normal break-words\"><strong>Water temperature Zanzibar January<\/strong>: <strong>27-29\u00b0C<\/strong> warmer year (1-2\u00b0C higher vs ago 25-27\u00b0C) perfect swimming without wetsuit. <strong>Activities<\/strong>: Nungwi\/Kendwa all day swimming, snorkeling\/dive Mnemba visibility 20-25 meters best year (<a class=\"underline\" href=\"https:\/\/www.padi.com\/\" rel=\"nofollow noopener\" target=\"_blank\">PADI<\/a>), kitesurfing Paje winds 10-18 knots (<a class=\"underline\" href=\"https:\/\/www.windguru.cz\/\" rel=\"nofollow noopener\" target=\"_blank\">Windguru<\/a>), Kizimkazi dolphin tours 50-80 USD (<a class=\"underline\" href=\"https:\/\/us.whales.org\/\" rel=\"nofollow noopener\" target=\"_blank\">Whale and Dolphin Conservation<\/a>). According to <a class=\"underline\" href=\"https:\/\/www.nationalgeographic.com\/travel\/\" rel=\"nofollow noopener\" target=\"_blank\">National Geographic Travel<\/a>January water is \"perfect tropical maximum\". See <a class=\"underline\" href=\"https:\/\/www.seatemperature.org\/africa\/tanzania\/zanzibar.htm\" rel=\"nofollow noopener\" target=\"_blank\">Sea Temperature<\/a>.<\/p><h3 class=\"font-claude-response-subheading text-text-100 mt-1 -mb-1.5\">Is January a good month to visit Zanzibar?<\/h3><p class=\"font-claude-response-body whitespace-normal break-words\"><strong>YES, January EXCELLENT weather<\/strong> BUT <strong>EXTREME high season<\/strong>. <strong>Advantages<\/strong>Perfect weather 27-30\u00b0C, water 27-29\u00b0C warmer, visibility snorkeling 20-25 meters (<a class=\"underline\" href=\"https:\/\/www.padi.com\/\" rel=\"nofollow noopener\" target=\"_blank\">PADI<\/a>), 95% sunny days, less mosquitoes. <strong>Disadvantages<\/strong>: MAXIMUM prices +50-70% (guesthouses 50-90 USD, mid-range 120-250 USD, resorts 350-1,000+ USD), MORE tourists year, reservations 4-6 months MANDATORY, heat 30\u00b0C+ muggy. <strong>Budget<\/strong>Budget 100-180 USD, mid-range 250-500 USD, luxury 600-1,500+ USD. <strong>Alternative<\/strong>: Jun-Aug (25-28\u00b0C, -40% prices, less tourists). According to <a class=\"underline\" href=\"https:\/\/www.tripadvisor.com\/\" rel=\"nofollow noopener\" target=\"_blank\">TripAdvisor<\/a>January \"it's worth it if you prioritize guaranteed sunshine\". Compare <a class=\"underline\" href=\"https:\/\/www.booking.com\/\" rel=\"nofollow noopener\" target=\"_blank\">Booking.com<\/a>, <a class=\"underline\" href=\"https:\/\/www.skyscanner.com\/\" rel=\"nofollow noopener\" target=\"_blank\">Skyscanner<\/a>.<\/p>\t\t\t\t\t\t<\/div>\n\t\t\t\t<\/div>\n\t\t\t\t\t<\/div>\n\t\t<\/div>\n\t\t\t\t\t<\/div>\n\t\t<\/section>\n\t\t\t\t<\/div>","protected":false},"excerpt":{"rendered":"<p>Temperatura Zanz\u00edbar Enero El clima en Zanz\u00edbar en enero es excelente temporada alta: 27-30\u00b0C d\u00eda caluroso soleado, 24-26\u00b0C noche c\u00e1lida agradable, temperatura agua 27-29\u00b0C perfecta nataci\u00f3n\/deportes acu\u00e1ticos (m\u00e1s c\u00e1lida a\u00f1o junto feb), lluvias m\u00ednimas 3-5 d\u00edas mes chubascos muy cortos, sol abundante 95% d\u00edas cielos despejados. Ventajas: Mejor clima a\u00f1o junto dic\/feb (calor tropical intenso &#8230; <a title=\"Temperature Zanzibar January\" class=\"read-more\" href=\"https:\/\/disfrutazanzibar.com\/en\/weather\/january\/\" aria-label=\"More on Temperatura Zanz\u00edbar Enero\">Read more<\/a><\/p>","protected":false},"author":1,"featured_media":0,"parent":54,"menu_order":0,"comment_status":"closed","ping_status":"closed","template":"","meta":{"footnotes":""},"class_list":["post-1489","page","type-page","status-publish"],"_links":{"self":[{"href":"https:\/\/disfrutazanzibar.com\/en\/wp-json\/wp\/v2\/pages\/1489","targetHints":{"allow":["GET"]}}],"collection":[{"href":"https:\/\/disfrutazanzibar.com\/en\/wp-json\/wp\/v2\/pages"}],"about":[{"href":"https:\/\/disfrutazanzibar.com\/en\/wp-json\/wp\/v2\/types\/page"}],"author":[{"embeddable":true,"href":"https:\/\/disfrutazanzibar.com\/en\/wp-json\/wp\/v2\/users\/1"}],"replies":[{"embeddable":true,"href":"https:\/\/disfrutazanzibar.com\/en\/wp-json\/wp\/v2\/comments?post=1489"}],"version-history":[{"count":34,"href":"https:\/\/disfrutazanzibar.com\/en\/wp-json\/wp\/v2\/pages\/1489\/revisions"}],"predecessor-version":[{"id":4944,"href":"https:\/\/disfrutazanzibar.com\/en\/wp-json\/wp\/v2\/pages\/1489\/revisions\/4944"}],"up":[{"embeddable":true,"href":"https:\/\/disfrutazanzibar.com\/en\/wp-json\/wp\/v2\/pages\/54"}],"wp:attachment":[{"href":"https:\/\/disfrutazanzibar.com\/en\/wp-json\/wp\/v2\/media?parent=1489"}],"curies":[{"name":"wp","href":"https:\/\/api.w.org\/{rel}","templated":true}]}}