{"id":155,"date":"2022-10-21T09:40:13","date_gmt":"2022-10-21T07:40:13","guid":{"rendered":"https:\/\/disfrutazanzibar.com\/?page_id=155"},"modified":"2022-10-21T09:51:39","modified_gmt":"2022-10-21T07:51:39","slug":"politica-de-privacidad","status":"publish","type":"page","link":"https:\/\/disfrutazanzibar.com\/en\/privacy-policy\/","title":{"rendered":"Privacy Policy"},"content":{"rendered":"<div data-elementor-type=\"wp-page\" data-elementor-id=\"155\" class=\"elementor elementor-155\">\n\t\t\t\t\t\t<section data-exad-particle-enable=\"false\" class=\"elementor-section elementor-top-section elementor-element elementor-element-e22a2f8 elementor-section-boxed elementor-section-height-default elementor-section-height-default exad-parallax-effect-no exad-background-color-change-no exad-glass-effect-no exad-sticky-section-no\" data-id=\"e22a2f8\" data-element_type=\"section\">\n\t\t\t\t\t\t<div class=\"elementor-container elementor-column-gap-default\">\n\t\t\t\t\t<div class=\"elementor-column elementor-col-100 elementor-top-column elementor-element elementor-element-9863505 exad-glass-effect-no exad-sticky-section-no\" data-id=\"9863505\" data-element_type=\"column\">\n\t\t\t<div class=\"elementor-widget-wrap elementor-element-populated\">\n\t\t\t\t\t\t<div class=\"elementor-element elementor-element-864355a exad-sticky-section-no exad-glass-effect-no elementor-widget elementor-widget-text-editor\" data-id=\"864355a\" data-element_type=\"widget\" data-widget_type=\"text-editor.default\">\n\t\t\t\t<div class=\"elementor-widget-container\">\n\t\t\t<style>\/*! elementor - v3.23.0 - 05-08-2024 *\/\n.elementor-widget-text-editor.elementor-drop-cap-view-stacked .elementor-drop-cap{background-color:#69727d;color:#fff}.elementor-widget-text-editor.elementor-drop-cap-view-framed .elementor-drop-cap{color:#69727d;border:3px solid;background-color:transparent}.elementor-widget-text-editor:not(.elementor-drop-cap-view-default) .elementor-drop-cap{margin-top:8px}.elementor-widget-text-editor:not(.elementor-drop-cap-view-default) .elementor-drop-cap-letter{width:1em;height:1em}.elementor-widget-text-editor .elementor-drop-cap{float:left;text-align:center;line-height:1;font-size:50px}.elementor-widget-text-editor .elementor-drop-cap-letter{display:inline-block}<\/style>\t\t\t\t<h3>DATA PROTECTION<\/h3><h5>1. Privacy Policy<\/h5><p>Disfruta Zanzibar informs users of the website about its policy regarding the processing and protection of personal data of users and customers that may be collected by browsing or contracting services through its website. In this sense, Disfruta Zanzibar ensures compliance with current legislation on protection of personal data, reflected in Law 15\/1999 of 13 December 1999. <a href=\"https:\/\/disfrutazanzibar.com\/en\/zanzibar-in-december\/\">December<\/a>The Company is subject to the Spanish Personal Data Protection Act and Royal Decree 1720\/2007, of December 21, which approves the Regulations for the Development of the Personal Data Protection Act.<br \/>The use of this website implies the acceptance of this privacy policy.<\/p><h5>2. Collection, purpose and processing of data<\/h5><p>Disfruta Zanzibar has the duty to inform users of its website about the collection of personal data that may be carried out, either by sending email or by filling out the forms included on the website. In this sense, Disfruta Zanzibar will be considered responsible for the data collected through the means described above.<br \/>In turn Disfruta Zanzibar informs users that the purpose of the processing of the data collected includes: The attention of requests made by users, inclusion in the agenda of contacts, the provision of services and management of the business relationship.<br \/>The operations, management and technical procedures that are carried out in an automated or non-automated way and that enable the collection, storage, modification, transfer and other actions on personal data, are considered personal data processing. All personal data, which are collected through the Disfruta Zanzibar website, and therefore have the consideration of personal data processing, will be incorporated into the files declared to the Spanish Data Protection Agency by Disfruta Zanzibar.<\/p><h5>3. Communication of information to third parties<\/h5><p>Disfruta Zanzibar informs users that their personal data will not be disclosed to third party organizations, except that such transfer of data is covered by a legal obligation or when the provision of a service implies the need for a contractual relationship with a processor. In the latter case, the transfer of data to the third party will only be carried out when Disfruta Zanzibar has the express consent of the user.<\/p><h5>4. User rights<\/h5><p>The Organic Law 15\/1999, of December 13, 1999, on the Protection of Personal Data grants the interested parties the possibility of exercising a series of rights related to the processing of their personal data. Insofar as user data are processed by Disfruta Zanzibar. Users may exercise their rights of access, rectification, cancellation and opposition in accordance with the provisions of current legislation on personal data protection.<br \/>To make use of the exercise of these rights, the user must write to the following address: Disfruta Zanzibar, Avenida Pa\u00eds Valenci\u00e1, 181, Benissa (Alicante) or the address that is replaced in the General Register of Data Protection. This communication must reflect the following information: Name and surname of the user, the request request, address and supporting data.<br \/>The exercise of rights must be performed by the user himself. However, they may be executed by a person authorized as legal representative of the authorized person. In this case, documentation must be provided to prove this representation of the interested party.<\/p>\t\t\t\t\t\t<\/div>\n\t\t\t\t<\/div>\n\t\t\t\t\t<\/div>\n\t\t<\/div>\n\t\t\t\t\t<\/div>\n\t\t<\/section>\n\t\t\t\t<\/div>","protected":false},"excerpt":{"rendered":"<p>PROTECCI\u00d3N DE DATOS 1. Pol\u00edtica de privacidad Disfruta Zanz\u00edbar informa a los usuarios del sitio web sobre su pol\u00edtica respecto del tratamiento y protecci\u00f3n de los datos de car\u00e1cter personal de los usuarios y clientes que puedan ser recabados por la navegaci\u00f3n o contrataci\u00f3n de servicios a trav\u00e9s de su sitio web. En este sentido, &#8230; <a title=\"Privacy Policy\" class=\"read-more\" href=\"https:\/\/disfrutazanzibar.com\/en\/privacy-policy\/\" aria-label=\"More on Pol\u00edtica de Privacidad\">Read more<\/a><\/p>","protected":false},"author":1,"featured_media":0,"parent":0,"menu_order":0,"comment_status":"closed","ping_status":"closed","template":"elementor_header_footer","meta":{"footnotes":""},"class_list":["post-155","page","type-page","status-publish"],"_links":{"self":[{"href":"https:\/\/disfrutazanzibar.com\/en\/wp-json\/wp\/v2\/pages\/155","targetHints":{"allow":["GET"]}}],"collection":[{"href":"https:\/\/disfrutazanzibar.com\/en\/wp-json\/wp\/v2\/pages"}],"about":[{"href":"https:\/\/disfrutazanzibar.com\/en\/wp-json\/wp\/v2\/types\/page"}],"author":[{"embeddable":true,"href":"https:\/\/disfrutazanzibar.com\/en\/wp-json\/wp\/v2\/users\/1"}],"replies":[{"embeddable":true,"href":"https:\/\/disfrutazanzibar.com\/en\/wp-json\/wp\/v2\/comments?post=155"}],"version-history":[{"count":7,"href":"https:\/\/disfrutazanzibar.com\/en\/wp-json\/wp\/v2\/pages\/155\/revisions"}],"predecessor-version":[{"id":164,"href":"https:\/\/disfrutazanzibar.com\/en\/wp-json\/wp\/v2\/pages\/155\/revisions\/164"}],"wp:attachment":[{"href":"https:\/\/disfrutazanzibar.com\/en\/wp-json\/wp\/v2\/media?parent=155"}],"curies":[{"name":"wp","href":"https:\/\/api.w.org\/{rel}","templated":true}]}}