{"id":1623,"date":"2023-05-18T13:06:16","date_gmt":"2023-05-18T11:06:16","guid":{"rendered":"https:\/\/disfrutazanzibar.com\/?page_id=1623"},"modified":"2024-08-26T13:06:35","modified_gmt":"2024-08-26T11:06:35","slug":"distancia-de-norte-a-sur-de-zanzibar","status":"publish","type":"page","link":"https:\/\/disfrutazanzibar.com\/en\/distance\/distance-from-north-to-south-of-zanzibar\/","title":{"rendered":"Distance from North to South of zanzibar"},"content":{"rendered":"<div data-elementor-type=\"wp-page\" data-elementor-id=\"1623\" class=\"elementor elementor-1623\">\n\t\t\t\t\t\t<section data-exad-particle-enable=\"false\" class=\"elementor-section elementor-top-section elementor-element elementor-element-7c6ef2c elementor-section-height-min-height elementor-section-full_width elementor-section-height-default elementor-section-items-middle exad-parallax-effect-no exad-background-color-change-no exad-glass-effect-no exad-sticky-section-no\" data-id=\"7c6ef2c\" data-element_type=\"section\" data-settings=\"{&quot;background_background&quot;:&quot;classic&quot;}\">\n\t\t\t\t\t\t<div class=\"elementor-container elementor-column-gap-default\">\n\t\t\t\t\t<div class=\"elementor-column elementor-col-100 elementor-top-column elementor-element elementor-element-10db1821 exad-glass-effect-no exad-sticky-section-no\" data-id=\"10db1821\" data-element_type=\"column\">\n\t\t\t<div class=\"elementor-widget-wrap elementor-element-populated\">\n\t\t\t\t\t\t<div class=\"elementor-element elementor-element-23b2984a exad-sticky-section-no exad-glass-effect-no elementor-widget elementor-widget-heading\" data-id=\"23b2984a\" data-element_type=\"widget\" data-widget_type=\"heading.default\">\n\t\t\t\t<div class=\"elementor-widget-container\">\n\t\t\t<style>\/*! elementor - v3.23.0 - 05-08-2024 *\/\n.elementor-heading-title{padding:0;margin:0;line-height:1}.elementor-widget-heading .elementor-heading-title[class*=elementor-size-]>a{color:inherit;font-size:inherit;line-height:inherit}.elementor-widget-heading .elementor-heading-title.elementor-size-small{font-size:15px}.elementor-widget-heading .elementor-heading-title.elementor-size-medium{font-size:19px}.elementor-widget-heading .elementor-heading-title.elementor-size-large{font-size:29px}.elementor-widget-heading .elementor-heading-title.elementor-size-xl{font-size:39px}.elementor-widget-heading .elementor-heading-title.elementor-size-xxl{font-size:59px}<\/style><p class=\"elementor-heading-title elementor-size-default\">Distance from North to South of Zanzibar<\/p>\t\t<\/div>\n\t\t\t\t<\/div>\n\t\t\t\t<div class=\"elementor-element elementor-element-72355fd2 exad-sticky-section-no exad-glass-effect-no elementor-widget elementor-widget-text-editor\" data-id=\"72355fd2\" data-element_type=\"widget\" data-widget_type=\"text-editor.default\">\n\t\t\t\t<div class=\"elementor-widget-container\">\n\t\t\t<style>\/*! elementor - v3.23.0 - 05-08-2024 *\/\n.elementor-widget-text-editor.elementor-drop-cap-view-stacked .elementor-drop-cap{background-color:#69727d;color:#fff}.elementor-widget-text-editor.elementor-drop-cap-view-framed .elementor-drop-cap{color:#69727d;border:3px solid;background-color:transparent}.elementor-widget-text-editor:not(.elementor-drop-cap-view-default) .elementor-drop-cap{margin-top:8px}.elementor-widget-text-editor:not(.elementor-drop-cap-view-default) .elementor-drop-cap-letter{width:1em;height:1em}.elementor-widget-text-editor .elementor-drop-cap{float:left;text-align:center;line-height:1;font-size:50px}.elementor-widget-text-editor .elementor-drop-cap-letter{display:inline-block}<\/style>\t\t\t\t<p style=\"text-align: center;\"><nav aria-label=\"breadcrumbs\" class=\"rank-math-breadcrumb\"><p><span class=\"last\">Home<\/span><\/p><\/nav><\/p>\t\t\t\t\t\t<\/div>\n\t\t\t\t<\/div>\n\t\t\t\t\t<\/div>\n\t\t<\/div>\n\t\t\t\t\t<\/div>\n\t\t<\/section>\n\t\t\t\t<section data-exad-particle-enable=\"false\" class=\"elementor-section elementor-top-section elementor-element elementor-element-441008fa elementor-section-boxed elementor-section-height-default elementor-section-height-default exad-parallax-effect-no exad-background-color-change-no exad-glass-effect-no exad-sticky-section-no\" data-id=\"441008fa\" data-element_type=\"section\">\n\t\t\t\t\t\t<div class=\"elementor-container elementor-column-gap-default\">\n\t\t\t\t\t<div class=\"elementor-column elementor-col-100 elementor-top-column elementor-element elementor-element-51ede663 exad-glass-effect-no exad-sticky-section-no\" data-id=\"51ede663\" data-element_type=\"column\">\n\t\t\t<div class=\"elementor-widget-wrap elementor-element-populated\">\n\t\t\t\t\t\t<div class=\"elementor-element elementor-element-623549b8 exad-sticky-section-no exad-glass-effect-no elementor-widget elementor-widget-text-editor\" data-id=\"623549b8\" data-element_type=\"widget\" data-widget_type=\"text-editor.default\">\n\t\t\t\t<div class=\"elementor-widget-container\">\n\t\t\t\t\t\t\t<p>The distance from north to south of Zanzibar is approximately 85 kilometers. Zanzibar, a beautiful island in the Indian Ocean, has a length of about 85 kilometers from its northern end to its southern end.<\/p><p>In the northern part of Zanzibar, you will find popular destinations such as <a href=\"https:\/\/disfrutazanzibar.com\/en\/beaches-2\/nungwi\/\">Nungwi<\/a> y <a href=\"https:\/\/disfrutazanzibar.com\/en\/beaches-2\/kendwa\/\">Kendwa<\/a>known for its white sand beaches and crystal clear waters. Here you can enjoy <a href=\"https:\/\/disfrutazanzibar.com\/en\/activities\/\">activities<\/a> aquatic, such as <a href=\"https:\/\/disfrutazanzibar.com\/en\/activities\/diving\/\">diving<\/a>You can also explore the local markets and experience the island's rich culture by snorkeling, snorkeling and dhow sailing.<\/p><p>In the southern part of Zanzibar, you will find the charming village of Kizimkazi, famous for its dolphin encounters and beautiful beaches. In addition, you can visit the historic town of Stone Town, located in the center of the island and declared a UNESCO World Heritage Site. Stone Town is famous for its architecture, labyrinthine streets, vibrant markets and rich history.<\/p><p>Traveling the island from north to south will allow you to discover the diversity of landscapes, cultures and activities that Zanzibar has to offer. From idyllic beaches to fascinating historical sites, each part of Zanzibar has its own charm and promises an unforgettable experience.<\/p>\t\t\t\t\t\t<\/div>\n\t\t\t\t<\/div>\n\t\t\t\t\t<\/div>\n\t\t<\/div>\n\t\t\t\t\t<\/div>\n\t\t<\/section>\n\t\t\t\t<section data-exad-particle-enable=\"false\" class=\"elementor-section elementor-top-section elementor-element elementor-element-7a785de elementor-section-boxed elementor-section-height-default elementor-section-height-default exad-parallax-effect-no exad-background-color-change-no exad-glass-effect-no exad-sticky-section-no\" data-id=\"7a785de\" data-element_type=\"section\">\n\t\t\t\t\t\t<div class=\"elementor-container elementor-column-gap-default\">\n\t\t\t\t\t<div class=\"elementor-column elementor-col-100 elementor-top-column elementor-element elementor-element-e3f936c exad-glass-effect-no exad-sticky-section-no\" data-id=\"e3f936c\" data-element_type=\"column\">\n\t\t\t<div class=\"elementor-widget-wrap elementor-element-populated\">\n\t\t\t\t\t\t<div class=\"elementor-element elementor-element-8b6a4a4 exad-sticky-section-no exad-glass-effect-no elementor-widget elementor-widget-html\" data-id=\"8b6a4a4\" data-element_type=\"widget\" data-widget_type=\"html.default\">\n\t\t\t\t<div class=\"elementor-widget-container\">\n\t\t\t<iframe src=\"https:\/\/www.google.com\/maps\/embed?pb=!1m28!1m12!1m3!1d226073.81443274635!2d39.407291392948636!3d-6.395450081082206!2m3!1f0!2f0!3f0!3m2!1i1024!2i768!4f13.1!4m13!3e6!4m5!1s0x18431e47dd2f981b%3A0x8e4004c205e46cb2!2sNungwi%2C%20Tanzania!3m2!1d-5.725855999999999!2d39.2985684!4m5!1s0x185d056777947d8d%3A0x6afc91c72d1d0274!2sKizimkazi%2C%20Tanzania!3m2!1d-6.4484721!2d39.469882399999996!5e0!3m2!1ses!2ses!4v1684407974581!5m2!1ses!2ses\" width=\"600\" height=\"450\" style=\"border:0;\" allowfullscreen=\"\" loading=\"lazy\" referrerpolicy=\"no-referrer-when-downgrade\"><\/iframe>\t\t<\/div>\n\t\t\t\t<\/div>\n\t\t\t\t\t<\/div>\n\t\t<\/div>\n\t\t\t\t\t<\/div>\n\t\t<\/section>\n\t\t\t\t<\/div>","protected":false},"excerpt":{"rendered":"<p>Distancia de Norte a Sur de Zanzibar La distancia de norte a sur de Zanz\u00edbar es de aproximadamente 85 kil\u00f3metros. Zanz\u00edbar, una hermosa isla en el oc\u00e9ano \u00cdndico, tiene una longitud de alrededor de 85 kil\u00f3metros desde su extremo norte hasta su extremo sur. En la parte norte de Zanz\u00edbar, encontrar\u00e1s destinos populares como Nungwi &#8230; <a title=\"Distance from North to South of zanzibar\" class=\"read-more\" href=\"https:\/\/disfrutazanzibar.com\/en\/distance\/distance-from-north-to-south-of-zanzibar\/\" aria-label=\"More on Distancia de Norte a Sur de zanzibar\">Read more<\/a><\/p>","protected":false},"author":1,"featured_media":0,"parent":1583,"menu_order":0,"comment_status":"closed","ping_status":"closed","template":"","meta":{"footnotes":""},"class_list":["post-1623","page","type-page","status-publish"],"_links":{"self":[{"href":"https:\/\/disfrutazanzibar.com\/en\/wp-json\/wp\/v2\/pages\/1623","targetHints":{"allow":["GET"]}}],"collection":[{"href":"https:\/\/disfrutazanzibar.com\/en\/wp-json\/wp\/v2\/pages"}],"about":[{"href":"https:\/\/disfrutazanzibar.com\/en\/wp-json\/wp\/v2\/types\/page"}],"author":[{"embeddable":true,"href":"https:\/\/disfrutazanzibar.com\/en\/wp-json\/wp\/v2\/users\/1"}],"replies":[{"embeddable":true,"href":"https:\/\/disfrutazanzibar.com\/en\/wp-json\/wp\/v2\/comments?post=1623"}],"version-history":[{"count":8,"href":"https:\/\/disfrutazanzibar.com\/en\/wp-json\/wp\/v2\/pages\/1623\/revisions"}],"predecessor-version":[{"id":2554,"href":"https:\/\/disfrutazanzibar.com\/en\/wp-json\/wp\/v2\/pages\/1623\/revisions\/2554"}],"up":[{"embeddable":true,"href":"https:\/\/disfrutazanzibar.com\/en\/wp-json\/wp\/v2\/pages\/1583"}],"wp:attachment":[{"href":"https:\/\/disfrutazanzibar.com\/en\/wp-json\/wp\/v2\/media?parent=1623"}],"curies":[{"name":"wp","href":"https:\/\/api.w.org\/{rel}","templated":true}]}}