{"id":165,"date":"2022-10-21T09:52:22","date_gmt":"2022-10-21T07:52:22","guid":{"rendered":"https:\/\/disfrutazanzibar.com\/?page_id=165"},"modified":"2022-10-21T09:53:10","modified_gmt":"2022-10-21T07:53:10","slug":"aviso-legal","status":"publish","type":"page","link":"https:\/\/disfrutazanzibar.com\/en\/legal-notice\/","title":{"rendered":"Legal Notice"},"content":{"rendered":"<div data-elementor-type=\"wp-page\" data-elementor-id=\"165\" class=\"elementor elementor-165\">\n\t\t\t\t\t\t<section data-exad-particle-enable=\"false\" class=\"elementor-section elementor-top-section elementor-element elementor-element-36d64f5 elementor-section-boxed elementor-section-height-default elementor-section-height-default exad-parallax-effect-no exad-background-color-change-no exad-glass-effect-no exad-sticky-section-no\" data-id=\"36d64f5\" data-element_type=\"section\">\n\t\t\t\t\t\t<div class=\"elementor-container elementor-column-gap-default\">\n\t\t\t\t\t<div class=\"elementor-column elementor-col-100 elementor-top-column elementor-element elementor-element-1b92602 exad-glass-effect-no exad-sticky-section-no\" data-id=\"1b92602\" data-element_type=\"column\">\n\t\t\t<div class=\"elementor-widget-wrap elementor-element-populated\">\n\t\t\t\t\t\t<div class=\"elementor-element elementor-element-790d1f6 exad-sticky-section-no exad-glass-effect-no elementor-widget elementor-widget-text-editor\" data-id=\"790d1f6\" data-element_type=\"widget\" data-widget_type=\"text-editor.default\">\n\t\t\t\t<div class=\"elementor-widget-container\">\n\t\t\t<style>\/*! elementor - v3.23.0 - 05-08-2024 *\/\n.elementor-widget-text-editor.elementor-drop-cap-view-stacked .elementor-drop-cap{background-color:#69727d;color:#fff}.elementor-widget-text-editor.elementor-drop-cap-view-framed .elementor-drop-cap{color:#69727d;border:3px solid;background-color:transparent}.elementor-widget-text-editor:not(.elementor-drop-cap-view-default) .elementor-drop-cap{margin-top:8px}.elementor-widget-text-editor:not(.elementor-drop-cap-view-default) .elementor-drop-cap-letter{width:1em;height:1em}.elementor-widget-text-editor .elementor-drop-cap{float:left;text-align:center;line-height:1;font-size:50px}.elementor-widget-text-editor .elementor-drop-cap-letter{display:inline-block}<\/style>\t\t\t\t<h2>Legal Notice<\/h2>\nIn compliance with Article 10 of Law 34\/2002, of July 11, 2002, on Information Society Services and Electronic Commerce (LSSICE), the company's identification data are shown below.\n<h5>1. IDENTIFICATION DATA<\/h5>\nIn compliance with the duty of information contained in Article 10 of Law 34\/2002, of July 11, Services of the Information Society and Electronic Commerce, it is reported that this website, disfrutazanzibar.com, is under the ownership of Marketing e innovaci\u00f3n online, CC, S.L. (hereinafter Disfruta Zanzibar) with <strong>CIF\/NIF<\/strong>B42624429 and with <strong>fiscal domicile<\/strong> at Avenida Pa\u00eds Valenci\u00e1, 181, Benissa (Alicante).\n\nContact e-mail address:\n<a href=\"mailto:info@lafabricadelseo.com\">info@lafabricadelseo.com<\/a>\n<h5>2. USERS<\/h5>\nAccess and \/ or use of this portal Disfruta Zanzibar creator of the website attributes the condition of USER, who accepts, from such access and \/ or use, the General Conditions of Use reflected here. These Conditions shall apply regardless of the General Conditions of Contract that may be mandatory.\n<h5>3. USE OF THE PORTAL<\/h5>\nDisfruta Zanzibar provides access to a multitude of information, services, programs or data (hereinafter \"content\") on the Internet belonging to Disfruta Zanzibar creator of the website or its licensors to which the USER may have access. The USER assumes responsibility for the use of the portal. This responsibility extends to the registration that was necessary to access certain services or content.\nIn such registration the USER will be responsible for providing truthful and lawful information. As a consequence of this registration, the USER may be provided with a password for which he\/she will be responsible, undertaking to use it diligently and confidentially. The USER undertakes to make appropriate use of content and services (such as chat services, discussion forums or newsgroups) Disfruta Zanzibar offers through its website and by way of example but not limited to, not to use them to (i) engage in <a href=\"https:\/\/disfrutazanzibar.com\/en\/activities\/\">activities<\/a> illicit, illegal or contrary to good faith and public order; (ii) disseminate content or propaganda of a racist, xenophobic, pornographic-illegal, apology of terrorism or against human rights; (iii) cause damage to the physical and logical systems of Disfruta Zanzibar, its suppliers or third parties, introduce or spread computer viruses or any other physical or logical systems that are likely to cause the aforementioned damage; (iv) attempt to access and, where appropriate, use the email accounts of other users and modify or manipulate their messages. Disfruta Zanzibar reserves the right to remove any comments and contributions that violate the respect for the dignity of the person, which are discriminatory, xenophobic, racist, pornographic, that violate the youth or childhood, order or public safety or that, in his opinion, were not suitable for publication. In any case, Disfruta Zanzibar web will not be responsible for the opinions expressed by users through forums, chats, or other participation tools.\n<h5>4. DATA PROTECTION<\/h5>\nDisfruta Zanzibar complies with the guidelines of the Organic Law 15\/1999 of 13 December 1999. <a href=\"https:\/\/disfrutazanzibar.com\/en\/zanzibar-in-december\/\">December<\/a> Protection of Personal Data Protection Act, Royal Decree 1720\/2007 of 21 December 2007 approving the Regulation of development of the Organic Law and other regulations in force at all times, and ensures the correct use and processing of the user's personal data. To do this, along with each form of collection of personal data, in the services that the user may request Disfruta Zanzibar, will inform the user of the existence and acceptance of the specific conditions of the processing of their data in each case, informing the user of the responsibility of the file created, the address of the person responsible, the possibility of exercising their rights of access, rectification, cancellation or opposition, the purpose of processing and data communications to third parties where appropriate. Likewise, Disfruta Zanzibar informs that it complies with Law 34\/2002 of July 11, Services of the Information Society and Electronic Commerce and will request your consent to the processing of your email for commercial purposes at all times.\n<h5>5. INTELLECTUAL AND INDUSTRIAL PROPERTY<\/h5>\nDisfruta Zanzibar by itself or as an assignee, owns all intellectual and industrial property rights of its website, as well as the elements contained therein (not limited to, images, sound, audio, video, software or texts; trademarks or logos, color combinations, structure and design, selection of materials used, computer programs necessary for its operation, access and use, etc.), owned by Disfruta Zanzibar or its licensors. All rights reserved. Under the provisions of Articles 8 and 32.1, second paragraph, of the Intellectual Property Law, are expressly prohibited reproduction, distribution and public communication, including its mode of making available, all or part of the contents of this website, for commercial purposes, in any medium and by any technical means, without the authorization of Disfruta Zanzibar. The USER undertakes to respect the rights of intellectual property owned by Disfruta Zanzibar. You can view the elements of the portal and even print, copy and store them on the hard drive of your computer or any other hardware provided it is solely and exclusively for personal and private use. The USER must refrain from deleting, altering, evading or manipulating any protection device or security system that was installed on the pages of Disfruta Zanzibar.\n<h5>6. DISCLAIMER OF WARRANTIES AND LIABILITY<\/h5>\nDisfruta Zanzibar. is not responsible, in any case, for damages of any kind that may cause, but not limited to: errors or omissions in the content, lack of availability of the portal or transmission of viruses or malicious or harmful programs in the content, despite having taken all the necessary technological measures to prevent it.\n<h5>7. MODIFICATIONS<\/h5>\nDisfruta Zanzibar reserves the right to make unannounced changes it deems appropriate in its website, may change, delete or add content and services provided through the same as the way in which they are presented or located on its website.\n<h5>8. LINKS<\/h5>\nIn the event that the domain name contains links or hyperlinks to other Internet sites, Disfruta Zanzibar will not exercise any control over such sites and content. In no case Disfruta Zanzibar assume any responsibility for the contents of any link belonging to another website, nor guarantee the technical availability, quality, reliability, accuracy, comprehensiveness, accuracy, accuracy, validity and constitutionality of any material or information contained in any such hyperlinks or other Internet sites. Likewise, the inclusion of these external connections does not imply any type of association, merger or participation with the connected entities.\n<h5>9. RIGHT OF EXCLUSION<\/h5>\nDisfruta Zanzibar reserves the right to deny or withdraw access to the portal and \/ or services offered without notice, at instanciapropia or a third party, to those users who violate these General Conditions of Use.\n<h5>10.GENERAL<\/h5>\nDisfruta Zanzibar will pursue the breach of these conditions as well as any misuse of its website exercising all civil and criminal actions that may correspond by law.\n<h5>11.MODIFICATION OF THESE CONDITIONS AND DURATION<\/h5>\nDisfruta Zanzibar may modify at any time the conditions specified here, being duly published as they appear here. The validity of these conditions will depend on their exposure and will remain in force until they are modified by other duly published.\n<h5>12. APPLICABLE LAW AND JURISDICTION<\/h5>\nThe relationship between Disfruta Zanzibar and the USER shall be governed by Spanish law and any dispute shall be submitted to the Courts and Tribunals of the city of Alicante.\n\t\t\t\t\t\t<\/div>\n\t\t\t\t<\/div>\n\t\t\t\t\t<\/div>\n\t\t<\/div>\n\t\t\t\t\t<\/div>\n\t\t<\/section>\n\t\t\t\t<\/div>","protected":false},"excerpt":{"rendered":"<p>Aviso legal En cumplimiento del art\u00edculo 10 de la Ley 34\/2002, del 11 de julio, de servicios de la Sociedad de la Informaci\u00f3n y Comercio Electr\u00f3nico (LSSICE) se exponen a continuaci\u00f3n los datos identificativos de la empresa. 1. DATOS IDENTIFICATIVOS En cumplimiento con el deber de informaci\u00f3n recogido en art\u00edculo 10 de la Ley 34\/2002, &#8230; <a title=\"Legal Notice\" class=\"read-more\" href=\"https:\/\/disfrutazanzibar.com\/en\/legal-notice\/\" aria-label=\"More on Aviso Legal\">Read more<\/a><\/p>","protected":false},"author":1,"featured_media":0,"parent":0,"menu_order":0,"comment_status":"closed","ping_status":"closed","template":"elementor_header_footer","meta":{"footnotes":""},"class_list":["post-165","page","type-page","status-publish"],"_links":{"self":[{"href":"https:\/\/disfrutazanzibar.com\/en\/wp-json\/wp\/v2\/pages\/165","targetHints":{"allow":["GET"]}}],"collection":[{"href":"https:\/\/disfrutazanzibar.com\/en\/wp-json\/wp\/v2\/pages"}],"about":[{"href":"https:\/\/disfrutazanzibar.com\/en\/wp-json\/wp\/v2\/types\/page"}],"author":[{"embeddable":true,"href":"https:\/\/disfrutazanzibar.com\/en\/wp-json\/wp\/v2\/users\/1"}],"replies":[{"embeddable":true,"href":"https:\/\/disfrutazanzibar.com\/en\/wp-json\/wp\/v2\/comments?post=165"}],"version-history":[{"count":7,"href":"https:\/\/disfrutazanzibar.com\/en\/wp-json\/wp\/v2\/pages\/165\/revisions"}],"predecessor-version":[{"id":172,"href":"https:\/\/disfrutazanzibar.com\/en\/wp-json\/wp\/v2\/pages\/165\/revisions\/172"}],"wp:attachment":[{"href":"https:\/\/disfrutazanzibar.com\/en\/wp-json\/wp\/v2\/media?parent=165"}],"curies":[{"name":"wp","href":"https:\/\/api.w.org\/{rel}","templated":true}]}}