{"id":173,"date":"2022-10-21T09:55:00","date_gmt":"2022-10-21T07:55:00","guid":{"rendered":"https:\/\/disfrutazanzibar.com\/?page_id=173"},"modified":"2022-10-21T09:55:29","modified_gmt":"2022-10-21T07:55:29","slug":"politica-de-cookies","status":"publish","type":"page","link":"https:\/\/disfrutazanzibar.com\/en\/cookies-policy\/","title":{"rendered":"Cookies Policy"},"content":{"rendered":"<div data-elementor-type=\"wp-page\" data-elementor-id=\"173\" class=\"elementor elementor-173\">\n\t\t\t\t\t\t<section data-exad-particle-enable=\"false\" class=\"elementor-section elementor-top-section elementor-element elementor-element-8e7d614 elementor-section-boxed elementor-section-height-default elementor-section-height-default exad-parallax-effect-no exad-background-color-change-no exad-glass-effect-no exad-sticky-section-no\" data-id=\"8e7d614\" data-element_type=\"section\">\n\t\t\t\t\t\t<div class=\"elementor-container elementor-column-gap-default\">\n\t\t\t\t\t<div class=\"elementor-column elementor-col-100 elementor-top-column elementor-element elementor-element-baa1abd exad-glass-effect-no exad-sticky-section-no\" data-id=\"baa1abd\" data-element_type=\"column\">\n\t\t\t<div class=\"elementor-widget-wrap elementor-element-populated\">\n\t\t\t\t\t\t<div class=\"elementor-element elementor-element-907c157 exad-sticky-section-no exad-glass-effect-no elementor-widget elementor-widget-text-editor\" data-id=\"907c157\" data-element_type=\"widget\" data-widget_type=\"text-editor.default\">\n\t\t\t\t<div class=\"elementor-widget-container\">\n\t\t\t<style>\/*! elementor - v3.23.0 - 05-08-2024 *\/\n.elementor-widget-text-editor.elementor-drop-cap-view-stacked .elementor-drop-cap{background-color:#69727d;color:#fff}.elementor-widget-text-editor.elementor-drop-cap-view-framed .elementor-drop-cap{color:#69727d;border:3px solid;background-color:transparent}.elementor-widget-text-editor:not(.elementor-drop-cap-view-default) .elementor-drop-cap{margin-top:8px}.elementor-widget-text-editor:not(.elementor-drop-cap-view-default) .elementor-drop-cap-letter{width:1em;height:1em}.elementor-widget-text-editor .elementor-drop-cap{float:left;text-align:center;line-height:1;font-size:50px}.elementor-widget-text-editor .elementor-drop-cap-letter{display:inline-block}<\/style>\t\t\t\t<h2 style=\"text-align: left;\" align=\"center\"><strong>Cookies Policy<\/strong><\/h2><p style=\"text-align: left;\" align=\"center\"><br \/>On the web <a href=\"https:\/\/disfrutazanzibar.com\/en\/\">disfrutazanzibar.com<\/a> we use cookies to facilitate the relationship of visitors to our content and to enable us to compile statistics about the visitors we receive.<br \/>In compliance with Directive 2009\/136\/EC, developed in our legislation by the second paragraph of Article 22 of the Law on Information Society Services, following the guidelines of the Spanish Data Protection Agency, we proceed to inform you in detail of the use made of our website.<br \/>Cookies are small files that are recorded in the browser used by each visitor to our website so that the server can remember the visit of that user later when you return to access our content. This information does not reveal your identity or any personal data, or access to the content stored on your pc, but it does allow our system to identify you as a particular user who has visited the web previously, viewed certain pages, etc. and also allows us to save your personal preferences and technical information such as visits made or specific pages you visit.<br \/>The purpose of cookies is to provide the User with faster access to the selected Services.<br \/>If you do not want cookies to be stored in your browser or prefer to receive information each time a cookie requests to be installed, you can configure your navigation options to do so. Most browsers allow cookies to be managed in 3 different ways:<\/p><ul style=\"text-align: left;\" type=\"disc\"><li>Cookies are always rejected;<\/li><li>The browser asks if the user wants to install each cookie;<\/li><li>Cookies are always accepted;<\/li><\/ul><p style=\"text-align: left;\">Your browser may also include the ability to select in detail the cookies you want to be installed on your computer. Specifically, the user can normally accept one of the following options:<\/p><ul style=\"text-align: left;\" type=\"disc\"><li>refuse cookies from certain domains;<\/li><li>reject third party cookies;<\/li><li>accept cookies as non-persistent (they are deleted when the browser is closed);<\/li><li>allow the server to create cookies for a different domain.<\/li><\/ul><p style=\"text-align: left;\"><strong>To allow, know, block or delete cookies installed on your computer you can do so by configuring the browser options installed on your computer.<\/strong> <br \/>Information on how to configure the most commonly used browsers can be found at the following locations:<\/p><ul style=\"text-align: left;\" type=\"disc\"><li><strong>Internet Explorer<\/strong>Tools -&gt; Internet Options -&gt; Privacy -&gt; Settings. For more information, you can consult the\u00a0<a href=\"http:\/\/windows.microsoft.com\/es-ES\/windows\/support\" rel=\"nofollow noopener\" target=\"_blank\">Microsoft support<\/a>\u00a0or the browser Help.<\/li><li><strong>Firefox<\/strong>Tools -&gt; Options -&gt; Privacy -&gt; Privacy -&gt; History -&gt; Custom Settings. For more information, you can consult the\u00a0<a href=\"http:\/\/support.mozilla.org\/es\/home\" rel=\"nofollow noopener\" target=\"_blank\">Mozilla support<\/a>\u00a0or the browser Help.<\/li><li><strong>Chrome<\/strong>: Settings -&gt; Show advanced options -&gt; Privacy -&gt; Content settings. For more information, please refer to the\u00a0<a href=\"http:\/\/support.google.com\/chrome\/?hl=es\" rel=\"nofollow noopener\" target=\"_blank\">Google support<\/a>\u00a0or the browser Help.<\/li><li><strong><a href=\"https:\/\/disfrutazanzibar.com\/en\/activities\/safari\/\">Safari<\/a><\/strong>Preferences -&gt; Security. For more information, you can consult the\u00a0<a href=\"http:\/\/www.apple.com\/es\/support\/safari\/\" rel=\"nofollow noopener\" target=\"_blank\">Apple support<\/a>\u00a0or the browser Help.<\/li><\/ul><p style=\"text-align: left;\">Regarding third party cookies, i.e. those that are outside our website, we can not be responsible for the content and accuracy of the privacy policies they include so the information we offer is always with reference to the source.<br \/>Below, we inform you in detail of the cookies that can be installed from our website. Depending on your navigation, all or only some of them may be installed.<\/p><p style=\"text-align: left;\">\u00a0<\/p><p style=\"text-align: left;\">Cookie: <strong>__utma<\/strong><br \/><strong>Description: <\/strong>Identification of unique visitors: Used to record unique visitors for statistical and analytical purposes.<br \/><strong>Duration:<\/strong> 2 years<br \/><strong>Source:<\/strong> Google (Analytics)<\/p><p style=\"text-align: left;\">Cookie: <strong>__utmb<\/strong><br \/>Description: Used to determine new sessions or visits.<br \/>Duration: 30 minutes<br \/>Source: Google (Analytics)<\/p><p style=\"text-align: left;\">Cookie: <strong>__utmc<\/strong><br \/><strong>Description:<\/strong> It is not used in ga.js. It is set to interact with urchin.js. Previously, this cookie acted in conjunction with the __utmb cookie to determine if the user was in a new session or visit.<br \/><strong>Duration:<\/strong> It is used to limit the percentage of requests.<br \/><strong>Source: <\/strong>Google (Analytics)<\/p><p style=\"text-align: left;\">Cookie: <strong>__utmt<\/strong><br \/><strong>Description: <\/strong>It is used to limit the percentage of requests.<br \/><strong>Duration: <\/strong>10 minutes<br \/><strong>Source: <\/strong>Google (Analytics)<\/p><p style=\"text-align: left;\">Cookie: <strong>__utmv<\/strong><br \/><strong>Description: <\/strong>Logging of traffic and navigation sources: Used to record how you arrived at our Web site (by a Google search, advertisement, etc.) and the paths you take while browsing our site. We use this information to improve the user experience in future updates.<br \/><strong>Duration: <\/strong>6 months<br \/><strong>Source: <\/strong>Google (Analytics)<\/p><p style=\"text-align: left;\">Cookie: <strong>__ga<\/strong><br \/><strong>Description: <\/strong>It is used to distinguish users.<br \/><strong>Duration: <\/strong>2 years<br \/><strong>Source: <\/strong>Google (Analytics)<\/p><p style=\"text-align: left;\">Cookie: <strong>__gat<\/strong><br \/><strong>Description: <\/strong>It is used to limit the percentage of requests.<br \/><strong>Duration: <\/strong>10 minutes<br \/><strong>Source: <\/strong>Google (Analytics)<\/p><p style=\"text-align: left;\">Cookie: <strong>__gid<\/strong><br \/><strong>Description: <\/strong>It is used to distinguish users.<br \/><strong>Duration: <\/strong>1 day<br \/><strong>Source: <\/strong>Google (Analytics)<\/p><p style=\"text-align: left;\">Cookie: <strong>_fbp<\/strong><br \/><strong>Description: <\/strong>It is used to distinguish users.<br \/><strong>Duration: <\/strong>3 months<br \/><strong>Source: <\/strong>Facebook<\/p><p style=\"text-align: left;\">Cookie: <strong>moove_gdpr_popup<\/strong><br \/><strong>Description: <\/strong>Visitor registration session: Used to record your session and your choices regarding the cookie policy and remember you on future visits.<br \/><strong>Duration: <\/strong>1 year<br \/><strong>Source: <\/strong> disfrutazanzibar.com<\/p><p style=\"text-align: left;\">\u00a0<\/p><p style=\"text-align: left;\">This Cookies Policy may be modified according to legislative or regulatory requirements, or in order to adapt this policy to the instructions issued by the Spanish Data Protection Agency, so Users are advised to visit it periodically.<br \/>When significant changes are made to this Cookie Policy, they will be communicated to Users either through the website or via email to registered Users.<\/p>\t\t\t\t\t\t<\/div>\n\t\t\t\t<\/div>\n\t\t\t\t\t<\/div>\n\t\t<\/div>\n\t\t\t\t\t<\/div>\n\t\t<\/section>\n\t\t\t\t<\/div>","protected":false},"excerpt":{"rendered":"<p>Pol\u00edtica de Cookies En la web disfrutazanzibar.com utilizamos cookies para facilitar la relaci\u00f3n de los visitantes con nuestro contenido y para permitir elaborar estad\u00edsticas sobre las visitantes que recibimos.En cumplimiento de la Directiva 2009\/136\/CE, desarrollada en nuestro ordenamiento por el apartado segundo del art\u00edculo 22 de la Ley de Servicios de Sociedad de la Informaci\u00f3n, &#8230; <a title=\"Cookies Policy\" class=\"read-more\" href=\"https:\/\/disfrutazanzibar.com\/en\/cookies-policy\/\" aria-label=\"More on Pol\u00edtica de Cookies\">Read more<\/a><\/p>","protected":false},"author":1,"featured_media":0,"parent":0,"menu_order":0,"comment_status":"closed","ping_status":"closed","template":"elementor_header_footer","meta":{"footnotes":""},"class_list":["post-173","page","type-page","status-publish"],"_links":{"self":[{"href":"https:\/\/disfrutazanzibar.com\/en\/wp-json\/wp\/v2\/pages\/173","targetHints":{"allow":["GET"]}}],"collection":[{"href":"https:\/\/disfrutazanzibar.com\/en\/wp-json\/wp\/v2\/pages"}],"about":[{"href":"https:\/\/disfrutazanzibar.com\/en\/wp-json\/wp\/v2\/types\/page"}],"author":[{"embeddable":true,"href":"https:\/\/disfrutazanzibar.com\/en\/wp-json\/wp\/v2\/users\/1"}],"replies":[{"embeddable":true,"href":"https:\/\/disfrutazanzibar.com\/en\/wp-json\/wp\/v2\/comments?post=173"}],"version-history":[{"count":4,"href":"https:\/\/disfrutazanzibar.com\/en\/wp-json\/wp\/v2\/pages\/173\/revisions"}],"predecessor-version":[{"id":177,"href":"https:\/\/disfrutazanzibar.com\/en\/wp-json\/wp\/v2\/pages\/173\/revisions\/177"}],"wp:attachment":[{"href":"https:\/\/disfrutazanzibar.com\/en\/wp-json\/wp\/v2\/media?parent=173"}],"curies":[{"name":"wp","href":"https:\/\/api.w.org\/{rel}","templated":true}]}}