{"id":155,"date":"2022-10-21T09:40:13","date_gmt":"2022-10-21T07:40:13","guid":{"rendered":"https:\/\/disfrutazanzibar.com\/?page_id=155"},"modified":"2022-10-21T09:51:39","modified_gmt":"2022-10-21T07:51:39","slug":"politica-de-privacidad","status":"publish","type":"page","link":"https:\/\/disfrutazanzibar.com\/fr\/politique-de-confidentialite\/","title":{"rendered":"Politique de confidentialit\u00e9"},"content":{"rendered":"<div data-elementor-type=\"wp-page\" data-elementor-id=\"155\" class=\"elementor elementor-155\">\n\t\t\t\t\t\t<section data-exad-particle-enable=\"false\" class=\"elementor-section elementor-top-section elementor-element elementor-element-e22a2f8 elementor-section-boxed elementor-section-height-default elementor-section-height-default exad-parallax-effect-no exad-background-color-change-no exad-glass-effect-no exad-sticky-section-no\" data-id=\"e22a2f8\" data-element_type=\"section\">\n\t\t\t\t\t\t<div class=\"elementor-container elementor-column-gap-default\">\n\t\t\t\t\t<div class=\"elementor-column elementor-col-100 elementor-top-column elementor-element elementor-element-9863505 exad-glass-effect-no exad-sticky-section-no\" data-id=\"9863505\" data-element_type=\"column\">\n\t\t\t<div class=\"elementor-widget-wrap elementor-element-populated\">\n\t\t\t\t\t\t<div class=\"elementor-element elementor-element-864355a exad-sticky-section-no exad-glass-effect-no elementor-widget elementor-widget-text-editor\" data-id=\"864355a\" data-element_type=\"widget\" data-widget_type=\"text-editor.default\">\n\t\t\t\t<div class=\"elementor-widget-container\">\n\t\t\t<style>\/*! elementor - v3.23.0 - 05-08-2024 *\/\n.elementor-widget-text-editor.elementor-drop-cap-view-stacked .elementor-drop-cap{background-color:#69727d;color:#fff}.elementor-widget-text-editor.elementor-drop-cap-view-framed .elementor-drop-cap{color:#69727d;border:3px solid;background-color:transparent}.elementor-widget-text-editor:not(.elementor-drop-cap-view-default) .elementor-drop-cap{margin-top:8px}.elementor-widget-text-editor:not(.elementor-drop-cap-view-default) .elementor-drop-cap-letter{width:1em;height:1em}.elementor-widget-text-editor .elementor-drop-cap{float:left;text-align:center;line-height:1;font-size:50px}.elementor-widget-text-editor .elementor-drop-cap-letter{display:inline-block}<\/style>\t\t\t\t<h3>PROTECTION DES DONN\u00c9ES<\/h3><h5>1. la politique de protection de la vie priv\u00e9e<\/h5><p>Disfruta Zanzibar informe les utilisateurs du site web de sa politique en mati\u00e8re de traitement et de protection des donn\u00e9es personnelles des utilisateurs et des clients qui peuvent \u00eatre recueillies en naviguant ou en contractant des services \u00e0 travers son site web. En ce sens, Disfruta Zanzibar garantit le respect de la l\u00e9gislation en vigueur en mati\u00e8re de protection des donn\u00e9es personnelles, refl\u00e9t\u00e9e dans la loi organique 15\/1999 du 13 d\u00e9cembre 1999. <a href=\"https:\/\/disfrutazanzibar.com\/fr\/zanzibar-en-decembre\/\">D\u00e9cembre<\/a>La loi sur la protection des donn\u00e9es personnelles (LOPD) et le d\u00e9cret royal 1720\/2007, du 21 d\u00e9cembre, approuvant le r\u00e8glement pour le d\u00e9veloppement de la LOPD.<br \/>L'utilisation de ce site web implique l'acceptation de cette politique de confidentialit\u00e9.<\/p><h5>2. la collecte, la finalit\u00e9 et le traitement des donn\u00e9es<\/h5><p>Disfruta Zanzibar a le devoir d'informer les utilisateurs de son site web de la collecte de donn\u00e9es personnelles qui peut \u00eatre effectu\u00e9e, soit par l'envoi de courriers \u00e9lectroniques, soit en remplissant les formulaires inclus dans le site web. En ce sens, Disfruta Zanzibar sera consid\u00e9r\u00e9e comme responsable des donn\u00e9es collect\u00e9es par les moyens d\u00e9crits ci-dessus.<br \/>De son c\u00f4t\u00e9, Disfruta Zanzibar informe les utilisateurs que le traitement des donn\u00e9es collect\u00e9es a pour finalit\u00e9, entre autres, de r\u00e9pondre aux demandes des utilisateurs, de les inclure dans l'agenda de contact, de fournir des services et de g\u00e9rer la relation commerciale : L'attention aux demandes faites par les utilisateurs, l'inclusion dans l'agenda de contact, la fourniture de services et la gestion de la relation commerciale.<br \/>Les op\u00e9rations, la gestion et les proc\u00e9dures techniques r\u00e9alis\u00e9es de mani\u00e8re automatis\u00e9e ou non et qui permettent la collecte, le stockage, la modification, le transfert et d'autres actions sur les donn\u00e9es personnelles, sont consid\u00e9r\u00e9es comme un traitement de donn\u00e9es personnelles. Toutes les donn\u00e9es personnelles collect\u00e9es \u00e0 travers le site web de Disfruta Zanzibar, et donc consid\u00e9r\u00e9es comme un traitement de donn\u00e9es personnelles, seront incluses dans les fichiers d\u00e9clar\u00e9s \u00e0 l'Agence Espagnole de Protection des Donn\u00e9es par Disfruta Zanzibar.<\/p><h5>3. Communication d'informations \u00e0 des tiers<\/h5><p>Disfruta Zanzibar informe les utilisateurs que leurs donn\u00e9es personnelles ne seront pas transf\u00e9r\u00e9es \u00e0 des organisations tierces, sauf si ce transfert de donn\u00e9es est couvert par une obligation l\u00e9gale ou si la prestation d'un service implique la n\u00e9cessit\u00e9 d'une relation contractuelle avec un responsable du traitement des donn\u00e9es. Dans ce dernier cas, le transfert de donn\u00e9es \u00e0 un tiers ne sera effectu\u00e9 que lorsque Disfruta Zanzibar aura obtenu le consentement expr\u00e8s de l'utilisateur.<\/p><h5>4. Droits de l'utilisateur<\/h5><p>La loi organique 15\/1999 du 13 d\u00e9cembre 1999 sur la protection des donn\u00e9es \u00e0 caract\u00e8re personnel accorde aux int\u00e9ress\u00e9s la possibilit\u00e9 d'exercer une s\u00e9rie de droits li\u00e9s au traitement de leurs donn\u00e9es personnelles. Dans la mesure o\u00f9 les donn\u00e9es de l'utilisateur sont trait\u00e9es par Disfruta Zanzibar. Les utilisateurs peuvent exercer leurs droits d'acc\u00e8s, de rectification, d'annulation et d'opposition conform\u00e9ment aux dispositions de la r\u00e9glementation l\u00e9gale en vigueur en mati\u00e8re de protection des donn\u00e9es \u00e0 caract\u00e8re personnel.<br \/>Pour exercer ces droits, l'utilisateur doit envoyer une communication \u00e9crite, en fournissant une preuve d'identit\u00e9 (carte d'identit\u00e9 ou passeport), \u00e0 l'adresse suivante : Disfruta Zanzibar, Avenida Pa\u00eds Valenci\u00e1, 181, Benissa (Alicante) ou \u00e0 l'adresse qui lui est substitu\u00e9e dans le Registre g\u00e9n\u00e9ral de protection des donn\u00e9es. Cette communication doit contenir les informations suivantes : nom et pr\u00e9nom de l'utilisateur, la demande, l'adresse et les donn\u00e9es justificatives.<br \/>L'exercice des droits doit \u00eatre effectu\u00e9 par l'utilisateur lui-m\u00eame. Toutefois, il peut \u00eatre exerc\u00e9 par une personne autoris\u00e9e en tant que repr\u00e9sentant l\u00e9gal de la personne autoris\u00e9e. Dans ce cas, une documentation doit \u00eatre fournie pour accr\u00e9diter cette repr\u00e9sentation de l'int\u00e9ress\u00e9.<\/p>\t\t\t\t\t\t<\/div>\n\t\t\t\t<\/div>\n\t\t\t\t\t<\/div>\n\t\t<\/div>\n\t\t\t\t\t<\/div>\n\t\t<\/section>\n\t\t\t\t<\/div>","protected":false},"excerpt":{"rendered":"<p>PROTECCI\u00d3N DE DATOS 1. Pol\u00edtica de privacidad Disfruta Zanz\u00edbar informa a los usuarios del sitio web sobre su pol\u00edtica respecto del tratamiento y protecci\u00f3n de los datos de car\u00e1cter personal de los usuarios y clientes que puedan ser recabados por la navegaci\u00f3n o contrataci\u00f3n de servicios a trav\u00e9s de su sitio web. En este sentido, &#8230; <a title=\"Politique de confidentialit\u00e9\" class=\"read-more\" href=\"https:\/\/disfrutazanzibar.com\/fr\/politique-de-confidentialite\/\" aria-label=\"Plus sur Pol\u00edtica de Privacidad\">Lire plus<\/a><\/p>","protected":false},"author":1,"featured_media":0,"parent":0,"menu_order":0,"comment_status":"closed","ping_status":"closed","template":"elementor_header_footer","meta":{"footnotes":""},"class_list":["post-155","page","type-page","status-publish"],"_links":{"self":[{"href":"https:\/\/disfrutazanzibar.com\/fr\/wp-json\/wp\/v2\/pages\/155","targetHints":{"allow":["GET"]}}],"collection":[{"href":"https:\/\/disfrutazanzibar.com\/fr\/wp-json\/wp\/v2\/pages"}],"about":[{"href":"https:\/\/disfrutazanzibar.com\/fr\/wp-json\/wp\/v2\/types\/page"}],"author":[{"embeddable":true,"href":"https:\/\/disfrutazanzibar.com\/fr\/wp-json\/wp\/v2\/users\/1"}],"replies":[{"embeddable":true,"href":"https:\/\/disfrutazanzibar.com\/fr\/wp-json\/wp\/v2\/comments?post=155"}],"version-history":[{"count":7,"href":"https:\/\/disfrutazanzibar.com\/fr\/wp-json\/wp\/v2\/pages\/155\/revisions"}],"predecessor-version":[{"id":164,"href":"https:\/\/disfrutazanzibar.com\/fr\/wp-json\/wp\/v2\/pages\/155\/revisions\/164"}],"wp:attachment":[{"href":"https:\/\/disfrutazanzibar.com\/fr\/wp-json\/wp\/v2\/media?parent=155"}],"curies":[{"name":"wp","href":"https:\/\/api.w.org\/{rel}","templated":true}]}}