{"id":1585,"date":"2023-05-18T10:31:32","date_gmt":"2023-05-18T08:31:32","guid":{"rendered":"https:\/\/disfrutazanzibar.com\/?page_id=1585"},"modified":"2024-08-26T13:11:00","modified_gmt":"2024-08-26T11:11:00","slug":"madrid-zanzibar","status":"publish","type":"page","link":"https:\/\/disfrutazanzibar.com\/fr\/distance\/madrid-zanzibar\/","title":{"rendered":"Madrid - Zanzibar"},"content":{"rendered":"<div data-elementor-type=\"wp-page\" data-elementor-id=\"1585\" class=\"elementor elementor-1585\">\n\t\t\t\t\t\t<section data-exad-particle-enable=\"false\" class=\"elementor-section elementor-top-section elementor-element elementor-element-7990810a elementor-section-height-min-height elementor-section-full_width elementor-section-height-default elementor-section-items-middle exad-parallax-effect-no exad-background-color-change-no exad-glass-effect-no exad-sticky-section-no\" data-id=\"7990810a\" data-element_type=\"section\" data-settings=\"{&quot;background_background&quot;:&quot;classic&quot;}\">\n\t\t\t\t\t\t<div class=\"elementor-container elementor-column-gap-default\">\n\t\t\t\t\t<div class=\"elementor-column elementor-col-100 elementor-top-column elementor-element elementor-element-6d53cfb0 exad-glass-effect-no exad-sticky-section-no\" data-id=\"6d53cfb0\" data-element_type=\"column\">\n\t\t\t<div class=\"elementor-widget-wrap elementor-element-populated\">\n\t\t\t\t\t\t<div class=\"elementor-element elementor-element-73e1f169 exad-sticky-section-no exad-glass-effect-no elementor-widget elementor-widget-heading\" data-id=\"73e1f169\" data-element_type=\"widget\" data-widget_type=\"heading.default\">\n\t\t\t\t<div class=\"elementor-widget-container\">\n\t\t\t<style>\/*! elementor - v3.23.0 - 05-08-2024 *\/\n.elementor-heading-title{padding:0;margin:0;line-height:1}.elementor-widget-heading .elementor-heading-title[class*=elementor-size-]>a{color:inherit;font-size:inherit;line-height:inherit}.elementor-widget-heading .elementor-heading-title.elementor-size-small{font-size:15px}.elementor-widget-heading .elementor-heading-title.elementor-size-medium{font-size:19px}.elementor-widget-heading .elementor-heading-title.elementor-size-large{font-size:29px}.elementor-widget-heading .elementor-heading-title.elementor-size-xl{font-size:39px}.elementor-widget-heading .elementor-heading-title.elementor-size-xxl{font-size:59px}<\/style><p class=\"elementor-heading-title elementor-size-default\">Distance Madrid - Zanzibar<\/p>\t\t<\/div>\n\t\t\t\t<\/div>\n\t\t\t\t<div class=\"elementor-element elementor-element-62b1e0e6 exad-sticky-section-no exad-glass-effect-no elementor-widget elementor-widget-text-editor\" data-id=\"62b1e0e6\" data-element_type=\"widget\" data-widget_type=\"text-editor.default\">\n\t\t\t\t<div class=\"elementor-widget-container\">\n\t\t\t<style>\/*! elementor - v3.23.0 - 05-08-2024 *\/\n.elementor-widget-text-editor.elementor-drop-cap-view-stacked .elementor-drop-cap{background-color:#69727d;color:#fff}.elementor-widget-text-editor.elementor-drop-cap-view-framed .elementor-drop-cap{color:#69727d;border:3px solid;background-color:transparent}.elementor-widget-text-editor:not(.elementor-drop-cap-view-default) .elementor-drop-cap{margin-top:8px}.elementor-widget-text-editor:not(.elementor-drop-cap-view-default) .elementor-drop-cap-letter{width:1em;height:1em}.elementor-widget-text-editor .elementor-drop-cap{float:left;text-align:center;line-height:1;font-size:50px}.elementor-widget-text-editor .elementor-drop-cap-letter{display:inline-block}<\/style>\t\t\t\t<p style=\"text-align: center;\"><nav aria-label=\"chapelure\" class=\"rank-math-breadcrumb\"><p><span class=\"last\">Accueil<\/span><\/p><\/nav><\/p>\t\t\t\t\t\t<\/div>\n\t\t\t\t<\/div>\n\t\t\t\t\t<\/div>\n\t\t<\/div>\n\t\t\t\t\t<\/div>\n\t\t<\/section>\n\t\t\t\t<section data-exad-particle-enable=\"false\" class=\"elementor-section elementor-top-section elementor-element elementor-element-4d4f3e8c elementor-section-boxed elementor-section-height-default elementor-section-height-default exad-parallax-effect-no exad-background-color-change-no exad-glass-effect-no exad-sticky-section-no\" data-id=\"4d4f3e8c\" data-element_type=\"section\">\n\t\t\t\t\t\t<div class=\"elementor-container elementor-column-gap-default\">\n\t\t\t\t\t<div class=\"elementor-column elementor-col-100 elementor-top-column elementor-element elementor-element-4d9b9afe exad-glass-effect-no exad-sticky-section-no\" data-id=\"4d9b9afe\" data-element_type=\"column\">\n\t\t\t<div class=\"elementor-widget-wrap elementor-element-populated\">\n\t\t\t\t\t\t<div class=\"elementor-element elementor-element-12a97689 exad-sticky-section-no exad-glass-effect-no elementor-widget elementor-widget-text-editor\" data-id=\"12a97689\" data-element_type=\"widget\" data-widget_type=\"text-editor.default\">\n\t\t\t\t<div class=\"elementor-widget-container\">\n\t\t\t\t\t\t\t<p>La distance entre Madrid, la capitale anim\u00e9e de l'Espagne, et Zanzibar, l'\u00eele paradisiaque de l'oc\u00e9an Indien, est d'environ 6 775 kilom\u00e8tres.<\/p><p>Le moyen le plus courant pour se rendre de Madrid \u00e0 Zanzibar est le vol. La dur\u00e9e moyenne d'un vol direct de Madrid \u00e0 Zanzibar est d'environ 9 heures. Cependant, veuillez noter que les temps de vol peuvent varier en fonction de la compagnie a\u00e9rienne choisie, des escales et des conditions m\u00e9t\u00e9orologiques.<\/p><p>Plusieurs compagnies a\u00e9riennes proposent des vols r\u00e9guliers de Madrid \u00e0 Zanzibar, comme Emirates, Turkish Airlines, KLM, entre autres. Nous vous recommandons de comparer les prix et les horaires pour trouver l'option la plus adapt\u00e9e \u00e0 vos besoins.<\/p><p>Il est important de noter qu'en raison du d\u00e9calage horaire entre Madrid et Zanzibar, vous devrez ajuster votre montre \u00e0 votre arriv\u00e9e sur l'\u00eele. Zanzibar se trouve dans le fuseau horaire GMT+3, tandis que Madrid se trouve dans le fuseau horaire GMT+2 (pendant l'heure normale europ\u00e9enne).<\/p><p>N'oubliez pas non plus de v\u00e9rifier les exigences en mati\u00e8re de visa et les documents n\u00e9cessaires pour entrer \u00e0 Zanzibar, ainsi que les mesures sanitaires ou les restrictions de voyage \u00e9ventuellement en vigueur.<\/p><p>Nous esp\u00e9rons que ces informations vous seront utiles pour planifier votre voyage de Madrid \u00e0 Zanzibar et profiter de toutes les merveilles que cette \u00eele \u00e9tonnante a \u00e0 offrir !<\/p>\t\t\t\t\t\t<\/div>\n\t\t\t\t<\/div>\n\t\t\t\t\t<\/div>\n\t\t<\/div>\n\t\t\t\t\t<\/div>\n\t\t<\/section>\n\t\t\t\t<section data-exad-particle-enable=\"false\" class=\"elementor-section elementor-top-section elementor-element elementor-element-fffeaec elementor-section-boxed elementor-section-height-default elementor-section-height-default exad-parallax-effect-no exad-background-color-change-no exad-glass-effect-no exad-sticky-section-no\" data-id=\"fffeaec\" data-element_type=\"section\">\n\t\t\t\t\t\t<div class=\"elementor-container elementor-column-gap-default\">\n\t\t\t\t\t<div class=\"elementor-column elementor-col-100 elementor-top-column elementor-element elementor-element-8f12391 exad-glass-effect-no exad-sticky-section-no\" data-id=\"8f12391\" data-element_type=\"column\">\n\t\t\t<div class=\"elementor-widget-wrap elementor-element-populated\">\n\t\t\t\t\t\t<div class=\"elementor-element elementor-element-e9015ab exad-sticky-section-no exad-glass-effect-no elementor-widget elementor-widget-html\" data-id=\"e9015ab\" data-element_type=\"widget\" data-widget_type=\"html.default\">\n\t\t\t\t<div class=\"elementor-widget-container\">\n\t\t\t<iframe src=\"https:\/\/www.google.com\/maps\/embed?pb=!1m28!1m12!1m3!1d31021267.756185733!2d-3.904606390512835!3d18.357507746158845!2m3!1f0!2f0!3f0!3m2!1i1024!2i768!4f13.1!4m13!3e0!4m5!1s0xd422997800a3c81%3A0xc436dec1618c2269!2sMadrid!3m2!1d40.4167754!2d-3.7037902!4m5!1s0x185d29602a2909e5%3A0xa035af4aad9b7d5f!2sZanz%C3%ADbar%2C%20Tanzania!3m2!1d-6.1357295!2d39.3621196!5e0!3m2!1ses-419!2ses!4v1684399684244!5m2!1ses-419!2ses\" width=\"600\" height=\"450\" style=\"border:0;\" allowfullscreen=\"\" loading=\"lazy\" referrerpolicy=\"no-referrer-when-downgrade\"><\/iframe>\t\t<\/div>\n\t\t\t\t<\/div>\n\t\t\t\t\t<\/div>\n\t\t<\/div>\n\t\t\t\t\t<\/div>\n\t\t<\/section>\n\t\t\t\t<\/div>","protected":false},"excerpt":{"rendered":"<p>Distancia Madrid &#8211; Zanzibar La distancia entre Madrid, la animada capital de Espa\u00f1a, y Zanz\u00edbar, la paradis\u00edaca isla en el oc\u00e9ano \u00cdndico, es de aproximadamente 6,775 kil\u00f3metros. La forma m\u00e1s com\u00fan de llegar desde Madrid hasta Zanz\u00edbar es a trav\u00e9s de un vuelo. La duraci\u00f3n promedio de un vuelo directo desde Madrid a Zanz\u00edbar es &#8230; <a title=\"Madrid &#8211; Zanzibar\" class=\"read-more\" href=\"https:\/\/disfrutazanzibar.com\/fr\/distance\/madrid-zanzibar\/\" aria-label=\"Plus sur Madrid &#8211; Zanzibar\">Lire plus<\/a><\/p>","protected":false},"author":1,"featured_media":0,"parent":1583,"menu_order":0,"comment_status":"closed","ping_status":"closed","template":"","meta":{"footnotes":""},"class_list":["post-1585","page","type-page","status-publish"],"_links":{"self":[{"href":"https:\/\/disfrutazanzibar.com\/fr\/wp-json\/wp\/v2\/pages\/1585","targetHints":{"allow":["GET"]}}],"collection":[{"href":"https:\/\/disfrutazanzibar.com\/fr\/wp-json\/wp\/v2\/pages"}],"about":[{"href":"https:\/\/disfrutazanzibar.com\/fr\/wp-json\/wp\/v2\/types\/page"}],"author":[{"embeddable":true,"href":"https:\/\/disfrutazanzibar.com\/fr\/wp-json\/wp\/v2\/users\/1"}],"replies":[{"embeddable":true,"href":"https:\/\/disfrutazanzibar.com\/fr\/wp-json\/wp\/v2\/comments?post=1585"}],"version-history":[{"count":8,"href":"https:\/\/disfrutazanzibar.com\/fr\/wp-json\/wp\/v2\/pages\/1585\/revisions"}],"predecessor-version":[{"id":2584,"href":"https:\/\/disfrutazanzibar.com\/fr\/wp-json\/wp\/v2\/pages\/1585\/revisions\/2584"}],"up":[{"embeddable":true,"href":"https:\/\/disfrutazanzibar.com\/fr\/wp-json\/wp\/v2\/pages\/1583"}],"wp:attachment":[{"href":"https:\/\/disfrutazanzibar.com\/fr\/wp-json\/wp\/v2\/media?parent=1585"}],"curies":[{"name":"wp","href":"https:\/\/api.w.org\/{rel}","templated":true}]}}