{"id":1591,"date":"2023-05-18T10:53:37","date_gmt":"2023-05-18T08:53:37","guid":{"rendered":"https:\/\/disfrutazanzibar.com\/?page_id=1591"},"modified":"2024-08-26T13:04:36","modified_gmt":"2024-08-26T11:04:36","slug":"bagamoyo-zanzibar","status":"publish","type":"page","link":"https:\/\/disfrutazanzibar.com\/fr\/distance\/bagamoyo-zanzibar\/","title":{"rendered":"Distance Bagamoyo - Zanzibar"},"content":{"rendered":"<div data-elementor-type=\"wp-page\" data-elementor-id=\"1591\" class=\"elementor elementor-1591\">\n\t\t\t\t\t\t<section data-exad-particle-enable=\"false\" class=\"elementor-section elementor-top-section elementor-element elementor-element-7990810a elementor-section-height-min-height elementor-section-full_width elementor-section-height-default elementor-section-items-middle exad-parallax-effect-no exad-background-color-change-no exad-glass-effect-no exad-sticky-section-no\" data-id=\"7990810a\" data-element_type=\"section\" data-settings=\"{&quot;background_background&quot;:&quot;classic&quot;}\">\n\t\t\t\t\t\t<div class=\"elementor-container elementor-column-gap-default\">\n\t\t\t\t\t<div class=\"elementor-column elementor-col-100 elementor-top-column elementor-element elementor-element-6d53cfb0 exad-glass-effect-no exad-sticky-section-no\" data-id=\"6d53cfb0\" data-element_type=\"column\">\n\t\t\t<div class=\"elementor-widget-wrap elementor-element-populated\">\n\t\t\t\t\t\t<div class=\"elementor-element elementor-element-73e1f169 exad-sticky-section-no exad-glass-effect-no elementor-widget elementor-widget-heading\" data-id=\"73e1f169\" data-element_type=\"widget\" data-widget_type=\"heading.default\">\n\t\t\t\t<div class=\"elementor-widget-container\">\n\t\t\t<style>\/*! elementor - v3.23.0 - 05-08-2024 *\/\n.elementor-heading-title{padding:0;margin:0;line-height:1}.elementor-widget-heading .elementor-heading-title[class*=elementor-size-]>a{color:inherit;font-size:inherit;line-height:inherit}.elementor-widget-heading .elementor-heading-title.elementor-size-small{font-size:15px}.elementor-widget-heading .elementor-heading-title.elementor-size-medium{font-size:19px}.elementor-widget-heading .elementor-heading-title.elementor-size-large{font-size:29px}.elementor-widget-heading .elementor-heading-title.elementor-size-xl{font-size:39px}.elementor-widget-heading .elementor-heading-title.elementor-size-xxl{font-size:59px}<\/style><p class=\"elementor-heading-title elementor-size-default\">Distance Bagamoyo- Zanzibar<\/p>\t\t<\/div>\n\t\t\t\t<\/div>\n\t\t\t\t<div class=\"elementor-element elementor-element-62b1e0e6 exad-sticky-section-no exad-glass-effect-no elementor-widget elementor-widget-text-editor\" data-id=\"62b1e0e6\" data-element_type=\"widget\" data-widget_type=\"text-editor.default\">\n\t\t\t\t<div class=\"elementor-widget-container\">\n\t\t\t<style>\/*! elementor - v3.23.0 - 05-08-2024 *\/\n.elementor-widget-text-editor.elementor-drop-cap-view-stacked .elementor-drop-cap{background-color:#69727d;color:#fff}.elementor-widget-text-editor.elementor-drop-cap-view-framed .elementor-drop-cap{color:#69727d;border:3px solid;background-color:transparent}.elementor-widget-text-editor:not(.elementor-drop-cap-view-default) .elementor-drop-cap{margin-top:8px}.elementor-widget-text-editor:not(.elementor-drop-cap-view-default) .elementor-drop-cap-letter{width:1em;height:1em}.elementor-widget-text-editor .elementor-drop-cap{float:left;text-align:center;line-height:1;font-size:50px}.elementor-widget-text-editor .elementor-drop-cap-letter{display:inline-block}<\/style>\t\t\t\t<p style=\"text-align: center;\"><nav aria-label=\"chapelure\" class=\"rank-math-breadcrumb\"><p><span class=\"last\">Accueil<\/span><\/p><\/nav><\/p>\t\t\t\t\t\t<\/div>\n\t\t\t\t<\/div>\n\t\t\t\t\t<\/div>\n\t\t<\/div>\n\t\t\t\t\t<\/div>\n\t\t<\/section>\n\t\t\t\t<section data-exad-particle-enable=\"false\" class=\"elementor-section elementor-top-section elementor-element elementor-element-4d4f3e8c elementor-section-boxed elementor-section-height-default elementor-section-height-default exad-parallax-effect-no exad-background-color-change-no exad-glass-effect-no exad-sticky-section-no\" data-id=\"4d4f3e8c\" data-element_type=\"section\">\n\t\t\t\t\t\t<div class=\"elementor-container elementor-column-gap-default\">\n\t\t\t\t\t<div class=\"elementor-column elementor-col-100 elementor-top-column elementor-element elementor-element-4d9b9afe exad-glass-effect-no exad-sticky-section-no\" data-id=\"4d9b9afe\" data-element_type=\"column\">\n\t\t\t<div class=\"elementor-widget-wrap elementor-element-populated\">\n\t\t\t\t\t\t<div class=\"elementor-element elementor-element-12a97689 exad-sticky-section-no exad-glass-effect-no elementor-widget elementor-widget-text-editor\" data-id=\"12a97689\" data-element_type=\"widget\" data-widget_type=\"text-editor.default\">\n\t\t\t\t<div class=\"elementor-widget-container\">\n\t\t\t\t\t\t\t<p>La distance entre Bagamoyo et Zanzibar est d'environ 75 kilom\u00e8tres. Bagamoyo, ville c\u00f4ti\u00e8re historique de Tanzanie, est situ\u00e9e sur le continent, tandis que Zanzibar est une \u00eele magnifique de l'oc\u00e9an Indien.<\/p><p>Pour aller de Bagamoyo \u00e0 Zanzibar, une option populaire est de prendre un ferry. Le trajet en ferry de Bagamoyo \u00e0 Zanzibar dure en moyenne 2 heures, en fonction de l'\u00e9tat de la mer et de la compagnie de ferry choisie. Pendant le trajet en ferry, vous pourrez profiter de vues panoramiques sur l'oc\u00e9an et peut-\u00eatre apercevoir des dauphins jouant dans les eaux.<\/p><p>Il est conseill\u00e9 de v\u00e9rifier les horaires et la disponibilit\u00e9 des ferries avant de planifier votre voyage, car ils peuvent varier en fonction de la saison et de la demande. De plus, assurez-vous d'avoir les documents requis pour voyager entre Bagamoyo et Zanzibar, tels qu'un passeport ou d'autres documents d'identit\u00e9 valides.<\/p><p>Veuillez noter qu'il existe \u00e9galement des options de vols int\u00e9rieurs de Bagamoyo \u00e0 Zanzibar, ce qui peut r\u00e9duire consid\u00e9rablement la dur\u00e9e du voyage. Si vous pr\u00e9f\u00e9rez un voyage plus rapide, nous vous sugg\u00e9rons de rechercher les compagnies a\u00e9riennes locales op\u00e9rant dans la r\u00e9gion et de comparer les prix et les horaires.<\/p><p>Que vous choisissiez le ferry ou un vol int\u00e9rieur, les deux offrent des options pratiques pour explorer la beaut\u00e9 de Zanzibar depuis la ville voisine de Bagamoyo. Pr\u00e9parez-vous \u00e0 profiter de plages paradisiaques, d'eaux cristallines et de la riche culture de Zanzibar lors de votre prochaine aventure !<\/p>\t\t\t\t\t\t<\/div>\n\t\t\t\t<\/div>\n\t\t\t\t\t<\/div>\n\t\t<\/div>\n\t\t\t\t\t<\/div>\n\t\t<\/section>\n\t\t\t\t<section data-exad-particle-enable=\"false\" class=\"elementor-section elementor-top-section elementor-element elementor-element-fffeaec elementor-section-boxed elementor-section-height-default elementor-section-height-default exad-parallax-effect-no exad-background-color-change-no exad-glass-effect-no exad-sticky-section-no\" data-id=\"fffeaec\" data-element_type=\"section\">\n\t\t\t\t\t\t<div class=\"elementor-container elementor-column-gap-default\">\n\t\t\t\t\t<div class=\"elementor-column elementor-col-100 elementor-top-column elementor-element elementor-element-8f12391 exad-glass-effect-no exad-sticky-section-no\" data-id=\"8f12391\" data-element_type=\"column\">\n\t\t\t<div class=\"elementor-widget-wrap elementor-element-populated\">\n\t\t\t\t\t\t<div class=\"elementor-element elementor-element-e9015ab exad-sticky-section-no exad-glass-effect-no elementor-widget elementor-widget-html\" data-id=\"e9015ab\" data-element_type=\"widget\" data-widget_type=\"html.default\">\n\t\t\t\t<div class=\"elementor-widget-container\">\n\t\t\t<iframe src=\"https:\/\/www.google.com\/maps\/embed?pb=!1m28!1m12!1m3!1d507425.5722951651!2d38.77748456068236!3d-6.4884342960027555!2m3!1f0!2f0!3f0!3m2!1i1024!2i768!4f13.1!4m13!3e6!4m5!1s0x185c917c91107053%3A0xaa179fd89cc76714!2sBagamoyo%2C%20Tanzania!3m2!1d-6.4456337999999995!2d38.898941!4m5!1s0x185cd0ba23b63ecb%3A0x52c848ab6efc138e!2sZanz%C3%ADbar%2C%20Tanzania!3m2!1d-6.1651929999999995!2d39.1989144!5e0!3m2!1ses!2ses!4v1684400116789!5m2!1ses!2ses\" width=\"600\" height=\"450\" style=\"border:0;\" allowfullscreen=\"\" loading=\"lazy\" referrerpolicy=\"no-referrer-when-downgrade\"><\/iframe>\t\t<\/div>\n\t\t\t\t<\/div>\n\t\t\t\t\t<\/div>\n\t\t<\/div>\n\t\t\t\t\t<\/div>\n\t\t<\/section>\n\t\t\t\t<\/div>","protected":false},"excerpt":{"rendered":"<p>Distancia Bagamoyo- Zanzibar La distancia entre Bagamoyo y Zanz\u00edbar es de aproximadamente 75 kil\u00f3metros. Bagamoyo, una hist\u00f3rica ciudad costera de Tanzania, se encuentra en la parte continental del pa\u00eds, mientras que Zanz\u00edbar es una hermosa isla ubicada en el oc\u00e9ano \u00cdndico. Para llegar de Bagamoyo a Zanz\u00edbar, una opci\u00f3n popular es tomar un ferry. El &#8230; <a title=\"Distancia Bagamoyo &#8211; Zanzibar\" class=\"read-more\" href=\"https:\/\/disfrutazanzibar.com\/fr\/distance\/bagamoyo-zanzibar\/\" aria-label=\"Plus sur Distancia Bagamoyo &#8211; Zanzibar\">Lire plus<\/a><\/p>","protected":false},"author":1,"featured_media":0,"parent":1583,"menu_order":0,"comment_status":"closed","ping_status":"closed","template":"","meta":{"footnotes":""},"class_list":["post-1591","page","type-page","status-publish"],"_links":{"self":[{"href":"https:\/\/disfrutazanzibar.com\/fr\/wp-json\/wp\/v2\/pages\/1591","targetHints":{"allow":["GET"]}}],"collection":[{"href":"https:\/\/disfrutazanzibar.com\/fr\/wp-json\/wp\/v2\/pages"}],"about":[{"href":"https:\/\/disfrutazanzibar.com\/fr\/wp-json\/wp\/v2\/types\/page"}],"author":[{"embeddable":true,"href":"https:\/\/disfrutazanzibar.com\/fr\/wp-json\/wp\/v2\/users\/1"}],"replies":[{"embeddable":true,"href":"https:\/\/disfrutazanzibar.com\/fr\/wp-json\/wp\/v2\/comments?post=1591"}],"version-history":[{"count":9,"href":"https:\/\/disfrutazanzibar.com\/fr\/wp-json\/wp\/v2\/pages\/1591\/revisions"}],"predecessor-version":[{"id":2539,"href":"https:\/\/disfrutazanzibar.com\/fr\/wp-json\/wp\/v2\/pages\/1591\/revisions\/2539"}],"up":[{"embeddable":true,"href":"https:\/\/disfrutazanzibar.com\/fr\/wp-json\/wp\/v2\/pages\/1583"}],"wp:attachment":[{"href":"https:\/\/disfrutazanzibar.com\/fr\/wp-json\/wp\/v2\/media?parent=1591"}],"curies":[{"name":"wp","href":"https:\/\/api.w.org\/{rel}","templated":true}]}}