{"id":1617,"date":"2023-05-18T13:03:18","date_gmt":"2023-05-18T11:03:18","guid":{"rendered":"https:\/\/disfrutazanzibar.com\/?page_id=1617"},"modified":"2024-08-26T13:06:11","modified_gmt":"2024-08-26T11:06:11","slug":"espana-zanzibar","status":"publish","type":"page","link":"https:\/\/disfrutazanzibar.com\/fr\/distance\/espagne-zanzibar\/","title":{"rendered":"Distance entre l'Espagne et Zanzibar"},"content":{"rendered":"<div data-elementor-type=\"wp-page\" data-elementor-id=\"1617\" class=\"elementor elementor-1617\">\n\t\t\t\t\t\t<section data-exad-particle-enable=\"false\" class=\"elementor-section elementor-top-section elementor-element elementor-element-c948127 elementor-section-height-min-height elementor-section-full_width elementor-section-height-default elementor-section-items-middle exad-parallax-effect-no exad-background-color-change-no exad-glass-effect-no exad-sticky-section-no\" data-id=\"c948127\" data-element_type=\"section\" data-settings=\"{&quot;background_background&quot;:&quot;classic&quot;}\">\n\t\t\t\t\t\t<div class=\"elementor-container elementor-column-gap-default\">\n\t\t\t\t\t<div class=\"elementor-column elementor-col-100 elementor-top-column elementor-element elementor-element-22f53ab1 exad-glass-effect-no exad-sticky-section-no\" data-id=\"22f53ab1\" data-element_type=\"column\">\n\t\t\t<div class=\"elementor-widget-wrap elementor-element-populated\">\n\t\t\t\t\t\t<div class=\"elementor-element elementor-element-1b75510c exad-sticky-section-no exad-glass-effect-no elementor-widget elementor-widget-heading\" data-id=\"1b75510c\" data-element_type=\"widget\" data-widget_type=\"heading.default\">\n\t\t\t\t<div class=\"elementor-widget-container\">\n\t\t\t<style>\/*! elementor - v3.23.0 - 05-08-2024 *\/\n.elementor-heading-title{padding:0;margin:0;line-height:1}.elementor-widget-heading .elementor-heading-title[class*=elementor-size-]>a{color:inherit;font-size:inherit;line-height:inherit}.elementor-widget-heading .elementor-heading-title.elementor-size-small{font-size:15px}.elementor-widget-heading .elementor-heading-title.elementor-size-medium{font-size:19px}.elementor-widget-heading .elementor-heading-title.elementor-size-large{font-size:29px}.elementor-widget-heading .elementor-heading-title.elementor-size-xl{font-size:39px}.elementor-widget-heading .elementor-heading-title.elementor-size-xxl{font-size:59px}<\/style><p class=\"elementor-heading-title elementor-size-default\">Distance entre l'Espagne et Zanzibar<\/p>\t\t<\/div>\n\t\t\t\t<\/div>\n\t\t\t\t<div class=\"elementor-element elementor-element-60b1b191 exad-sticky-section-no exad-glass-effect-no elementor-widget elementor-widget-text-editor\" data-id=\"60b1b191\" data-element_type=\"widget\" data-widget_type=\"text-editor.default\">\n\t\t\t\t<div class=\"elementor-widget-container\">\n\t\t\t<style>\/*! elementor - v3.23.0 - 05-08-2024 *\/\n.elementor-widget-text-editor.elementor-drop-cap-view-stacked .elementor-drop-cap{background-color:#69727d;color:#fff}.elementor-widget-text-editor.elementor-drop-cap-view-framed .elementor-drop-cap{color:#69727d;border:3px solid;background-color:transparent}.elementor-widget-text-editor:not(.elementor-drop-cap-view-default) .elementor-drop-cap{margin-top:8px}.elementor-widget-text-editor:not(.elementor-drop-cap-view-default) .elementor-drop-cap-letter{width:1em;height:1em}.elementor-widget-text-editor .elementor-drop-cap{float:left;text-align:center;line-height:1;font-size:50px}.elementor-widget-text-editor .elementor-drop-cap-letter{display:inline-block}<\/style>\t\t\t\t<p style=\"text-align: center;\"><nav aria-label=\"chapelure\" class=\"rank-math-breadcrumb\"><p><span class=\"last\">Accueil<\/span><\/p><\/nav><\/p>\t\t\t\t\t\t<\/div>\n\t\t\t\t<\/div>\n\t\t\t\t\t<\/div>\n\t\t<\/div>\n\t\t\t\t\t<\/div>\n\t\t<\/section>\n\t\t\t\t<section data-exad-particle-enable=\"false\" class=\"elementor-section elementor-top-section elementor-element elementor-element-456fa064 elementor-section-boxed elementor-section-height-default elementor-section-height-default exad-parallax-effect-no exad-background-color-change-no exad-glass-effect-no exad-sticky-section-no\" data-id=\"456fa064\" data-element_type=\"section\">\n\t\t\t\t\t\t<div class=\"elementor-container elementor-column-gap-default\">\n\t\t\t\t\t<div class=\"elementor-column elementor-col-100 elementor-top-column elementor-element elementor-element-60a11cf9 exad-glass-effect-no exad-sticky-section-no\" data-id=\"60a11cf9\" data-element_type=\"column\">\n\t\t\t<div class=\"elementor-widget-wrap elementor-element-populated\">\n\t\t\t\t\t\t<div class=\"elementor-element elementor-element-7ded7bbb exad-sticky-section-no exad-glass-effect-no elementor-widget elementor-widget-text-editor\" data-id=\"7ded7bbb\" data-element_type=\"widget\" data-widget_type=\"text-editor.default\">\n\t\t\t\t<div class=\"elementor-widget-container\">\n\t\t\t\t\t\t\t<p>La distance entre l'Espagne et Zanzibar est d'environ 6 700 kilom\u00e8tres. L'Espagne, situ\u00e9e dans la p\u00e9ninsule ib\u00e9rique, et Zanzibar, l'\u00eele exotique de l'oc\u00e9an Indien, sont des destinations qui offrent des exp\u00e9riences uniques.<\/p><p>Le moyen le plus courant de se rendre d'Espagne \u00e0 Zanzibar est de prendre un vol de correspondance. Il n'y a pas de vols directs entre les deux endroits, c'est pourquoi il y a g\u00e9n\u00e9ralement une escale dans des a\u00e9roports comme Amsterdam, Istanbul, Doha ou Duba\u00ef, entre autres. La dur\u00e9e totale du vol peut varier en fonction de la dur\u00e9e de l'escale et des conditions de l'itin\u00e9raire, mais elle se situe g\u00e9n\u00e9ralement entre 12 et 16 heures.<\/p><p>Il est important de noter que les horaires et les itin\u00e9raires des vols peuvent changer en fonction de la compagnie a\u00e9rienne et de la p\u00e9riode de l'ann\u00e9e. Il est recommand\u00e9 de faire une recherche approfondie et de comparer les prix et les horaires afin de trouver la meilleure option qui corresponde \u00e0 vos besoins et \u00e0 vos pr\u00e9f\u00e9rences.<\/p><p>En outre, il est essentiel de v\u00e9rifier les exigences en mati\u00e8re de visa et les documents n\u00e9cessaires pour entrer \u00e0 Zanzibar, ainsi que les mesures sanitaires ou les restrictions de voyage en vigueur au moment de votre visite.<\/p><p>Pr\u00e9parez-vous \u00e0 embarquer pour une aventure passionnante depuis l'Espagne jusqu'\u00e0 la beaut\u00e9 tropicale de Zanzibar, o\u00f9 des plages paradisiaques, une culture riche et une hospitalit\u00e9 in\u00e9gal\u00e9e vous attendent !<\/p>\t\t\t\t\t\t<\/div>\n\t\t\t\t<\/div>\n\t\t\t\t\t<\/div>\n\t\t<\/div>\n\t\t\t\t\t<\/div>\n\t\t<\/section>\n\t\t\t\t<section data-exad-particle-enable=\"false\" class=\"elementor-section elementor-top-section elementor-element elementor-element-15b66bb elementor-section-boxed elementor-section-height-default elementor-section-height-default exad-parallax-effect-no exad-background-color-change-no exad-glass-effect-no exad-sticky-section-no\" data-id=\"15b66bb\" data-element_type=\"section\">\n\t\t\t\t\t\t<div class=\"elementor-container elementor-column-gap-default\">\n\t\t\t\t\t<div class=\"elementor-column elementor-col-100 elementor-top-column elementor-element elementor-element-806d08c exad-glass-effect-no exad-sticky-section-no\" data-id=\"806d08c\" data-element_type=\"column\">\n\t\t\t<div class=\"elementor-widget-wrap elementor-element-populated\">\n\t\t\t\t\t\t<div class=\"elementor-element elementor-element-93d280d exad-sticky-section-no exad-glass-effect-no elementor-widget elementor-widget-html\" data-id=\"93d280d\" data-element_type=\"widget\" data-widget_type=\"html.default\">\n\t\t\t\t<div class=\"elementor-widget-container\">\n\t\t\t<iframe src=\"https:\/\/www.google.com\/maps\/embed?pb=!1m28!1m12!1m3!1d3044893.749052567!2d38.52141132210276!3d-5.829502467377596!2m3!1f0!2f0!3f0!3m2!1i1024!2i768!4f13.1!4m13!3e6!4m5!1s0xc42e3783261bc8b%3A0xa6ec2c940768a3ec!2zRXNwYcOxYQ!3m2!1d40.463667!2d-3.7492199999999998!4m5!1s0x185cd0ba23b63ecb%3A0x52c848ab6efc138e!2sZanz%C3%ADbar%2C%20Tanzania!3m2!1d-6.1651929999999995!2d39.1989144!5e0!3m2!1ses!2ses!4v1684407787221!5m2!1ses!2ses\" width=\"600\" height=\"450\" style=\"border:0;\" allowfullscreen=\"\" loading=\"lazy\" referrerpolicy=\"no-referrer-when-downgrade\"><\/iframe>\t\t<\/div>\n\t\t\t\t<\/div>\n\t\t\t\t\t<\/div>\n\t\t<\/div>\n\t\t\t\t\t<\/div>\n\t\t<\/section>\n\t\t\t\t<\/div>","protected":false},"excerpt":{"rendered":"<p>Distancia de Espa\u00f1a a Zanzibar La distancia entre Espa\u00f1a y Zanz\u00edbar es de aproximadamente 6,700 kil\u00f3metros. Espa\u00f1a, situada en la pen\u00ednsula ib\u00e9rica, y Zanz\u00edbar, la ex\u00f3tica isla en el oc\u00e9ano \u00cdndico, son destinos que ofrecen experiencias \u00fanicas. La forma m\u00e1s com\u00fan de viajar desde Espa\u00f1a hasta Zanz\u00edbar es a trav\u00e9s de vuelos con conexiones. No &#8230; <a title=\"Distance entre l&#039;Espagne et Zanzibar\" class=\"read-more\" href=\"https:\/\/disfrutazanzibar.com\/fr\/distance\/espagne-zanzibar\/\" aria-label=\"Plus sur Distancia de Espa\u00f1a a Zanzibar\">Lire plus<\/a><\/p>","protected":false},"author":1,"featured_media":0,"parent":1583,"menu_order":0,"comment_status":"closed","ping_status":"closed","template":"","meta":{"footnotes":""},"class_list":["post-1617","page","type-page","status-publish"],"_links":{"self":[{"href":"https:\/\/disfrutazanzibar.com\/fr\/wp-json\/wp\/v2\/pages\/1617","targetHints":{"allow":["GET"]}}],"collection":[{"href":"https:\/\/disfrutazanzibar.com\/fr\/wp-json\/wp\/v2\/pages"}],"about":[{"href":"https:\/\/disfrutazanzibar.com\/fr\/wp-json\/wp\/v2\/types\/page"}],"author":[{"embeddable":true,"href":"https:\/\/disfrutazanzibar.com\/fr\/wp-json\/wp\/v2\/users\/1"}],"replies":[{"embeddable":true,"href":"https:\/\/disfrutazanzibar.com\/fr\/wp-json\/wp\/v2\/comments?post=1617"}],"version-history":[{"count":8,"href":"https:\/\/disfrutazanzibar.com\/fr\/wp-json\/wp\/v2\/pages\/1617\/revisions"}],"predecessor-version":[{"id":2551,"href":"https:\/\/disfrutazanzibar.com\/fr\/wp-json\/wp\/v2\/pages\/1617\/revisions\/2551"}],"up":[{"embeddable":true,"href":"https:\/\/disfrutazanzibar.com\/fr\/wp-json\/wp\/v2\/pages\/1583"}],"wp:attachment":[{"href":"https:\/\/disfrutazanzibar.com\/fr\/wp-json\/wp\/v2\/media?parent=1617"}],"curies":[{"name":"wp","href":"https:\/\/api.w.org\/{rel}","templated":true}]}}