{"id":1623,"date":"2023-05-18T13:06:16","date_gmt":"2023-05-18T11:06:16","guid":{"rendered":"https:\/\/disfrutazanzibar.com\/?page_id=1623"},"modified":"2024-08-26T13:06:35","modified_gmt":"2024-08-26T11:06:35","slug":"distancia-de-norte-a-sur-de-zanzibar","status":"publish","type":"page","link":"https:\/\/disfrutazanzibar.com\/fr\/distance\/distance-du-nord-au-sud-de-zanzibar\/","title":{"rendered":"Distance du nord au sud de Zanzibar"},"content":{"rendered":"<div data-elementor-type=\"wp-page\" data-elementor-id=\"1623\" class=\"elementor elementor-1623\">\n\t\t\t\t\t\t<section data-exad-particle-enable=\"false\" class=\"elementor-section elementor-top-section elementor-element elementor-element-7c6ef2c elementor-section-height-min-height elementor-section-full_width elementor-section-height-default elementor-section-items-middle exad-parallax-effect-no exad-background-color-change-no exad-glass-effect-no exad-sticky-section-no\" data-id=\"7c6ef2c\" data-element_type=\"section\" data-settings=\"{&quot;background_background&quot;:&quot;classic&quot;}\">\n\t\t\t\t\t\t<div class=\"elementor-container elementor-column-gap-default\">\n\t\t\t\t\t<div class=\"elementor-column elementor-col-100 elementor-top-column elementor-element elementor-element-10db1821 exad-glass-effect-no exad-sticky-section-no\" data-id=\"10db1821\" data-element_type=\"column\">\n\t\t\t<div class=\"elementor-widget-wrap elementor-element-populated\">\n\t\t\t\t\t\t<div class=\"elementor-element elementor-element-23b2984a exad-sticky-section-no exad-glass-effect-no elementor-widget elementor-widget-heading\" data-id=\"23b2984a\" data-element_type=\"widget\" data-widget_type=\"heading.default\">\n\t\t\t\t<div class=\"elementor-widget-container\">\n\t\t\t<style>\/*! elementor - v3.23.0 - 05-08-2024 *\/\n.elementor-heading-title{padding:0;margin:0;line-height:1}.elementor-widget-heading .elementor-heading-title[class*=elementor-size-]>a{color:inherit;font-size:inherit;line-height:inherit}.elementor-widget-heading .elementor-heading-title.elementor-size-small{font-size:15px}.elementor-widget-heading .elementor-heading-title.elementor-size-medium{font-size:19px}.elementor-widget-heading .elementor-heading-title.elementor-size-large{font-size:29px}.elementor-widget-heading .elementor-heading-title.elementor-size-xl{font-size:39px}.elementor-widget-heading .elementor-heading-title.elementor-size-xxl{font-size:59px}<\/style><p class=\"elementor-heading-title elementor-size-default\">Distance entre le nord et le sud de Zanzibar<\/p>\t\t<\/div>\n\t\t\t\t<\/div>\n\t\t\t\t<div class=\"elementor-element elementor-element-72355fd2 exad-sticky-section-no exad-glass-effect-no elementor-widget elementor-widget-text-editor\" data-id=\"72355fd2\" data-element_type=\"widget\" data-widget_type=\"text-editor.default\">\n\t\t\t\t<div class=\"elementor-widget-container\">\n\t\t\t<style>\/*! elementor - v3.23.0 - 05-08-2024 *\/\n.elementor-widget-text-editor.elementor-drop-cap-view-stacked .elementor-drop-cap{background-color:#69727d;color:#fff}.elementor-widget-text-editor.elementor-drop-cap-view-framed .elementor-drop-cap{color:#69727d;border:3px solid;background-color:transparent}.elementor-widget-text-editor:not(.elementor-drop-cap-view-default) .elementor-drop-cap{margin-top:8px}.elementor-widget-text-editor:not(.elementor-drop-cap-view-default) .elementor-drop-cap-letter{width:1em;height:1em}.elementor-widget-text-editor .elementor-drop-cap{float:left;text-align:center;line-height:1;font-size:50px}.elementor-widget-text-editor .elementor-drop-cap-letter{display:inline-block}<\/style>\t\t\t\t<p style=\"text-align: center;\"><nav aria-label=\"chapelure\" class=\"rank-math-breadcrumb\"><p><span class=\"last\">Accueil<\/span><\/p><\/nav><\/p>\t\t\t\t\t\t<\/div>\n\t\t\t\t<\/div>\n\t\t\t\t\t<\/div>\n\t\t<\/div>\n\t\t\t\t\t<\/div>\n\t\t<\/section>\n\t\t\t\t<section data-exad-particle-enable=\"false\" class=\"elementor-section elementor-top-section elementor-element elementor-element-441008fa elementor-section-boxed elementor-section-height-default elementor-section-height-default exad-parallax-effect-no exad-background-color-change-no exad-glass-effect-no exad-sticky-section-no\" data-id=\"441008fa\" data-element_type=\"section\">\n\t\t\t\t\t\t<div class=\"elementor-container elementor-column-gap-default\">\n\t\t\t\t\t<div class=\"elementor-column elementor-col-100 elementor-top-column elementor-element elementor-element-51ede663 exad-glass-effect-no exad-sticky-section-no\" data-id=\"51ede663\" data-element_type=\"column\">\n\t\t\t<div class=\"elementor-widget-wrap elementor-element-populated\">\n\t\t\t\t\t\t<div class=\"elementor-element elementor-element-623549b8 exad-sticky-section-no exad-glass-effect-no elementor-widget elementor-widget-text-editor\" data-id=\"623549b8\" data-element_type=\"widget\" data-widget_type=\"text-editor.default\">\n\t\t\t\t<div class=\"elementor-widget-container\">\n\t\t\t\t\t\t\t<p>La distance du nord au sud de Zanzibar est d'environ 85 kilom\u00e8tres. Zanzibar, une belle \u00eele de l'oc\u00e9an Indien, mesure environ 85 kilom\u00e8tres de long, de sa pointe nord \u00e0 sa pointe sud.<\/p><p>Dans la partie nord de Zanzibar, vous trouverez des destinations populaires telles que <a href=\"https:\/\/disfrutazanzibar.com\/fr\/plages-2\/nungwi-2\/\">Nungwi<\/a> y <a href=\"https:\/\/disfrutazanzibar.com\/fr\/plages-2\/kendwa\/\">Kendwa<\/a>connue pour ses plages de sable blanc et ses eaux cristallines. Ici, vous pouvez profiter <a href=\"https:\/\/disfrutazanzibar.com\/fr\/activites\/\">activit\u00e9s<\/a> aquatiques, tels que <a href=\"https:\/\/disfrutazanzibar.com\/fr\/activites\/plongee\/\">plong\u00e9e<\/a>Vous pouvez faire de la plong\u00e9e avec masque et tuba, de la navigation en boutre, explorer les march\u00e9s locaux et d\u00e9couvrir la riche culture de l'\u00eele.<\/p><p>Dans la partie sud de Zanzibar, vous trouverez le charmant village de Kizimkazi, c\u00e9l\u00e8bre pour ses rencontres avec les dauphins et ses belles plages. Vous pourrez \u00e9galement visiter la ville historique de Stone Town, situ\u00e9e au centre de l'\u00eele et class\u00e9e au patrimoine mondial de l'UNESCO. Stone Town est c\u00e9l\u00e8bre pour son architecture, ses ruelles labyrinthiques, ses march\u00e9s anim\u00e9s et sa riche histoire.<\/p><p>En parcourant l'\u00eele du nord au sud, vous d\u00e9couvrirez la diversit\u00e9 des paysages, des cultures et des activit\u00e9s que Zanzibar a \u00e0 offrir. Des plages idylliques aux sites historiques fascinants, chaque partie de Zanzibar a son propre charme et promet une exp\u00e9rience inoubliable.<\/p>\t\t\t\t\t\t<\/div>\n\t\t\t\t<\/div>\n\t\t\t\t\t<\/div>\n\t\t<\/div>\n\t\t\t\t\t<\/div>\n\t\t<\/section>\n\t\t\t\t<section data-exad-particle-enable=\"false\" class=\"elementor-section elementor-top-section elementor-element elementor-element-7a785de elementor-section-boxed elementor-section-height-default elementor-section-height-default exad-parallax-effect-no exad-background-color-change-no exad-glass-effect-no exad-sticky-section-no\" data-id=\"7a785de\" data-element_type=\"section\">\n\t\t\t\t\t\t<div class=\"elementor-container elementor-column-gap-default\">\n\t\t\t\t\t<div class=\"elementor-column elementor-col-100 elementor-top-column elementor-element elementor-element-e3f936c exad-glass-effect-no exad-sticky-section-no\" data-id=\"e3f936c\" data-element_type=\"column\">\n\t\t\t<div class=\"elementor-widget-wrap elementor-element-populated\">\n\t\t\t\t\t\t<div class=\"elementor-element elementor-element-8b6a4a4 exad-sticky-section-no exad-glass-effect-no elementor-widget elementor-widget-html\" data-id=\"8b6a4a4\" data-element_type=\"widget\" data-widget_type=\"html.default\">\n\t\t\t\t<div class=\"elementor-widget-container\">\n\t\t\t<iframe src=\"https:\/\/www.google.com\/maps\/embed?pb=!1m28!1m12!1m3!1d226073.81443274635!2d39.407291392948636!3d-6.395450081082206!2m3!1f0!2f0!3f0!3m2!1i1024!2i768!4f13.1!4m13!3e6!4m5!1s0x18431e47dd2f981b%3A0x8e4004c205e46cb2!2sNungwi%2C%20Tanzania!3m2!1d-5.725855999999999!2d39.2985684!4m5!1s0x185d056777947d8d%3A0x6afc91c72d1d0274!2sKizimkazi%2C%20Tanzania!3m2!1d-6.4484721!2d39.469882399999996!5e0!3m2!1ses!2ses!4v1684407974581!5m2!1ses!2ses\" width=\"600\" height=\"450\" style=\"border:0;\" allowfullscreen=\"\" loading=\"lazy\" referrerpolicy=\"no-referrer-when-downgrade\"><\/iframe>\t\t<\/div>\n\t\t\t\t<\/div>\n\t\t\t\t\t<\/div>\n\t\t<\/div>\n\t\t\t\t\t<\/div>\n\t\t<\/section>\n\t\t\t\t<\/div>","protected":false},"excerpt":{"rendered":"<p>Distancia de Norte a Sur de Zanzibar La distancia de norte a sur de Zanz\u00edbar es de aproximadamente 85 kil\u00f3metros. Zanz\u00edbar, una hermosa isla en el oc\u00e9ano \u00cdndico, tiene una longitud de alrededor de 85 kil\u00f3metros desde su extremo norte hasta su extremo sur. En la parte norte de Zanz\u00edbar, encontrar\u00e1s destinos populares como Nungwi &#8230; <a title=\"Distance du nord au sud de Zanzibar\" class=\"read-more\" href=\"https:\/\/disfrutazanzibar.com\/fr\/distance\/distance-du-nord-au-sud-de-zanzibar\/\" aria-label=\"Plus sur Distancia de Norte a Sur de zanzibar\">Lire plus<\/a><\/p>","protected":false},"author":1,"featured_media":0,"parent":1583,"menu_order":0,"comment_status":"closed","ping_status":"closed","template":"","meta":{"footnotes":""},"class_list":["post-1623","page","type-page","status-publish"],"_links":{"self":[{"href":"https:\/\/disfrutazanzibar.com\/fr\/wp-json\/wp\/v2\/pages\/1623","targetHints":{"allow":["GET"]}}],"collection":[{"href":"https:\/\/disfrutazanzibar.com\/fr\/wp-json\/wp\/v2\/pages"}],"about":[{"href":"https:\/\/disfrutazanzibar.com\/fr\/wp-json\/wp\/v2\/types\/page"}],"author":[{"embeddable":true,"href":"https:\/\/disfrutazanzibar.com\/fr\/wp-json\/wp\/v2\/users\/1"}],"replies":[{"embeddable":true,"href":"https:\/\/disfrutazanzibar.com\/fr\/wp-json\/wp\/v2\/comments?post=1623"}],"version-history":[{"count":8,"href":"https:\/\/disfrutazanzibar.com\/fr\/wp-json\/wp\/v2\/pages\/1623\/revisions"}],"predecessor-version":[{"id":2554,"href":"https:\/\/disfrutazanzibar.com\/fr\/wp-json\/wp\/v2\/pages\/1623\/revisions\/2554"}],"up":[{"embeddable":true,"href":"https:\/\/disfrutazanzibar.com\/fr\/wp-json\/wp\/v2\/pages\/1583"}],"wp:attachment":[{"href":"https:\/\/disfrutazanzibar.com\/fr\/wp-json\/wp\/v2\/media?parent=1623"}],"curies":[{"name":"wp","href":"https:\/\/api.w.org\/{rel}","templated":true}]}}