{"id":1647,"date":"2023-05-18T13:25:33","date_gmt":"2023-05-18T11:25:33","guid":{"rendered":"https:\/\/disfrutazanzibar.com\/?page_id=1647"},"modified":"2024-08-26T13:10:31","modified_gmt":"2024-08-26T11:10:31","slug":"zanzibar-y-pemba","status":"publish","type":"page","link":"https:\/\/disfrutazanzibar.com\/fr\/distance\/zanzibar-pemba\/","title":{"rendered":"Distance entre Zanzibar et Pemba"},"content":{"rendered":"<div data-elementor-type=\"wp-page\" data-elementor-id=\"1647\" class=\"elementor elementor-1647\">\n\t\t\t\t\t\t<section data-exad-particle-enable=\"false\" class=\"elementor-section elementor-top-section elementor-element elementor-element-379093fc elementor-section-height-min-height elementor-section-full_width elementor-section-height-default elementor-section-items-middle exad-parallax-effect-no exad-background-color-change-no exad-glass-effect-no exad-sticky-section-no\" data-id=\"379093fc\" data-element_type=\"section\" data-settings=\"{&quot;background_background&quot;:&quot;classic&quot;}\">\n\t\t\t\t\t\t<div class=\"elementor-container elementor-column-gap-default\">\n\t\t\t\t\t<div class=\"elementor-column elementor-col-100 elementor-top-column elementor-element elementor-element-236db55c exad-glass-effect-no exad-sticky-section-no\" data-id=\"236db55c\" data-element_type=\"column\">\n\t\t\t<div class=\"elementor-widget-wrap elementor-element-populated\">\n\t\t\t\t\t\t<div class=\"elementor-element elementor-element-289741f1 exad-sticky-section-no exad-glass-effect-no elementor-widget elementor-widget-heading\" data-id=\"289741f1\" data-element_type=\"widget\" data-widget_type=\"heading.default\">\n\t\t\t\t<div class=\"elementor-widget-container\">\n\t\t\t<style>\/*! elementor - v3.23.0 - 05-08-2024 *\/\n.elementor-heading-title{padding:0;margin:0;line-height:1}.elementor-widget-heading .elementor-heading-title[class*=elementor-size-]>a{color:inherit;font-size:inherit;line-height:inherit}.elementor-widget-heading .elementor-heading-title.elementor-size-small{font-size:15px}.elementor-widget-heading .elementor-heading-title.elementor-size-medium{font-size:19px}.elementor-widget-heading .elementor-heading-title.elementor-size-large{font-size:29px}.elementor-widget-heading .elementor-heading-title.elementor-size-xl{font-size:39px}.elementor-widget-heading .elementor-heading-title.elementor-size-xxl{font-size:59px}<\/style><p class=\"elementor-heading-title elementor-size-default\">Distance entre Zanzibar et Pemba<\/p>\t\t<\/div>\n\t\t\t\t<\/div>\n\t\t\t\t<div class=\"elementor-element elementor-element-227ad78a exad-sticky-section-no exad-glass-effect-no elementor-widget elementor-widget-text-editor\" data-id=\"227ad78a\" data-element_type=\"widget\" data-widget_type=\"text-editor.default\">\n\t\t\t\t<div class=\"elementor-widget-container\">\n\t\t\t<style>\/*! elementor - v3.23.0 - 05-08-2024 *\/\n.elementor-widget-text-editor.elementor-drop-cap-view-stacked .elementor-drop-cap{background-color:#69727d;color:#fff}.elementor-widget-text-editor.elementor-drop-cap-view-framed .elementor-drop-cap{color:#69727d;border:3px solid;background-color:transparent}.elementor-widget-text-editor:not(.elementor-drop-cap-view-default) .elementor-drop-cap{margin-top:8px}.elementor-widget-text-editor:not(.elementor-drop-cap-view-default) .elementor-drop-cap-letter{width:1em;height:1em}.elementor-widget-text-editor .elementor-drop-cap{float:left;text-align:center;line-height:1;font-size:50px}.elementor-widget-text-editor .elementor-drop-cap-letter{display:inline-block}<\/style>\t\t\t\t<p style=\"text-align: center;\"><nav aria-label=\"chapelure\" class=\"rank-math-breadcrumb\"><p><span class=\"last\">Accueil<\/span><\/p><\/nav><\/p>\t\t\t\t\t\t<\/div>\n\t\t\t\t<\/div>\n\t\t\t\t\t<\/div>\n\t\t<\/div>\n\t\t\t\t\t<\/div>\n\t\t<\/section>\n\t\t\t\t<section data-exad-particle-enable=\"false\" class=\"elementor-section elementor-top-section elementor-element elementor-element-39c67817 elementor-section-boxed elementor-section-height-default elementor-section-height-default exad-parallax-effect-no exad-background-color-change-no exad-glass-effect-no exad-sticky-section-no\" data-id=\"39c67817\" data-element_type=\"section\">\n\t\t\t\t\t\t<div class=\"elementor-container elementor-column-gap-default\">\n\t\t\t\t\t<div class=\"elementor-column elementor-col-100 elementor-top-column elementor-element elementor-element-26e6cd9 exad-glass-effect-no exad-sticky-section-no\" data-id=\"26e6cd9\" data-element_type=\"column\">\n\t\t\t<div class=\"elementor-widget-wrap elementor-element-populated\">\n\t\t\t\t\t\t<div class=\"elementor-element elementor-element-56e57a6f exad-sticky-section-no exad-glass-effect-no elementor-widget elementor-widget-text-editor\" data-id=\"56e57a6f\" data-element_type=\"widget\" data-widget_type=\"text-editor.default\">\n\t\t\t\t<div class=\"elementor-widget-container\">\n\t\t\t\t\t\t\t<p>La distance entre l'\u00eele de Zanzibar et Pemba est d'environ 50 kilom\u00e8tres. Les deux \u00eeles font partie de l'archipel de Zanzibar, situ\u00e9 dans l'oc\u00e9an Indien au large de la Tanzanie.<\/p><p>Pour se rendre de Zanzibar \u00e0 Pemba, le moyen le plus courant est de prendre un vol int\u00e9rieur. Les vols r\u00e9guliers entre les deux \u00eeles durent g\u00e9n\u00e9ralement de 20 \u00e0 30 minutes. Il est important de v\u00e9rifier les horaires et la disponibilit\u00e9 des vols avant de planifier votre voyage.<\/p><p>Il est \u00e9galement possible de prendre un ferry de Zanzibar \u00e0 Pemba. Le trajet en ferry est plus ou moins long, mais dure g\u00e9n\u00e9ralement de 2 \u00e0 4 heures, selon le type de ferry et l'\u00e9tat de la mer. Il est conseill\u00e9 de v\u00e9rifier les horaires et la disponibilit\u00e9 des ferries avant de planifier votre voyage.<\/p><p>Zanzibar et Pemba offrent toutes deux de magnifiques plages, des eaux cristallines et une riche culture. Zanzibar est connue pour son animation touristique et ses plages de sable blanc, tandis que Pemba est r\u00e9put\u00e9e pour sa tranquillit\u00e9, ses paysages tropicaux et ses possibilit\u00e9s d'activit\u00e9s nautiques. <a href=\"https:\/\/disfrutazanzibar.com\/fr\/activites\/plongee\/\">plong\u00e9e<\/a> et la plong\u00e9e avec masque et tuba.<\/p><p>D\u00e9couvrez ces deux \u00eeles enchanteresses de l'archipel de Zanzibar lors de votre voyage de Zanzibar \u00e0 Pemba !<\/p>\t\t\t\t\t\t<\/div>\n\t\t\t\t<\/div>\n\t\t\t\t\t<\/div>\n\t\t<\/div>\n\t\t\t\t\t<\/div>\n\t\t<\/section>\n\t\t\t\t<section data-exad-particle-enable=\"false\" class=\"elementor-section elementor-top-section elementor-element elementor-element-6909433 elementor-section-boxed elementor-section-height-default elementor-section-height-default exad-parallax-effect-no exad-background-color-change-no exad-glass-effect-no exad-sticky-section-no\" data-id=\"6909433\" data-element_type=\"section\">\n\t\t\t\t\t\t<div class=\"elementor-container elementor-column-gap-default\">\n\t\t\t\t\t<div class=\"elementor-column elementor-col-100 elementor-top-column elementor-element elementor-element-977b3e9 exad-glass-effect-no exad-sticky-section-no\" data-id=\"977b3e9\" data-element_type=\"column\">\n\t\t\t<div class=\"elementor-widget-wrap elementor-element-populated\">\n\t\t\t\t\t\t<div class=\"elementor-element elementor-element-da00e00 exad-sticky-section-no exad-glass-effect-no elementor-widget elementor-widget-html\" data-id=\"da00e00\" data-element_type=\"widget\" data-widget_type=\"html.default\">\n\t\t\t\t<div class=\"elementor-widget-container\">\n\t\t\t<iframe src=\"https:\/\/www.google.com\/maps\/embed?pb=!1m28!1m12!1m3!1d1015446.0797181937!2d37.67949257107228!3d-6.186086641099805!2m3!1f0!2f0!3f0!3m2!1i1024!2i768!4f13.1!4m13!3e6!4m5!1s0x185cd0ba23b63ecb%3A0x52c848ab6efc138e!2sZanz%C3%ADbar%2C%20Tanzania!3m2!1d-6.1651929999999995!2d39.1989144!4m5!1s0x1845442132f74d97%3A0x89938f1d09697f82!2sPemba%2C%20Tanzania!3m2!1d-6!2d37.55!5e0!3m2!1ses!2ses!4v1684409119184!5m2!1ses!2ses\" width=\"600\" height=\"450\" style=\"border:0;\" allowfullscreen=\"\" loading=\"lazy\" referrerpolicy=\"no-referrer-when-downgrade\"><\/iframe>\t\t<\/div>\n\t\t\t\t<\/div>\n\t\t\t\t\t<\/div>\n\t\t<\/div>\n\t\t\t\t\t<\/div>\n\t\t<\/section>\n\t\t\t\t<\/div>","protected":false},"excerpt":{"rendered":"<p>Distancia Zanz\u00edbar y Pemba La distancia entre la isla de Zanz\u00edbar y Pemba es de aproximadamente 50 kil\u00f3metros. Ambas islas son parte del archipi\u00e9lago de Zanz\u00edbar, situado en el oc\u00e9ano \u00cdndico, frente a la costa de Tanzania. Para llegar de Zanz\u00edbar a Pemba, la forma m\u00e1s com\u00fan es tomar un vuelo dom\u00e9stico. Los vuelos regulares &#8230; <a title=\"Distance entre Zanzibar et Pemba\" class=\"read-more\" href=\"https:\/\/disfrutazanzibar.com\/fr\/distance\/zanzibar-pemba\/\" aria-label=\"Plus sur Distancia Zanzibar y Pemba\">Lire plus<\/a><\/p>","protected":false},"author":1,"featured_media":0,"parent":1583,"menu_order":0,"comment_status":"closed","ping_status":"closed","template":"","meta":{"footnotes":""},"class_list":["post-1647","page","type-page","status-publish"],"_links":{"self":[{"href":"https:\/\/disfrutazanzibar.com\/fr\/wp-json\/wp\/v2\/pages\/1647","targetHints":{"allow":["GET"]}}],"collection":[{"href":"https:\/\/disfrutazanzibar.com\/fr\/wp-json\/wp\/v2\/pages"}],"about":[{"href":"https:\/\/disfrutazanzibar.com\/fr\/wp-json\/wp\/v2\/types\/page"}],"author":[{"embeddable":true,"href":"https:\/\/disfrutazanzibar.com\/fr\/wp-json\/wp\/v2\/users\/1"}],"replies":[{"embeddable":true,"href":"https:\/\/disfrutazanzibar.com\/fr\/wp-json\/wp\/v2\/comments?post=1647"}],"version-history":[{"count":8,"href":"https:\/\/disfrutazanzibar.com\/fr\/wp-json\/wp\/v2\/pages\/1647\/revisions"}],"predecessor-version":[{"id":2581,"href":"https:\/\/disfrutazanzibar.com\/fr\/wp-json\/wp\/v2\/pages\/1647\/revisions\/2581"}],"up":[{"embeddable":true,"href":"https:\/\/disfrutazanzibar.com\/fr\/wp-json\/wp\/v2\/pages\/1583"}],"wp:attachment":[{"href":"https:\/\/disfrutazanzibar.com\/fr\/wp-json\/wp\/v2\/media?parent=1647"}],"curies":[{"name":"wp","href":"https:\/\/api.w.org\/{rel}","templated":true}]}}