{"id":165,"date":"2022-10-21T09:52:22","date_gmt":"2022-10-21T07:52:22","guid":{"rendered":"https:\/\/disfrutazanzibar.com\/?page_id=165"},"modified":"2022-10-21T09:53:10","modified_gmt":"2022-10-21T07:53:10","slug":"aviso-legal","status":"publish","type":"page","link":"https:\/\/disfrutazanzibar.com\/fr\/avis-juridique\/","title":{"rendered":"Avis juridique"},"content":{"rendered":"<div data-elementor-type=\"wp-page\" data-elementor-id=\"165\" class=\"elementor elementor-165\">\n\t\t\t\t\t\t<section data-exad-particle-enable=\"false\" class=\"elementor-section elementor-top-section elementor-element elementor-element-36d64f5 elementor-section-boxed elementor-section-height-default elementor-section-height-default exad-parallax-effect-no exad-background-color-change-no exad-glass-effect-no exad-sticky-section-no\" data-id=\"36d64f5\" data-element_type=\"section\">\n\t\t\t\t\t\t<div class=\"elementor-container elementor-column-gap-default\">\n\t\t\t\t\t<div class=\"elementor-column elementor-col-100 elementor-top-column elementor-element elementor-element-1b92602 exad-glass-effect-no exad-sticky-section-no\" data-id=\"1b92602\" data-element_type=\"column\">\n\t\t\t<div class=\"elementor-widget-wrap elementor-element-populated\">\n\t\t\t\t\t\t<div class=\"elementor-element elementor-element-790d1f6 exad-sticky-section-no exad-glass-effect-no elementor-widget elementor-widget-text-editor\" data-id=\"790d1f6\" data-element_type=\"widget\" data-widget_type=\"text-editor.default\">\n\t\t\t\t<div class=\"elementor-widget-container\">\n\t\t\t<style>\/*! elementor - v3.23.0 - 05-08-2024 *\/\n.elementor-widget-text-editor.elementor-drop-cap-view-stacked .elementor-drop-cap{background-color:#69727d;color:#fff}.elementor-widget-text-editor.elementor-drop-cap-view-framed .elementor-drop-cap{color:#69727d;border:3px solid;background-color:transparent}.elementor-widget-text-editor:not(.elementor-drop-cap-view-default) .elementor-drop-cap{margin-top:8px}.elementor-widget-text-editor:not(.elementor-drop-cap-view-default) .elementor-drop-cap-letter{width:1em;height:1em}.elementor-widget-text-editor .elementor-drop-cap{float:left;text-align:center;line-height:1;font-size:50px}.elementor-widget-text-editor .elementor-drop-cap-letter{display:inline-block}<\/style>\t\t\t\t<h2>Avis juridique<\/h2>\nConform\u00e9ment \u00e0 l'article 10 de la loi 34\/2002, du 11 juillet, sur les services de la soci\u00e9t\u00e9 de l'information et le commerce \u00e9lectronique (LSSICE), les donn\u00e9es d'identification de la soci\u00e9t\u00e9 sont indiqu\u00e9es ci-dessous.\n<h5>1. DONN\u00c9ES D'IDENTIFICATION<\/h5>\nConform\u00e9ment \u00e0 l'obligation d'information pr\u00e9vue \u00e0 l'article 10 de la loi 34\/2002, du 11 juillet, sur les services de la soci\u00e9t\u00e9 de l'information et le commerce \u00e9lectronique, nous vous informons que ce site web, disfrutazanzibar.com, est la propri\u00e9t\u00e9 de Marketing e innovaci\u00f3n online, CC, S.L. (ci-apr\u00e8s Disfruta Zanzibar) avec <strong>TVA NO\/NIF<\/strong>B42624429 et avec <strong>domicile fiscal<\/strong> \u00e0 Avenida Pa\u00eds Valenci\u00e1, 181, Benissa (Alicante).\n\nAdresse \u00e9lectronique de contact :\n<a href=\"mailto:info@lafabricadelseo.com\">info@lafabricadelseo.com<\/a>\n<h5>2. UTILISATEURS<\/h5>\nL'acc\u00e8s et\/ou l'utilisation de ce portail Disfruta Zanzibar, cr\u00e9ateur du site web, attribue la condition d'UTILISATEUR, qui accepte, \u00e0 partir de cet acc\u00e8s et\/ou utilisation, les Conditions G\u00e9n\u00e9rales d'Utilisation refl\u00e9t\u00e9es ici. Les conditions susmentionn\u00e9es seront appliqu\u00e9es ind\u00e9pendamment des conditions g\u00e9n\u00e9rales de contrat qui peuvent \u00eatre obligatoires.\n<h5>3. UTILISATION DU PORTAIL<\/h5>\nDisfruta Zanzibar donne acc\u00e8s \u00e0 une multitude d'informations, de services, de programmes ou de donn\u00e9es (ci-apr\u00e8s \"les contenus\") sur Internet appartenant \u00e0 Disfruta Zanzibar, cr\u00e9ateur du site, ou \u00e0 ses conc\u00e9dants de licence, auxquels l'UTILISATEUR peut avoir acc\u00e8s. L'UTILISATEUR assume la responsabilit\u00e9 de l'utilisation du portail. Cette responsabilit\u00e9 s'\u00e9tend \u00e0 l'enregistrement qui peut \u00eatre n\u00e9cessaire pour acc\u00e9der \u00e0 certains services ou contenus.\nLors de cet enregistrement, l'UTILISATEUR est tenu de fournir des informations v\u00e9ridiques et licites. En cons\u00e9quence de cet enregistrement, l'UTILISATEUR peut se voir attribuer un mot de passe dont il est responsable et qu'il s'engage \u00e0 utiliser de mani\u00e8re diligente et confidentielle. L'UTILISATEUR s'engage \u00e0 faire un usage appropri\u00e9 des contenus et des services (tels que les services de chat, les forums de discussion ou les newsgroups) que Disfruta Zanzibar offre \u00e0 travers son portail et, \u00e0 titre d'exemple mais non limitatif, \u00e0 ne pas les utiliser pour (i) se livrer \u00e0 l'une des activit\u00e9s suivantes <a href=\"https:\/\/disfrutazanzibar.com\/fr\/activites\/\">activit\u00e9s<\/a> illicites, ill\u00e9gaux ou contraires \u00e0 la bonne foi et \u00e0 l'ordre public ; (ii) diffuser des contenus ou de la propagande \u00e0 caract\u00e8re raciste, x\u00e9nophobe, pornographique-ill\u00e9gal, en faveur du terrorisme ou contre les droits de l'homme ; (iii) causer des dommages aux syst\u00e8mes physiques et logiques de Disfruta Zanzibar, de ses fournisseurs ou de tiers, introduire ou diffuser des virus informatiques ou tout autre syst\u00e8me physique ou logique pouvant causer les dommages susmentionn\u00e9s ; (iv) essayer d'acc\u00e9der et, le cas \u00e9ch\u00e9ant, d'utiliser les comptes de courrier \u00e9lectronique d'autres utilisateurs et de modifier ou de manipuler leurs messages. Disfruta Zanzibar se r\u00e9serve le droit de supprimer tous les commentaires et contributions qui violent le respect de la dignit\u00e9 de la personne, qui sont discriminatoires, x\u00e9nophobes, racistes, pornographiques, qui menacent la jeunesse ou l'enfance, l'ordre public ou la s\u00e9curit\u00e9 ou qui, \u00e0 son avis, ne sont pas appropri\u00e9s pour la publication. En tout \u00e9tat de cause, Disfruta Zanzibar web ne sera pas responsable des opinions exprim\u00e9es par les utilisateurs \u00e0 travers les forums, chats ou autres outils de participation.\n<h5>4. PROTECTION DES DONN\u00c9ES<\/h5>\nDisfruta Zanzibar respecte les lignes directrices de la loi organique 15\/1999 du 13 d\u00e9cembre 1999. <a href=\"https:\/\/disfrutazanzibar.com\/fr\/zanzibar-en-decembre\/\">D\u00e9cembre<\/a> La loi organique sur la protection des donn\u00e9es personnelles, d\u00e9cret royal 1720\/2007 du 21 d\u00e9cembre, qui approuve le r\u00e8glement d'application de la loi organique et d'autres r\u00e8glements en vigueur \u00e0 tout moment, garantit l'utilisation et le traitement corrects des donn\u00e9es personnelles de l'utilisateur. \u00c0 cette fin, dans les services que l'utilisateur peut demander \u00e0 Disfruta Zanzibar, l'utilisateur sera inform\u00e9, avec chaque formulaire de collecte de donn\u00e9es \u00e0 caract\u00e8re personnel, de l'existence et de l'acceptation des conditions sp\u00e9cifiques du traitement de ses donn\u00e9es dans chaque cas, en l'informant de la responsabilit\u00e9 du fichier cr\u00e9\u00e9, de l'adresse du responsable, de la possibilit\u00e9 d'exercer ses droits d'acc\u00e8s, de rectification, d'annulation ou d'opposition, de la finalit\u00e9 du traitement et de la communication des donn\u00e9es \u00e0 des tiers, le cas \u00e9ch\u00e9ant. De m\u00eame, Disfruta Zanzibar vous informe qu'elle respecte la loi 34\/2002, du 11 juillet, sur les services de la soci\u00e9t\u00e9 de l'information et le commerce \u00e9lectronique et qu'elle vous demandera \u00e0 tout moment votre consentement pour le traitement de votre courrier \u00e9lectronique \u00e0 des fins commerciales.\n<h5>5. PROPRI\u00c9T\u00c9 INTELLECTUELLE ET INDUSTRIELLE<\/h5>\nDisfruta Zanzibar, elle-m\u00eame ou en tant que cessionnaire, est titulaire de tous les droits de propri\u00e9t\u00e9 intellectuelle et industrielle de son site web, ainsi que des \u00e9l\u00e9ments qu'il contient (y compris, mais sans s'y limiter, les images, le son, l'audio, la vid\u00e9o, les logiciels ou les textes ; les marques ou les logos, les combinaisons de couleurs, la structure et la conception, la s\u00e9lection des mat\u00e9riaux utilis\u00e9s, les programmes informatiques n\u00e9cessaires \u00e0 son fonctionnement, \u00e0 son acc\u00e8s et \u00e0 son utilisation, etc. Tous les droits sont r\u00e9serv\u00e9s. En vertu des dispositions des articles 8 et 32.1, deuxi\u00e8me alin\u00e9a, de la loi sur la propri\u00e9t\u00e9 intellectuelle, la reproduction, la distribution et la communication publique, y compris la mise \u00e0 disposition, de tout ou partie du contenu de ce site web, \u00e0 des fins commerciales, sur tout support et par tout moyen technique, sans l'autorisation de Disfruta Zanzibar, sont express\u00e9ment interdites. L'UTILISATEUR s'engage \u00e0 respecter les droits de propri\u00e9t\u00e9 intellectuelle et industrielle d\u00e9tenus par Disfruta Zanzibar. Vous pouvez visualiser les \u00e9l\u00e9ments du portail et m\u00eame les imprimer, les copier et les stocker sur le disque dur de votre ordinateur ou sur tout autre support physique, \u00e0 condition que ce soit uniquement et exclusivement pour votre usage personnel et priv\u00e9. L'UTILISATEUR doit s'abstenir d'effacer, d'alt\u00e9rer, d'\u00e9luder ou de manipuler tout dispositif de protection ou syst\u00e8me de s\u00e9curit\u00e9 install\u00e9 sur les pages de Disfruta Zanzibar.\n<h5>6. EXCLUSION DES GARANTIES ET DE LA RESPONSABILIT\u00c9<\/h5>\nDisfruta Zanzibar. n'est en aucun cas responsable des dommages de toute nature qui pourraient \u00eatre caus\u00e9s par, mais sans s'y limiter : des erreurs ou des omissions dans les contenus, le manque de disponibilit\u00e9 du portail ou la transmission de virus ou de programmes malveillants ou nuisibles dans les contenus, bien qu'elle ait adopt\u00e9 toutes les mesures technologiques n\u00e9cessaires pour l'\u00e9viter.\n<h5>7. MODIFICATIONS<\/h5>\nDisfruta Zanzibar se r\u00e9serve le droit d'apporter les modifications qu'elle juge opportunes \u00e0 son portail sans pr\u00e9avis, pouvant changer, supprimer ou ajouter aussi bien les contenus et les services fournis \u00e0 travers celui-ci que la fa\u00e7on dont ils sont pr\u00e9sent\u00e9s ou situ\u00e9s sur son portail.\n<h5>8. LIENS<\/h5>\nDans le cas o\u00f9 le nom de domaine contiendrait des liens ou des hyperliens vers d'autres sites Internet, Disfruta Zanzibar n'exercera aucun type de contr\u00f4le sur ces sites et leur contenu. En aucun cas, Disfruta Zanzibar n'assumera la responsabilit\u00e9 du contenu de tout lien appartenant \u00e0 un site Internet externe, ni ne garantira la disponibilit\u00e9 technique, la qualit\u00e9, la fiabilit\u00e9, l'exactitude, l'exhaustivit\u00e9, la v\u00e9racit\u00e9, la validit\u00e9 et la constitutionnalit\u00e9 de tout mat\u00e9riel ou information contenu dans l'un de ces hyperliens ou dans d'autres sites Internet. De m\u00eame, l'inclusion de ces connexions externes n'implique aucun type d'association, de fusion ou de participation avec les entit\u00e9s connect\u00e9es.\n<h5>9. DROIT D'EXCLUSION<\/h5>\nDisfruta Zanzibar se r\u00e9serve le droit de refuser ou de retirer l'acc\u00e8s au portail et\/ou aux services offerts sans avis pr\u00e9alable, \u00e0 sa demande ou \u00e0 celle d'un tiers, aux utilisateurs qui ne respectent pas les pr\u00e9sentes conditions g\u00e9n\u00e9rales d'utilisation.\n<h5>10.G\u00c9N\u00c9RAL<\/h5>\nDisfruta Zanzibar poursuivra la violation de ces conditions ainsi que toute utilisation impropre de son portail, en exer\u00e7ant toutes les actions civiles et p\u00e9nales qui peuvent lui correspondre en vertu de la loi.\n<h5>11. MODIFICATION DES PR\u00c9SENTES CONDITIONS ET DUR\u00c9E<\/h5>\nDisfruta Zanzibar peut modifier \u00e0 tout moment les conditions d\u00e9termin\u00e9es ici, \u00e9tant d\u00fbment publi\u00e9es telles qu'elles apparaissent ici. La validit\u00e9 des conditions susmentionn\u00e9es d\u00e9pendra de leur exposition et sera en vigueur jusqu'\u00e0 ce qu'elles soient modifi\u00e9es par d'autres d\u00fbment publi\u00e9es.\n<h5>12. DROIT APPLICABLE ET JURIDICTION<\/h5>\nLa relation entre Disfruta Zanzibar et l'UTILISATEUR sera r\u00e9gie par la r\u00e9glementation espagnole en vigueur et toute controverse sera soumise aux Cours et Tribunaux de la ville d'Alicante.\n\t\t\t\t\t\t<\/div>\n\t\t\t\t<\/div>\n\t\t\t\t\t<\/div>\n\t\t<\/div>\n\t\t\t\t\t<\/div>\n\t\t<\/section>\n\t\t\t\t<\/div>","protected":false},"excerpt":{"rendered":"<p>Aviso legal En cumplimiento del art\u00edculo 10 de la Ley 34\/2002, del 11 de julio, de servicios de la Sociedad de la Informaci\u00f3n y Comercio Electr\u00f3nico (LSSICE) se exponen a continuaci\u00f3n los datos identificativos de la empresa. 1. DATOS IDENTIFICATIVOS En cumplimiento con el deber de informaci\u00f3n recogido en art\u00edculo 10 de la Ley 34\/2002, &#8230; <a title=\"Avis juridique\" class=\"read-more\" href=\"https:\/\/disfrutazanzibar.com\/fr\/avis-juridique\/\" aria-label=\"Plus sur Aviso Legal\">Lire plus<\/a><\/p>","protected":false},"author":1,"featured_media":0,"parent":0,"menu_order":0,"comment_status":"closed","ping_status":"closed","template":"elementor_header_footer","meta":{"footnotes":""},"class_list":["post-165","page","type-page","status-publish"],"_links":{"self":[{"href":"https:\/\/disfrutazanzibar.com\/fr\/wp-json\/wp\/v2\/pages\/165","targetHints":{"allow":["GET"]}}],"collection":[{"href":"https:\/\/disfrutazanzibar.com\/fr\/wp-json\/wp\/v2\/pages"}],"about":[{"href":"https:\/\/disfrutazanzibar.com\/fr\/wp-json\/wp\/v2\/types\/page"}],"author":[{"embeddable":true,"href":"https:\/\/disfrutazanzibar.com\/fr\/wp-json\/wp\/v2\/users\/1"}],"replies":[{"embeddable":true,"href":"https:\/\/disfrutazanzibar.com\/fr\/wp-json\/wp\/v2\/comments?post=165"}],"version-history":[{"count":7,"href":"https:\/\/disfrutazanzibar.com\/fr\/wp-json\/wp\/v2\/pages\/165\/revisions"}],"predecessor-version":[{"id":172,"href":"https:\/\/disfrutazanzibar.com\/fr\/wp-json\/wp\/v2\/pages\/165\/revisions\/172"}],"wp:attachment":[{"href":"https:\/\/disfrutazanzibar.com\/fr\/wp-json\/wp\/v2\/media?parent=165"}],"curies":[{"name":"wp","href":"https:\/\/api.w.org\/{rel}","templated":true}]}}