{"id":1664,"date":"2023-05-18T13:43:58","date_gmt":"2023-05-18T11:43:58","guid":{"rendered":"https:\/\/disfrutazanzibar.com\/?page_id=1664"},"modified":"2024-08-26T13:09:20","modified_gmt":"2024-08-26T11:09:20","slug":"zanzibar-kilimajuu","status":"publish","type":"page","link":"https:\/\/disfrutazanzibar.com\/fr\/distance\/zanzibar-kilimajuu\/","title":{"rendered":"Distance Zanzibar Kilimajuu"},"content":{"rendered":"<div data-elementor-type=\"wp-page\" data-elementor-id=\"1664\" class=\"elementor elementor-1664\">\n\t\t\t\t\t\t<section data-exad-particle-enable=\"false\" class=\"elementor-section elementor-top-section elementor-element elementor-element-60fb5cd elementor-section-height-min-height elementor-section-full_width elementor-section-height-default elementor-section-items-middle exad-parallax-effect-no exad-background-color-change-no exad-glass-effect-no exad-sticky-section-no\" data-id=\"60fb5cd\" data-element_type=\"section\" data-settings=\"{&quot;background_background&quot;:&quot;classic&quot;}\">\n\t\t\t\t\t\t<div class=\"elementor-container elementor-column-gap-default\">\n\t\t\t\t\t<div class=\"elementor-column elementor-col-100 elementor-top-column elementor-element elementor-element-bb61e4c exad-glass-effect-no exad-sticky-section-no\" data-id=\"bb61e4c\" data-element_type=\"column\">\n\t\t\t<div class=\"elementor-widget-wrap elementor-element-populated\">\n\t\t\t\t\t\t<div class=\"elementor-element elementor-element-37bdf518 exad-sticky-section-no exad-glass-effect-no elementor-widget elementor-widget-heading\" data-id=\"37bdf518\" data-element_type=\"widget\" data-widget_type=\"heading.default\">\n\t\t\t\t<div class=\"elementor-widget-container\">\n\t\t\t<style>\/*! elementor - v3.23.0 - 05-08-2024 *\/\n.elementor-heading-title{padding:0;margin:0;line-height:1}.elementor-widget-heading .elementor-heading-title[class*=elementor-size-]>a{color:inherit;font-size:inherit;line-height:inherit}.elementor-widget-heading .elementor-heading-title.elementor-size-small{font-size:15px}.elementor-widget-heading .elementor-heading-title.elementor-size-medium{font-size:19px}.elementor-widget-heading .elementor-heading-title.elementor-size-large{font-size:29px}.elementor-widget-heading .elementor-heading-title.elementor-size-xl{font-size:39px}.elementor-widget-heading .elementor-heading-title.elementor-size-xxl{font-size:59px}<\/style><p class=\"elementor-heading-title elementor-size-default\">Distance zanzibar kilimajuu<\/p>\t\t<\/div>\n\t\t\t\t<\/div>\n\t\t\t\t<div class=\"elementor-element elementor-element-58283845 exad-sticky-section-no exad-glass-effect-no elementor-widget elementor-widget-text-editor\" data-id=\"58283845\" data-element_type=\"widget\" data-widget_type=\"text-editor.default\">\n\t\t\t\t<div class=\"elementor-widget-container\">\n\t\t\t<style>\/*! elementor - v3.23.0 - 05-08-2024 *\/\n.elementor-widget-text-editor.elementor-drop-cap-view-stacked .elementor-drop-cap{background-color:#69727d;color:#fff}.elementor-widget-text-editor.elementor-drop-cap-view-framed .elementor-drop-cap{color:#69727d;border:3px solid;background-color:transparent}.elementor-widget-text-editor:not(.elementor-drop-cap-view-default) .elementor-drop-cap{margin-top:8px}.elementor-widget-text-editor:not(.elementor-drop-cap-view-default) .elementor-drop-cap-letter{width:1em;height:1em}.elementor-widget-text-editor .elementor-drop-cap{float:left;text-align:center;line-height:1;font-size:50px}.elementor-widget-text-editor .elementor-drop-cap-letter{display:inline-block}<\/style>\t\t\t\t<p style=\"text-align: center;\"><nav aria-label=\"chapelure\" class=\"rank-math-breadcrumb\"><p><span class=\"last\">Accueil<\/span><\/p><\/nav><\/p>\t\t\t\t\t\t<\/div>\n\t\t\t\t<\/div>\n\t\t\t\t\t<\/div>\n\t\t<\/div>\n\t\t\t\t\t<\/div>\n\t\t<\/section>\n\t\t\t\t<section data-exad-particle-enable=\"false\" class=\"elementor-section elementor-top-section elementor-element elementor-element-5620b20d elementor-section-boxed elementor-section-height-default elementor-section-height-default exad-parallax-effect-no exad-background-color-change-no exad-glass-effect-no exad-sticky-section-no\" data-id=\"5620b20d\" data-element_type=\"section\">\n\t\t\t\t\t\t<div class=\"elementor-container elementor-column-gap-default\">\n\t\t\t\t\t<div class=\"elementor-column elementor-col-100 elementor-top-column elementor-element elementor-element-7b419b29 exad-glass-effect-no exad-sticky-section-no\" data-id=\"7b419b29\" data-element_type=\"column\">\n\t\t\t<div class=\"elementor-widget-wrap elementor-element-populated\">\n\t\t\t\t\t\t<div class=\"elementor-element elementor-element-3ec64839 exad-sticky-section-no exad-glass-effect-no elementor-widget elementor-widget-text-editor\" data-id=\"3ec64839\" data-element_type=\"widget\" data-widget_type=\"text-editor.default\">\n\t\t\t\t<div class=\"elementor-widget-container\">\n\t\t\t\t\t\t\t<p>La distance entre Zanzibar et Kilimajuu est d'environ 70 kilom\u00e8tres. Zanzibar, la belle \u00eele de l'oc\u00e9an Indien, et Kilimajuu, une ville de la r\u00e9gion du Kilimandjaro en Tanzanie, sont des destinations qui offrent des exp\u00e9riences uniques.<\/p><p>Pour se rendre de Zanzibar \u00e0 Kilimajuu, le moyen le plus courant est de prendre un vol int\u00e9rieur \u00e0 partir de l'a\u00e9roport de Zanzibar. <a href=\"https:\/\/disfrutazanzibar.com\/fr\/aeroport\/\">A\u00e9roport<\/a> de Zanzibar \u00e0 l'a\u00e9roport international du Kilimandjaro, situ\u00e9 pr\u00e8s de Kilimajuu. La dur\u00e9e du vol est d'environ 1 heure.<\/p><p>Une fois arriv\u00e9 \u00e0 l'a\u00e9roport international du Kilimandjaro, vous pouvez prendre un taxi ou un transport terrestre jusqu'\u00e0 Kilimajuu, qui se trouve \u00e0 quelques kilom\u00e8tres de l\u00e0. La dur\u00e9e du trajet au sol peut varier en fonction du trafic et de l'\u00e9tat des routes.<\/p><p>N'oubliez pas de v\u00e9rifier les horaires et la disponibilit\u00e9 des vols avant de planifier votre voyage. Veillez \u00e9galement \u00e0 respecter les exigences en mati\u00e8re de visa et de documents n\u00e9cessaires pour entrer en Tanzanie, ainsi que les mesures sanitaires ou les restrictions de voyage en vigueur au moment de votre visite.<\/p><p>Pr\u00e9parez-vous \u00e0 profiter de la beaut\u00e9 naturelle et des merveilles culturelles de Kilimajuu apr\u00e8s votre arriv\u00e9e \u00e0 Zanzibar, o\u00f9 de nouvelles exp\u00e9riences et des aventures inoubliables vous attendent !<\/p>\t\t\t\t\t\t<\/div>\n\t\t\t\t<\/div>\n\t\t\t\t\t<\/div>\n\t\t<\/div>\n\t\t\t\t\t<\/div>\n\t\t<\/section>\n\t\t\t\t<section data-exad-particle-enable=\"false\" class=\"elementor-section elementor-top-section elementor-element elementor-element-67eb6d4 elementor-section-boxed elementor-section-height-default elementor-section-height-default exad-parallax-effect-no exad-background-color-change-no exad-glass-effect-no exad-sticky-section-no\" data-id=\"67eb6d4\" data-element_type=\"section\">\n\t\t\t\t\t\t<div class=\"elementor-container elementor-column-gap-default\">\n\t\t\t\t\t<div class=\"elementor-column elementor-col-100 elementor-top-column elementor-element elementor-element-10d444f exad-glass-effect-no exad-sticky-section-no\" data-id=\"10d444f\" data-element_type=\"column\">\n\t\t\t<div class=\"elementor-widget-wrap elementor-element-populated\">\n\t\t\t\t\t\t<div class=\"elementor-element elementor-element-0438c32 exad-sticky-section-no exad-glass-effect-no elementor-widget elementor-widget-html\" data-id=\"0438c32\" data-element_type=\"widget\" data-widget_type=\"html.default\">\n\t\t\t\t<div class=\"elementor-widget-container\">\n\t\t\t<iframe src=\"https:\/\/www.google.com\/maps\/embed?pb=!1m28!1m12!1m3!1d126967.64507924531!2d39.194185167021146!3d-6.030527490347976!2m3!1f0!2f0!3f0!3m2!1i1024!2i768!4f13.1!4m13!3e6!4m5!1s0x1842d828f4f0c02b%3A0xc5095df9b695fab5!2sKilimajuu%2C%20Tanzania!3m2!1d-5.896796!2d39.353693!4m5!1s0x185cd0ba23b63ecb%3A0x52c848ab6efc138e!2sZanz%C3%ADbar%2C%20Tanzania!3m2!1d-6.1651929999999995!2d39.1989144!5e0!3m2!1ses!2ses!4v1684410221052!5m2!1ses!2ses\" width=\"600\" height=\"450\" style=\"border:0;\" allowfullscreen=\"\" loading=\"lazy\" referrerpolicy=\"no-referrer-when-downgrade\"><\/iframe>\t\t<\/div>\n\t\t\t\t<\/div>\n\t\t\t\t\t<\/div>\n\t\t<\/div>\n\t\t\t\t\t<\/div>\n\t\t<\/section>\n\t\t\t\t<\/div>","protected":false},"excerpt":{"rendered":"<p>Distancia zanzibar kilimajuu La distancia entre Zanz\u00edbar y Kilimajuu es de aproximadamente 70 kil\u00f3metros. Zanz\u00edbar, la hermosa isla en el oc\u00e9ano \u00cdndico, y Kilimajuu, una localidad en la regi\u00f3n de Kilimanjaro en Tanzania, son destinos que ofrecen experiencias \u00fanicas. Para viajar desde Zanz\u00edbar hasta Kilimajuu, la forma m\u00e1s com\u00fan es tomar un vuelo dom\u00e9stico desde &#8230; <a title=\"Distance Zanzibar Kilimajuu\" class=\"read-more\" href=\"https:\/\/disfrutazanzibar.com\/fr\/distance\/zanzibar-kilimajuu\/\" aria-label=\"Plus sur Distancia Zanzibar Kilimajuu\">Lire plus<\/a><\/p>","protected":false},"author":1,"featured_media":0,"parent":1583,"menu_order":0,"comment_status":"closed","ping_status":"closed","template":"","meta":{"footnotes":""},"class_list":["post-1664","page","type-page","status-publish"],"_links":{"self":[{"href":"https:\/\/disfrutazanzibar.com\/fr\/wp-json\/wp\/v2\/pages\/1664","targetHints":{"allow":["GET"]}}],"collection":[{"href":"https:\/\/disfrutazanzibar.com\/fr\/wp-json\/wp\/v2\/pages"}],"about":[{"href":"https:\/\/disfrutazanzibar.com\/fr\/wp-json\/wp\/v2\/types\/page"}],"author":[{"embeddable":true,"href":"https:\/\/disfrutazanzibar.com\/fr\/wp-json\/wp\/v2\/users\/1"}],"replies":[{"embeddable":true,"href":"https:\/\/disfrutazanzibar.com\/fr\/wp-json\/wp\/v2\/comments?post=1664"}],"version-history":[{"count":8,"href":"https:\/\/disfrutazanzibar.com\/fr\/wp-json\/wp\/v2\/pages\/1664\/revisions"}],"predecessor-version":[{"id":2572,"href":"https:\/\/disfrutazanzibar.com\/fr\/wp-json\/wp\/v2\/pages\/1664\/revisions\/2572"}],"up":[{"embeddable":true,"href":"https:\/\/disfrutazanzibar.com\/fr\/wp-json\/wp\/v2\/pages\/1583"}],"wp:attachment":[{"href":"https:\/\/disfrutazanzibar.com\/fr\/wp-json\/wp\/v2\/media?parent=1664"}],"curies":[{"name":"wp","href":"https:\/\/api.w.org\/{rel}","templated":true}]}}