{"id":173,"date":"2022-10-21T09:55:00","date_gmt":"2022-10-21T07:55:00","guid":{"rendered":"https:\/\/disfrutazanzibar.com\/?page_id=173"},"modified":"2022-10-21T09:55:29","modified_gmt":"2022-10-21T07:55:29","slug":"politica-de-cookies","status":"publish","type":"page","link":"https:\/\/disfrutazanzibar.com\/fr\/politique-en-matiere-de-cookies\/","title":{"rendered":"Politique en mati\u00e8re de cookies"},"content":{"rendered":"<div data-elementor-type=\"wp-page\" data-elementor-id=\"173\" class=\"elementor elementor-173\">\n\t\t\t\t\t\t<section data-exad-particle-enable=\"false\" class=\"elementor-section elementor-top-section elementor-element elementor-element-8e7d614 elementor-section-boxed elementor-section-height-default elementor-section-height-default exad-parallax-effect-no exad-background-color-change-no exad-glass-effect-no exad-sticky-section-no\" data-id=\"8e7d614\" data-element_type=\"section\">\n\t\t\t\t\t\t<div class=\"elementor-container elementor-column-gap-default\">\n\t\t\t\t\t<div class=\"elementor-column elementor-col-100 elementor-top-column elementor-element elementor-element-baa1abd exad-glass-effect-no exad-sticky-section-no\" data-id=\"baa1abd\" data-element_type=\"column\">\n\t\t\t<div class=\"elementor-widget-wrap elementor-element-populated\">\n\t\t\t\t\t\t<div class=\"elementor-element elementor-element-907c157 exad-sticky-section-no exad-glass-effect-no elementor-widget elementor-widget-text-editor\" data-id=\"907c157\" data-element_type=\"widget\" data-widget_type=\"text-editor.default\">\n\t\t\t\t<div class=\"elementor-widget-container\">\n\t\t\t<style>\/*! elementor - v3.23.0 - 05-08-2024 *\/\n.elementor-widget-text-editor.elementor-drop-cap-view-stacked .elementor-drop-cap{background-color:#69727d;color:#fff}.elementor-widget-text-editor.elementor-drop-cap-view-framed .elementor-drop-cap{color:#69727d;border:3px solid;background-color:transparent}.elementor-widget-text-editor:not(.elementor-drop-cap-view-default) .elementor-drop-cap{margin-top:8px}.elementor-widget-text-editor:not(.elementor-drop-cap-view-default) .elementor-drop-cap-letter{width:1em;height:1em}.elementor-widget-text-editor .elementor-drop-cap{float:left;text-align:center;line-height:1;font-size:50px}.elementor-widget-text-editor .elementor-drop-cap-letter{display:inline-block}<\/style>\t\t\t\t<h2 style=\"text-align: left;\" align=\"center\"><strong>Politique en mati\u00e8re de cookies<\/strong><\/h2><p style=\"text-align: left;\" align=\"center\"><br \/>Sur le web <a href=\"https:\/\/disfrutazanzibar.com\/fr\/\">disfrutazanzibar.com<\/a> nous utilisons des cookies pour permettre aux visiteurs de s'engager plus facilement dans notre contenu et pour nous permettre de compiler des statistiques sur les visiteurs que nous recevons.<br \/>Conform\u00e9ment \u00e0 la directive 2009\/136\/CE, transpos\u00e9e dans notre l\u00e9gislation par le deuxi\u00e8me paragraphe de l'article 22 de la loi sur les services de la soci\u00e9t\u00e9 de l'information, et suivant les directives de l'Agence espagnole de protection des donn\u00e9es, nous vous informons en d\u00e9tail de l'utilisation qui est faite de notre site web.<br \/>Les cookies sont de petits fichiers enregistr\u00e9s dans le navigateur utilis\u00e9 par chaque visiteur de notre site web afin que le serveur puisse se souvenir de la visite de cet utilisateur \u00e0 une date ult\u00e9rieure lorsqu'il acc\u00e8de \u00e0 nouveau \u00e0 notre contenu. Ces informations ne r\u00e9v\u00e8lent pas votre identit\u00e9 ni aucune donn\u00e9e personnelle et n'acc\u00e8dent pas non plus au contenu stock\u00e9 sur votre ordinateur, mais elles permettent \u00e0 notre syst\u00e8me de vous identifier en tant qu'utilisateur sp\u00e9cifique ayant d\u00e9j\u00e0 visit\u00e9 le site web, consult\u00e9 certaines pages, etc. et nous permettent \u00e9galement d'enregistrer vos pr\u00e9f\u00e9rences personnelles et des informations techniques telles que les visites effectu\u00e9es ou les pages sp\u00e9cifiques que vous visitez.<br \/>L'objectif des cookies est de permettre \u00e0 l'utilisateur d'acc\u00e9der plus rapidement aux services s\u00e9lectionn\u00e9s.<br \/>Si vous ne souhaitez pas que des cookies soient enregistr\u00e9s dans votre navigateur ou si vous pr\u00e9f\u00e9rez recevoir une information chaque fois qu'un cookie demande \u00e0 \u00eatre install\u00e9, vous pouvez configurer vos options de navigation de mani\u00e8re \u00e0 ce que ce soit le cas. La plupart des navigateurs permettent de g\u00e9rer les cookies de 3 mani\u00e8res diff\u00e9rentes :<\/p><ul style=\"text-align: left;\" type=\"disc\"><li>Les cookies sont toujours rejet\u00e9s ;<\/li><li>Le navigateur demande \u00e0 l'utilisateur s'il souhaite installer chaque cookie ;<\/li><li>Les cookies sont toujours accept\u00e9s ;<\/li><\/ul><p style=\"text-align: left;\">Votre navigateur peut \u00e9galement offrir la possibilit\u00e9 de s\u00e9lectionner en d\u00e9tail les cookies que vous souhaitez installer sur votre ordinateur. Plus pr\u00e9cis\u00e9ment, l'utilisateur peut normalement accepter l'une des options suivantes :<\/p><ul style=\"text-align: left;\" type=\"disc\"><li>refuser les cookies provenant de certains domaines ;<\/li><li>refuser les cookies de tiers ;<\/li><li>accepter les cookies comme non persistants (ils sont supprim\u00e9s lorsque le navigateur est ferm\u00e9) ;<\/li><li>permettre au serveur de cr\u00e9er des cookies pour un domaine diff\u00e9rent.<\/li><\/ul><p style=\"text-align: left;\"><strong>Pour autoriser, conna\u00eetre, bloquer ou supprimer les cookies install\u00e9s sur votre ordinateur, vous pouvez le faire en configurant les options du navigateur install\u00e9 sur votre ordinateur.<\/strong> <br \/>Des informations sur la mani\u00e8re de configurer les navigateurs les plus couramment utilis\u00e9s sont disponibles aux endroits suivants :<\/p><ul style=\"text-align: left;\" type=\"disc\"><li><strong>Internet Explorer<\/strong>Outils -&gt; Options Internet -&gt; Confidentialit\u00e9 -&gt; Param\u00e8tres. Pour plus d'informations, vous pouvez consulter le site\u00a0<a href=\"http:\/\/windows.microsoft.com\/es-ES\/windows\/support\" rel=\"nofollow noopener\" target=\"_blank\">Soutien de Microsoft<\/a>\u00a0ou l'aide du navigateur.<\/li><li><strong>Firefox<\/strong>Outils -&gt; Options -&gt; Confidentialit\u00e9 -&gt; Confidentialit\u00e9 -&gt; Historique -&gt; Param\u00e8tres personnalis\u00e9s. Pour plus d'informations, vous pouvez consulter le site\u00a0<a href=\"http:\/\/support.mozilla.org\/es\/home\" rel=\"nofollow noopener\" target=\"_blank\">Support Mozilla<\/a>\u00a0ou l'aide du navigateur.<\/li><li><strong>Chrome<\/strong>Pour ce faire, vous devez vous rendre \u00e0 l'adresse suivante : Param\u00e8tres -&gt; Afficher les options avanc\u00e9es -&gt; Confidentialit\u00e9 -&gt; Param\u00e8tres de contenu. Pour plus d'informations, vous pouvez consulter le\u00a0<a href=\"http:\/\/support.google.com\/chrome\/?hl=es\" rel=\"nofollow noopener\" target=\"_blank\">Soutien de Google<\/a>\u00a0ou l'aide du navigateur.<\/li><li><strong><a href=\"https:\/\/disfrutazanzibar.com\/fr\/activites\/safari\/\">Safari<\/a><\/strong>Pr\u00e9f\u00e9rences -&gt; S\u00e9curit\u00e9. Pour plus d'informations, vous pouvez consulter le site\u00a0<a href=\"http:\/\/www.apple.com\/es\/support\/safari\/\" rel=\"nofollow noopener\" target=\"_blank\">Support Apple<\/a>\u00a0ou l'aide du navigateur.<\/li><\/ul><p style=\"text-align: left;\">En ce qui concerne les cookies de tiers, c'est-\u00e0-dire ceux qui sont externes \u00e0 notre site web, nous ne pouvons \u00eatre tenus responsables du contenu et de la v\u00e9racit\u00e9 des politiques de confidentialit\u00e9 qu'ils incluent, de sorte que les informations que nous offrons sont toujours en r\u00e9f\u00e9rence \u00e0 la source.<br \/>Ci-dessous, nous vous informons en d\u00e9tail des cookies qui peuvent \u00eatre install\u00e9s \u00e0 partir de notre site web. En fonction de vos habitudes de navigation, tous les cookies ou seulement certains d'entre eux peuvent \u00eatre install\u00e9s.<\/p><p style=\"text-align: left;\">\u00a0<\/p><p style=\"text-align: left;\">Cookie : <strong>__utma<\/strong><br \/><strong>Description : <\/strong>Identification des visiteurs uniques : utilis\u00e9e pour enregistrer les visiteurs uniques \u00e0 des fins statistiques et analytiques.<br \/><strong>Dur\u00e9e de l'enqu\u00eate :<\/strong> 2 ans<br \/><strong>Source :<\/strong> Google (Analytics)<\/p><p style=\"text-align: left;\">Cookie : <strong>__utmb<\/strong><br \/>Description : Utilis\u00e9 pour d\u00e9terminer les nouvelles sessions ou visites.<br \/>Dur\u00e9e : 30 minutes<br \/>Source : Google (Analytics)<\/p><p style=\"text-align: left;\">Cookie : <strong>__utmc<\/strong><br \/><strong>Description :<\/strong> Non utilis\u00e9 dans ga.js. Il est utilis\u00e9 pour interagir avec urchin.js. Auparavant, ce cookie agissait en conjonction avec le cookie __utmb pour d\u00e9terminer si l'utilisateur se trouvait dans une nouvelle session ou visite.<br \/><strong>Dur\u00e9e de l'enqu\u00eate :<\/strong> Permet de limiter le pourcentage de demandes.<br \/><strong>Source : <\/strong>Google (Analytics)<\/p><p style=\"text-align: left;\">Cookie : <strong>__utmt<\/strong><br \/><strong>Description : <\/strong>Permet de limiter le pourcentage de demandes.<br \/><strong>Dur\u00e9e de l'enqu\u00eate : <\/strong>10 minutes<br \/><strong>Source : <\/strong>Google (Analytics)<\/p><p style=\"text-align: left;\">Cookie : <strong>__utmv<\/strong><br \/><strong>Description : <\/strong>Enregistrement du trafic et des sources de navigation : utilis\u00e9 pour enregistrer la mani\u00e8re dont vous \u00eates arriv\u00e9 sur notre site web (par une recherche Google, une publicit\u00e9, etc.) et les chemins que vous empruntez lors de votre navigation sur notre site. Nous utilisons ces informations pour am\u00e9liorer l'exp\u00e9rience des utilisateurs lors des prochaines mises \u00e0 jour.<br \/><strong>Dur\u00e9e de l'enqu\u00eate : <\/strong>6 mois<br \/><strong>Source : <\/strong>Google (Analytics)<\/p><p style=\"text-align: left;\">Cookie : <strong>__ga<\/strong><br \/><strong>Description : <\/strong>Il est utilis\u00e9 pour distinguer les utilisateurs.<br \/><strong>Dur\u00e9e de l'enqu\u00eate : <\/strong>2 ans<br \/><strong>Source : <\/strong>Google (Analytics)<\/p><p style=\"text-align: left;\">Cookie : <strong>Le gouvernement a d\u00e9cid\u00e9 de mettre en place un programme d'aide \u00e0 l'emploi et \u00e0 la formation.<\/strong><br \/><strong>Description : <\/strong>Permet de limiter le pourcentage de demandes.<br \/><strong>Dur\u00e9e de l'enqu\u00eate : <\/strong>10 minutes<br \/><strong>Source : <\/strong>Google (Analytics)<\/p><p style=\"text-align: left;\">Cookie : <strong>__gid<\/strong><br \/><strong>Description : <\/strong>Il est utilis\u00e9 pour distinguer les utilisateurs.<br \/><strong>Dur\u00e9e de l'enqu\u00eate : <\/strong>1 jour<br \/><strong>Source : <\/strong>Google (Analytics)<\/p><p style=\"text-align: left;\">Cookie : <strong>_fbp<\/strong><br \/><strong>Description : <\/strong>Il est utilis\u00e9 pour distinguer les utilisateurs.<br \/><strong>Dur\u00e9e de l'enqu\u00eate : <\/strong>3 mois<br \/><strong>Source : <\/strong>Facebook<\/p><p style=\"text-align: left;\">Cookie : <strong>moove_gdpr_popup<\/strong><br \/><strong>Description : <\/strong>Session d'enregistrement des visiteurs : utilis\u00e9e pour enregistrer votre session et vos choix concernant la politique en mati\u00e8re de cookies et se souvenir de vous lors de vos prochaines visites.<br \/><strong>Dur\u00e9e de l'enqu\u00eate : <\/strong>1 an<br \/><strong>Source : <\/strong> disfrutazanzibar.com<\/p><p style=\"text-align: left;\">\u00a0<\/p><p style=\"text-align: left;\">La pr\u00e9sente politique en mati\u00e8re de cookies peut \u00eatre modifi\u00e9e en fonction des exigences l\u00e9gislatives ou r\u00e9glementaires, ou dans le but d'adapter ladite politique aux instructions \u00e9mises par l'Agence espagnole de protection des donn\u00e9es, raison pour laquelle il est conseill\u00e9 aux utilisateurs de la consulter p\u00e9riodiquement.<br \/>Lorsque des modifications importantes sont apport\u00e9es \u00e0 la pr\u00e9sente politique en mati\u00e8re de cookies, elles sont communiqu\u00e9es aux utilisateurs soit par l'interm\u00e9diaire du site web, soit par courrier \u00e9lectronique aux utilisateurs enregistr\u00e9s.<\/p>\t\t\t\t\t\t<\/div>\n\t\t\t\t<\/div>\n\t\t\t\t\t<\/div>\n\t\t<\/div>\n\t\t\t\t\t<\/div>\n\t\t<\/section>\n\t\t\t\t<\/div>","protected":false},"excerpt":{"rendered":"<p>Politique en mati\u00e8re de cookies Sur le site disfrutazanzibar.com, nous utilisons des cookies pour faciliter la relation des visiteurs avec notre contenu et pour nous permettre d'\u00e9tablir des statistiques sur les visiteurs que nous recevons, conform\u00e9ment \u00e0 la directive 2009\/136\/CE, transpos\u00e9e dans notre l\u00e9gislation par le deuxi\u00e8me paragraphe de l'article 22 de la loi sur les services de la soci\u00e9t\u00e9 de l'information, ... <a title=\"Politique en mati\u00e8re de cookies\" class=\"read-more\" href=\"https:\/\/disfrutazanzibar.com\/fr\/politique-en-matiere-de-cookies\/\" aria-label=\"Plus sur Politique en mati\u00e8re de cookies\">Lire plus<\/a><\/p>","protected":false},"author":1,"featured_media":0,"parent":0,"menu_order":0,"comment_status":"closed","ping_status":"closed","template":"elementor_header_footer","meta":{"footnotes":""},"class_list":["post-173","page","type-page","status-publish"],"_links":{"self":[{"href":"https:\/\/disfrutazanzibar.com\/fr\/wp-json\/wp\/v2\/pages\/173","targetHints":{"allow":["GET"]}}],"collection":[{"href":"https:\/\/disfrutazanzibar.com\/fr\/wp-json\/wp\/v2\/pages"}],"about":[{"href":"https:\/\/disfrutazanzibar.com\/fr\/wp-json\/wp\/v2\/types\/page"}],"author":[{"embeddable":true,"href":"https:\/\/disfrutazanzibar.com\/fr\/wp-json\/wp\/v2\/users\/1"}],"replies":[{"embeddable":true,"href":"https:\/\/disfrutazanzibar.com\/fr\/wp-json\/wp\/v2\/comments?post=173"}],"version-history":[{"count":4,"href":"https:\/\/disfrutazanzibar.com\/fr\/wp-json\/wp\/v2\/pages\/173\/revisions"}],"predecessor-version":[{"id":177,"href":"https:\/\/disfrutazanzibar.com\/fr\/wp-json\/wp\/v2\/pages\/173\/revisions\/177"}],"wp:attachment":[{"href":"https:\/\/disfrutazanzibar.com\/fr\/wp-json\/wp\/v2\/media?parent=173"}],"curies":[{"name":"wp","href":"https:\/\/api.w.org\/{rel}","templated":true}]}}