{"id":1489,"date":"2023-04-26T15:47:34","date_gmt":"2023-04-26T13:47:34","guid":{"rendered":"https:\/\/disfrutazanzibar.com\/?page_id=1489"},"modified":"2025-11-21T13:00:37","modified_gmt":"2025-11-21T11:00:37","slug":"enero","status":"publish","type":"page","link":"https:\/\/disfrutazanzibar.com\/it\/meteo\/gennaio\/","title":{"rendered":"Temperatura Zanzibar gennaio"},"content":{"rendered":"<div data-elementor-type=\"wp-page\" data-elementor-id=\"1489\" class=\"elementor elementor-1489\">\n\t\t\t\t\t\t<section data-exad-particle-enable=\"false\" class=\"elementor-section elementor-top-section elementor-element elementor-element-6d4d0a90 elementor-section-height-min-height elementor-section-boxed elementor-section-height-default elementor-section-items-middle exad-parallax-effect-no exad-background-color-change-no exad-glass-effect-no exad-sticky-section-no\" data-id=\"6d4d0a90\" data-element_type=\"section\" data-settings=\"{&quot;background_background&quot;:&quot;classic&quot;}\">\n\t\t\t\t\t\t<div class=\"elementor-container elementor-column-gap-default\">\n\t\t\t\t\t<div class=\"elementor-column elementor-col-100 elementor-top-column elementor-element elementor-element-14eeb167 exad-glass-effect-no exad-sticky-section-no\" data-id=\"14eeb167\" data-element_type=\"column\">\n\t\t\t<div class=\"elementor-widget-wrap elementor-element-populated\">\n\t\t\t\t\t\t<div class=\"elementor-element elementor-element-7e8c61a6 exad-sticky-section-no exad-glass-effect-no elementor-widget elementor-widget-heading\" data-id=\"7e8c61a6\" data-element_type=\"widget\" data-widget_type=\"heading.default\">\n\t\t\t\t<div class=\"elementor-widget-container\">\n\t\t\t<style>\/*! elementor - v3.23.0 - 05-08-2024 *\/\n.elementor-heading-title{padding:0;margin:0;line-height:1}.elementor-widget-heading .elementor-heading-title[class*=elementor-size-]>a{color:inherit;font-size:inherit;line-height:inherit}.elementor-widget-heading .elementor-heading-title.elementor-size-small{font-size:15px}.elementor-widget-heading .elementor-heading-title.elementor-size-medium{font-size:19px}.elementor-widget-heading .elementor-heading-title.elementor-size-large{font-size:29px}.elementor-widget-heading .elementor-heading-title.elementor-size-xl{font-size:39px}.elementor-widget-heading .elementor-heading-title.elementor-size-xxl{font-size:59px}<\/style><p class=\"elementor-heading-title elementor-size-default\">Temperatura Zanzibar gennaio<\/p>\t\t<\/div>\n\t\t\t\t<\/div>\n\t\t\t\t\t<\/div>\n\t\t<\/div>\n\t\t\t\t\t<\/div>\n\t\t<\/section>\n\t\t\t\t<section data-exad-particle-enable=\"false\" class=\"elementor-section elementor-top-section elementor-element elementor-element-7b4fccc4 elementor-section-boxed elementor-section-height-default elementor-section-height-default exad-parallax-effect-no exad-background-color-change-no exad-glass-effect-no exad-sticky-section-no\" data-id=\"7b4fccc4\" data-element_type=\"section\">\n\t\t\t\t\t\t<div class=\"elementor-container elementor-column-gap-default\">\n\t\t\t\t\t<div class=\"elementor-column elementor-col-100 elementor-top-column elementor-element elementor-element-30ea73a4 exad-glass-effect-no exad-sticky-section-no\" data-id=\"30ea73a4\" data-element_type=\"column\">\n\t\t\t<div class=\"elementor-widget-wrap elementor-element-populated\">\n\t\t\t\t\t\t<div class=\"elementor-element elementor-element-2f9a51ad exad-sticky-section-no exad-glass-effect-no elementor-widget elementor-widget-text-editor\" data-id=\"2f9a51ad\" data-element_type=\"widget\" data-widget_type=\"text-editor.default\">\n\t\t\t\t<div class=\"elementor-widget-container\">\n\t\t\t<style>\/*! elementor - v3.23.0 - 05-08-2024 *\/\n.elementor-widget-text-editor.elementor-drop-cap-view-stacked .elementor-drop-cap{background-color:#69727d;color:#fff}.elementor-widget-text-editor.elementor-drop-cap-view-framed .elementor-drop-cap{color:#69727d;border:3px solid;background-color:transparent}.elementor-widget-text-editor:not(.elementor-drop-cap-view-default) .elementor-drop-cap{margin-top:8px}.elementor-widget-text-editor:not(.elementor-drop-cap-view-default) .elementor-drop-cap-letter{width:1em;height:1em}.elementor-widget-text-editor .elementor-drop-cap{float:left;text-align:center;line-height:1;font-size:50px}.elementor-widget-text-editor .elementor-drop-cap-letter{display:inline-block}<\/style>\t\t\t\t<p><span style=\"font-weight: 400;\">Il clima in <a href=\"https:\/\/disfrutazanzibar.com\/it\/\">Zanzibar<\/a> a gennaio \u00e8 <strong>eccellente alta stagione<\/strong>: <strong>27-30\u00b0C giorno<\/strong> caldo e soleggiato, <strong>24-26\u00b0C notte<\/strong> caldo e amichevole, <strong>temperatura dell'acqua 27-29\u00b0C<\/strong> perfetto per il nuoto e gli sport acquatici (anno pi\u00f9 caldo insieme a febbraio), <strong>precipitazioni minime<\/strong> 3-5 giorni mese di piogge molto brevi, <strong>sole abbondante 95% giorni<\/strong> Cielo sereno. <strong>Vantaggi<\/strong>Clima migliore tutto l'anno dicembre\/febbraio (caldo tropicale intenso ideale per gli amanti del sole), mare calmo per le famiglie, ottima visibilit\u00e0 per snorkeling\/immersioni 20-25 metri, meno zanzare, venti moderati per kitesurf\/windsurf. <strong>Svantaggi<\/strong>Prezzi in alta stagione (+50-70% alloggio rispetto a maggio-giugno), PI\u00d9 turisti all'anno (picco di visitatori), prenotazioni anticipate obbligatorie 4-6 mesi, caldo intenso 30\u00b0C+ umidit\u00e0 a mezzogiorno 75-85% afa. Attivit\u00e0: spiagge (Nungwi\/Kendwa\/Paje), snorkeling\/immersioni Mnemba, kitesurf Paje, tour dei delfini Kizimkazi, Stone Town. Alloggio: pensioni 50-90 USD, fascia media 120-250 USD, resort 350-1.000+ USD. Budget giornaliero: budget 100-180 USD, fascia media 250-500 USD, lusso 600-1.500+ USD.<\/span><\/p>\t\t\t\t\t\t<\/div>\n\t\t\t\t<\/div>\n\t\t\t\t\t<\/div>\n\t\t<\/div>\n\t\t\t\t\t<\/div>\n\t\t<\/section>\n\t\t\t\t<section data-exad-particle-enable=\"false\" class=\"elementor-section elementor-top-section elementor-element elementor-element-3bbdf6b elementor-section-boxed elementor-section-height-default elementor-section-height-default exad-parallax-effect-no exad-background-color-change-no exad-glass-effect-no exad-sticky-section-no\" data-id=\"3bbdf6b\" data-element_type=\"section\">\n\t\t\t\t\t\t<div class=\"elementor-container elementor-column-gap-default\">\n\t\t\t\t\t<div class=\"elementor-column elementor-col-100 elementor-top-column elementor-element elementor-element-35bfc28 exad-glass-effect-no exad-sticky-section-no\" data-id=\"35bfc28\" data-element_type=\"column\">\n\t\t\t<div class=\"elementor-widget-wrap elementor-element-populated\">\n\t\t\t\t\t\t<div class=\"elementor-element elementor-element-0ed447b exad-sticky-section-no exad-glass-effect-no elementor-widget elementor-widget-heading\" data-id=\"0ed447b\" data-element_type=\"widget\" data-widget_type=\"heading.default\">\n\t\t\t\t<div class=\"elementor-widget-container\">\n\t\t\t<h2 class=\"elementor-heading-title elementor-size-default\">Meteo Zanzibar a gennaio\n<\/h2>\t\t<\/div>\n\t\t\t\t<\/div>\n\t\t\t\t\t<\/div>\n\t\t<\/div>\n\t\t\t\t\t<\/div>\n\t\t<\/section>\n\t\t\t\t<section data-exad-particle-enable=\"false\" class=\"elementor-section elementor-top-section elementor-element elementor-element-3c6cceb elementor-section-boxed elementor-section-height-default elementor-section-height-default exad-parallax-effect-no exad-background-color-change-no exad-glass-effect-no exad-sticky-section-no\" data-id=\"3c6cceb\" data-element_type=\"section\">\n\t\t\t\t\t\t<div class=\"elementor-container elementor-column-gap-default\">\n\t\t\t\t\t<div class=\"elementor-column elementor-col-100 elementor-top-column elementor-element elementor-element-394b041 exad-glass-effect-no exad-sticky-section-no\" data-id=\"394b041\" data-element_type=\"column\">\n\t\t\t<div class=\"elementor-widget-wrap elementor-element-populated\">\n\t\t\t\t\t\t<div class=\"elementor-element elementor-element-2c3bba9 exad-sticky-section-no exad-glass-effect-no elementor-widget elementor-widget-text-editor\" data-id=\"2c3bba9\" data-element_type=\"widget\" data-widget_type=\"text-editor.default\">\n\t\t\t\t<div class=\"elementor-widget-container\">\n\t\t\t\t\t\t\t<p class=\"font-claude-response-body whitespace-normal break-words\"><strong>Temperatura del giorno<\/strong>temperatura: 27-30\u00b0C (caldo molto caldo a mezzogiorno 30-32\u00b0C).<\/p><p class=\"font-claude-response-body whitespace-normal break-words\"><strong>Temperatura notturna<\/strong>temperatura: 24-26\u00b0C (piacevolmente calda).<\/p><p class=\"font-claude-response-body whitespace-normal break-words\"><strong>Temperatura dell'acqua<\/strong>: 27-29\u00b0C (pi\u00f9 caldo l'anno in cui si fa il bagno).<\/p><p class=\"font-claude-response-body whitespace-normal break-words\"><strong>Precipitazioni<\/strong>: Minimo 3-5 giorni rovesci molto brevi (quasi asciutti).<\/p><p class=\"font-claude-response-body whitespace-normal break-words\"><strong>Umidit\u00e0<\/strong>75-85% (l'alto pu\u00f2 sembrare afoso).<\/p><p class=\"font-claude-response-body whitespace-normal break-words\"><strong>Sol<\/strong>Abbondanti 95% giorni di cielo sereno (anno pi\u00f9 soleggiato).<\/p><p class=\"font-claude-response-body whitespace-normal break-words\"><strong>Venti<\/strong>: Mare calmo, 8-12 nodi.<\/p><p class=\"font-claude-response-body whitespace-normal break-words\"><strong>Stagione<\/strong>: Picco di visitatori (insieme a dicembre-febbraio).<\/p><p class=\"font-claude-response-body whitespace-normal break-words\"><strong>Il clima<\/strong>: <a class=\"underline\" href=\"https:\/\/weather.com\/\" rel=\"nofollow noopener\" target=\"_blank\">Meteo.com<\/a> previsioni aggiornate.<\/p><p class=\"font-claude-response-body whitespace-normal break-words\"><strong>Dati<\/strong>: <a class=\"underline\" href=\"https:\/\/en.climate-data.org\/\" rel=\"nofollow noopener\" target=\"_blank\">Dati climatici.org<\/a> Statistiche di gennaio.<\/p>\t\t\t\t\t\t<\/div>\n\t\t\t\t<\/div>\n\t\t\t\t\t<\/div>\n\t\t<\/div>\n\t\t\t\t\t<\/div>\n\t\t<\/section>\n\t\t\t\t<section data-exad-particle-enable=\"false\" class=\"elementor-section elementor-top-section elementor-element elementor-element-b5a3748 elementor-section-boxed elementor-section-height-default elementor-section-height-default exad-parallax-effect-no exad-background-color-change-no exad-glass-effect-no exad-sticky-section-no\" data-id=\"b5a3748\" data-element_type=\"section\">\n\t\t\t\t\t\t<div class=\"elementor-container elementor-column-gap-default\">\n\t\t\t\t\t<div class=\"elementor-column elementor-col-100 elementor-top-column elementor-element elementor-element-f4a906d exad-glass-effect-no exad-sticky-section-no\" data-id=\"f4a906d\" data-element_type=\"column\">\n\t\t\t<div class=\"elementor-widget-wrap elementor-element-populated\">\n\t\t\t\t\t\t<div class=\"elementor-element elementor-element-ee7d6e8 exad-sticky-section-no exad-glass-effect-no elementor-widget elementor-widget-heading\" data-id=\"ee7d6e8\" data-element_type=\"widget\" data-widget_type=\"heading.default\">\n\t\t\t\t<div class=\"elementor-widget-container\">\n\t\t\t<h2 class=\"elementor-heading-title elementor-size-default\">Attivit\u00e0 meteorologiche a Zanzibar nel mese di gennaio\n<\/h2>\t\t<\/div>\n\t\t\t\t<\/div>\n\t\t\t\t\t<\/div>\n\t\t<\/div>\n\t\t\t\t\t<\/div>\n\t\t<\/section>\n\t\t\t\t<section data-exad-particle-enable=\"false\" class=\"elementor-section elementor-top-section elementor-element elementor-element-0cb6e91 elementor-section-boxed elementor-section-height-default elementor-section-height-default exad-parallax-effect-no exad-background-color-change-no exad-glass-effect-no exad-sticky-section-no\" data-id=\"0cb6e91\" data-element_type=\"section\">\n\t\t\t\t\t\t<div class=\"elementor-container elementor-column-gap-default\">\n\t\t\t\t\t<div class=\"elementor-column elementor-col-100 elementor-top-column elementor-element elementor-element-7b275f3 exad-glass-effect-no exad-sticky-section-no\" data-id=\"7b275f3\" data-element_type=\"column\">\n\t\t\t<div class=\"elementor-widget-wrap elementor-element-populated\">\n\t\t\t\t\t\t<div class=\"elementor-element elementor-element-7a13ade exad-sticky-section-no exad-glass-effect-no elementor-widget elementor-widget-text-editor\" data-id=\"7a13ade\" data-element_type=\"widget\" data-widget_type=\"text-editor.default\">\n\t\t\t\t<div class=\"elementor-widget-container\">\n\t\t\t\t\t\t\t<p class=\"font-claude-response-body whitespace-normal break-words\"><strong>Spiagge<\/strong>Nungwi\/Kendwa nord (senza marea, nuoto tutto il giorno, caldo 27-30\u00b0C), Paje est (venti da kitesurf 10-18 nodi, vento moderato). <a class=\"underline\" href=\"https:\/\/www.windguru.cz\/\" rel=\"nofollow noopener\" target=\"_blank\">Windguru<\/a>), Jambiani\/Matemwe tranquillo.<\/p><p class=\"font-claude-response-body whitespace-normal break-words\"><strong>Snorkeling\/immersioni<\/strong>: tour dell'atollo di Mnemba 80-150 USD (eccellente visibilit\u00e0 20-25 metri, l'anno migliore acqua cristallina), certificazione <a class=\"underline\" href=\"https:\/\/www.padi.com\/\" rel=\"nofollow noopener\" target=\"_blank\">PADI<\/a> disponibile.<\/p><p class=\"font-claude-response-body whitespace-normal break-words\"><strong>Kitesurf\/windsurf<\/strong>: Paje venti moderati 10-18 nodi (meno intensi rispetto a luglio-agosto ma sufficienti), corsi 300-400 USD, noleggio 50-80 USD\/giorno.<\/p><p class=\"font-claude-response-body whitespace-normal break-words\"><strong>Tour dei delfini<\/strong>: Kizimkazi 50-80 USD mattina 6:00-9:00 (80-90% avvistamento acqua 27-29\u00b0C calda), etica <a class=\"underline\" href=\"https:\/\/us.whales.org\/\" rel=\"nofollow noopener\" target=\"_blank\">Conservazione di balene e delfini<\/a>.<\/p><p class=\"font-claude-response-body whitespace-normal break-words\"><strong>Citt\u00e0 di Pietra<\/strong>Patrimonio UNESCO <a class=\"underline\" href=\"https:\/\/whc.unesco.org\/en\/list\/173\/\" rel=\"nofollow noopener\" target=\"_blank\">UNESCO<\/a>30.000-50.000 TZS (12-20 USD) tour, mercati vivaci.<\/p><p class=\"font-claude-response-body whitespace-normal break-words\"><strong>Tour delle spezie<\/strong>40.000-60.000 TZS (16-24 USD) mezza giornata.<\/p><p class=\"font-claude-response-body whitespace-normal break-words\"><strong>Foresta di Jozani<\/strong>Ingresso per le scimmie Colobus 10 USD, paesaggi verdeggianti.<\/p>\t\t\t\t\t\t<\/div>\n\t\t\t\t<\/div>\n\t\t\t\t\t<\/div>\n\t\t<\/div>\n\t\t\t\t\t<\/div>\n\t\t<\/section>\n\t\t\t\t<section data-exad-particle-enable=\"false\" class=\"elementor-section elementor-top-section elementor-element elementor-element-9666efe elementor-section-boxed elementor-section-height-default elementor-section-height-default exad-parallax-effect-no exad-background-color-change-no exad-glass-effect-no exad-sticky-section-no\" data-id=\"9666efe\" data-element_type=\"section\">\n\t\t\t\t\t\t<div class=\"elementor-container elementor-column-gap-default\">\n\t\t\t\t\t<div class=\"elementor-column elementor-col-100 elementor-top-column elementor-element elementor-element-70391d3 exad-glass-effect-no exad-sticky-section-no\" data-id=\"70391d3\" data-element_type=\"column\">\n\t\t\t<div class=\"elementor-widget-wrap elementor-element-populated\">\n\t\t\t\t\t\t<div class=\"elementor-element elementor-element-50f4a66 exad-sticky-section-no exad-glass-effect-no elementor-widget elementor-widget-heading\" data-id=\"50f4a66\" data-element_type=\"widget\" data-widget_type=\"heading.default\">\n\t\t\t\t<div class=\"elementor-widget-container\">\n\t\t\t<h2 class=\"elementor-heading-title elementor-size-default\">Clima delle migliori spiagge di Zanzibar a gennaio\n<\/h2>\t\t<\/div>\n\t\t\t\t<\/div>\n\t\t\t\t\t<\/div>\n\t\t<\/div>\n\t\t\t\t\t<\/div>\n\t\t<\/section>\n\t\t\t\t<section data-exad-particle-enable=\"false\" class=\"elementor-section elementor-top-section elementor-element elementor-element-a6227cd elementor-section-boxed elementor-section-height-default elementor-section-height-default exad-parallax-effect-no exad-background-color-change-no exad-glass-effect-no exad-sticky-section-no\" data-id=\"a6227cd\" data-element_type=\"section\">\n\t\t\t\t\t\t<div class=\"elementor-container elementor-column-gap-default\">\n\t\t\t\t\t<div class=\"elementor-column elementor-col-100 elementor-top-column elementor-element elementor-element-7649030 exad-glass-effect-no exad-sticky-section-no\" data-id=\"7649030\" data-element_type=\"column\">\n\t\t\t<div class=\"elementor-widget-wrap elementor-element-populated\">\n\t\t\t\t\t\t<div class=\"elementor-element elementor-element-343b3ed exad-sticky-section-no exad-glass-effect-no elementor-widget elementor-widget-text-editor\" data-id=\"343b3ed\" data-element_type=\"widget\" data-widget_type=\"text-editor.default\">\n\t\t\t\t<div class=\"elementor-widget-container\">\n\t\t\t\t\t\t\t<p class=\"font-claude-response-body whitespace-normal break-words\"><a href=\"https:\/\/disfrutazanzibar.com\/it\/spiagge-2\/nungwi-2\/\"><strong>Nungwi<\/strong><\/a>Nord: Nord senza marea si nuota tutto il giorno, tramonti spettacolari, vita notturna vivace, gennaio molto affollato di turisti di punta.<\/p><p class=\"font-claude-response-body whitespace-normal break-words\"><a href=\"https:\/\/disfrutazanzibar.com\/it\/spiagge-2\/kendwa\/\"><strong>Kendwa<\/strong><\/a>A nord, vicino a Nungwi, meno affollata, occasionali feste in spiaggia, perfetta sabbia bianca.<\/p><p class=\"font-claude-response-body whitespace-normal break-words\"><a href=\"https:\/\/disfrutazanzibar.com\/it\/spiagge-2\/paggio\/\"><strong>Paggiatore<\/strong><\/a>Kitesurf: venti moderati, bassa marea spettacolare, atmosfera da backpacker, popolare a gennaio.<\/p><p class=\"font-claude-response-body whitespace-normal break-words\"><a href=\"https:\/\/disfrutazanzibar.com\/it\/spiagge-2\/jambiani\/\"><strong>Jambiani<\/strong><\/a>: Est tranquillo e autentico, villaggio di pescatori, meno turisti rispetto al nord, acqua cristallina.<\/p><p class=\"font-claude-response-body whitespace-normal break-words\"><a href=\"https:\/\/disfrutazanzibar.com\/it\/spiagge-2\/matemwe\/\"><strong>Matemwe<\/strong><\/a>: Nord Est tranquillo e adatto alle famiglie, accesso ai tour di Mnemba, meno affollato rispetto a Nungwi.<\/p><p class=\"font-claude-response-body whitespace-normal break-words\"><a href=\"https:\/\/disfrutazanzibar.com\/it\/spiagge-2\/kizimkazi\/\"><strong>Kizimkazi<\/strong><\/a>: Sud famoso per i tour dei delfini, piccola spiaggia, meno turistica.<\/p>\t\t\t\t\t\t<\/div>\n\t\t\t\t<\/div>\n\t\t\t\t\t<\/div>\n\t\t<\/div>\n\t\t\t\t\t<\/div>\n\t\t<\/section>\n\t\t\t\t<section data-exad-particle-enable=\"false\" class=\"elementor-section elementor-top-section elementor-element elementor-element-7c1131e elementor-section-boxed elementor-section-height-default elementor-section-height-default exad-parallax-effect-no exad-background-color-change-no exad-glass-effect-no exad-sticky-section-no\" data-id=\"7c1131e\" data-element_type=\"section\">\n\t\t\t\t\t\t<div class=\"elementor-container elementor-column-gap-default\">\n\t\t\t\t\t<div class=\"elementor-column elementor-col-100 elementor-top-column elementor-element elementor-element-aab1f3c exad-glass-effect-no exad-sticky-section-no\" data-id=\"aab1f3c\" data-element_type=\"column\">\n\t\t\t<div class=\"elementor-widget-wrap elementor-element-populated\">\n\t\t\t\t\t\t<div class=\"elementor-element elementor-element-e385a54 exad-sticky-section-no exad-glass-effect-no elementor-widget elementor-widget-heading\" data-id=\"e385a54\" data-element_type=\"widget\" data-widget_type=\"heading.default\">\n\t\t\t\t<div class=\"elementor-widget-container\">\n\t\t\t<h3 class=\"elementor-heading-title elementor-size-default\">Domande frequenti sul clima di Zanzibar a gennaio\n<\/h3>\t\t<\/div>\n\t\t\t\t<\/div>\n\t\t\t\t\t<\/div>\n\t\t<\/div>\n\t\t\t\t\t<\/div>\n\t\t<\/section>\n\t\t\t\t<section data-exad-particle-enable=\"false\" class=\"elementor-section elementor-top-section elementor-element elementor-element-fca1363 elementor-section-boxed elementor-section-height-default elementor-section-height-default exad-parallax-effect-no exad-background-color-change-no exad-glass-effect-no exad-sticky-section-no\" data-id=\"fca1363\" data-element_type=\"section\">\n\t\t\t\t\t\t<div class=\"elementor-container elementor-column-gap-default\">\n\t\t\t\t\t<div class=\"elementor-column elementor-col-100 elementor-top-column elementor-element elementor-element-c062e1b exad-glass-effect-no exad-sticky-section-no\" data-id=\"c062e1b\" data-element_type=\"column\">\n\t\t\t<div class=\"elementor-widget-wrap elementor-element-populated\">\n\t\t\t\t\t\t<div class=\"elementor-element elementor-element-8b20416 exad-sticky-section-no exad-glass-effect-no elementor-widget elementor-widget-text-editor\" data-id=\"8b20416\" data-element_type=\"widget\" data-widget_type=\"text-editor.default\">\n\t\t\t\t<div class=\"elementor-widget-container\">\n\t\t\t\t\t\t\t<h3 class=\"font-claude-response-subheading text-text-100 mt-1 -mb-1.5\">Che tempo fa a Zanzibar a gennaio?<\/h3><p class=\"font-claude-response-body whitespace-normal break-words\">Il <strong>Meteo Zanzibar a gennaio<\/strong> \u00e8 <strong>alta stagione eccellente<\/strong>: <strong>27-30\u00b0C giorno<\/strong> caldo (mezzogiorno 30-32\u00b0C intensi), <strong>24-26\u00b0C notte<\/strong> caldo, <strong>acqua 27-29\u00b0C<\/strong> anno pi\u00f9 caldo, <strong>precipitazioni minime<\/strong> 3-5 giorni (95% sole), umidit\u00e0 75-85% afa. <strong>Vantaggi<\/strong>: Sole garantito, visibilit\u00e0 snorkeling 20-25 metri l'anno migliore (<a class=\"underline\" href=\"https:\/\/www.padi.com\/\" rel=\"nofollow noopener\" target=\"_blank\">PADI<\/a>), famiglie di mare calmo, meno zanzare. <strong>Svantaggi<\/strong>Prezzi +50-70%, PI\u00d9 turisti anno, intenso calore di mezzogiorno richiede aria condizionata. Secondo <a class=\"underline\" href=\"https:\/\/www.lonelyplanet.com\/tanzania\/zanzibar-archipelago\" rel=\"nofollow noopener\" target=\"_blank\">Lonely Planet<\/a>Gennaio \u00e8 \"perfetto per gli amanti del caldo tropicale\". Consultare <a class=\"underline\" href=\"https:\/\/weather.com\/\" rel=\"nofollow noopener\" target=\"_blank\">Meteo.com<\/a>, <a class=\"underline\" href=\"https:\/\/en.climate-data.org\/\" rel=\"nofollow noopener\" target=\"_blank\">Dati climatici.org<\/a>.<\/p><h3 class=\"font-claude-response-subheading text-text-100 mt-1 -mb-1.5\">Qual \u00e8 la temperatura dell'acqua a Zanzibar a gennaio?<\/h3><p class=\"font-claude-response-body whitespace-normal break-words\"><strong>Temperatura dell'acqua Zanzibar Gennaio<\/strong>: <strong>27-29\u00b0C<\/strong> anno pi\u00f9 caldo (1-2\u00b0C in pi\u00f9 rispetto a 25-27\u00b0C) perfetto per nuotare senza muta. <strong>Attivit\u00e0<\/strong>: Nungwi\/Kendwa nuotare tutto il giorno, Mnemba snorkeling\/immersioni visibilit\u00e0 20-25 metri l'anno migliore (<a class=\"underline\" href=\"https:\/\/www.padi.com\/\" rel=\"nofollow noopener\" target=\"_blank\">PADI<\/a>), kitesurf Paje venti 10-18 nodi (<a class=\"underline\" href=\"https:\/\/www.windguru.cz\/\" rel=\"nofollow noopener\" target=\"_blank\">Windguru<\/a>), tour dei delfini di Kizimkazi 50-80 USD (<a class=\"underline\" href=\"https:\/\/us.whales.org\/\" rel=\"nofollow noopener\" target=\"_blank\">Conservazione di balene e delfini<\/a>). Secondo <a class=\"underline\" href=\"https:\/\/www.nationalgeographic.com\/travel\/\" rel=\"nofollow noopener\" target=\"_blank\">Viaggi del National Geographic<\/a>L'acqua di gennaio \u00e8 \"perfetta massima tropicale\". Consultare <a class=\"underline\" href=\"https:\/\/www.seatemperature.org\/africa\/tanzania\/zanzibar.htm\" rel=\"nofollow noopener\" target=\"_blank\">Temperatura del mare<\/a>.<\/p><h3 class=\"font-claude-response-subheading text-text-100 mt-1 -mb-1.5\">Gennaio \u00e8 un buon mese per visitare Zanzibar?<\/h3><p class=\"font-claude-response-body whitespace-normal break-words\"><strong>S\u00cc, gennaio tempo eccellente<\/strong> MA <strong>Alta stagione ESTREMA<\/strong>. <strong>Vantaggi<\/strong>Clima perfetto 27-30\u00b0C, acqua 27-29\u00b0C pi\u00f9 calda, visibilit\u00e0 snorkeling 20-25 metri (<a class=\"underline\" href=\"https:\/\/www.padi.com\/\" rel=\"nofollow noopener\" target=\"_blank\">PADI<\/a>), 95% giornate di sole, meno zanzare. <strong>Svantaggi<\/strong>: prezzi massimi +50-70% (pensioni 50-90 USD, fascia media 120-250 USD, resort 350-1.000+ USD), PI\u00d9 turisti anno, prenotazioni 4-6 mesi OBBLIGATORIE, caldo 30\u00b0C+ afa. <strong>Bilancio<\/strong>Economico 100-180 USD, medio 250-500 USD, lusso 600-1.500+ USD. <strong>Alternativa<\/strong>: giugno-agosto (25-28\u00b0C, prezzi -40%, meno turisti). Secondo <a class=\"underline\" href=\"https:\/\/www.tripadvisor.com\/\" rel=\"nofollow noopener\" target=\"_blank\">TripAdvisor<\/a>Gennaio \"vale la pena se si d\u00e0 priorit\u00e0 al sole garantito\". Confronto <a class=\"underline\" href=\"https:\/\/www.booking.com\/\" rel=\"nofollow noopener\" target=\"_blank\">Booking.com<\/a>, <a class=\"underline\" href=\"https:\/\/www.skyscanner.com\/\" rel=\"nofollow noopener\" target=\"_blank\">Skyscanner<\/a>.<\/p>\t\t\t\t\t\t<\/div>\n\t\t\t\t<\/div>\n\t\t\t\t\t<\/div>\n\t\t<\/div>\n\t\t\t\t\t<\/div>\n\t\t<\/section>\n\t\t\t\t<\/div>","protected":false},"excerpt":{"rendered":"<p>Temperatura Zanz\u00edbar Enero El clima en Zanz\u00edbar en enero es excelente temporada alta: 27-30\u00b0C d\u00eda caluroso soleado, 24-26\u00b0C noche c\u00e1lida agradable, temperatura agua 27-29\u00b0C perfecta nataci\u00f3n\/deportes acu\u00e1ticos (m\u00e1s c\u00e1lida a\u00f1o junto feb), lluvias m\u00ednimas 3-5 d\u00edas mes chubascos muy cortos, sol abundante 95% d\u00edas cielos despejados. Ventajas: Mejor clima a\u00f1o junto dic\/feb (calor tropical intenso &#8230; <a title=\"Temperatura Zanzibar gennaio\" class=\"read-more\" href=\"https:\/\/disfrutazanzibar.com\/it\/meteo\/gennaio\/\" aria-label=\"More on Temperatura Zanz\u00edbar Enero\">Leggi tutto<\/a><\/p>","protected":false},"author":1,"featured_media":0,"parent":54,"menu_order":0,"comment_status":"closed","ping_status":"closed","template":"","meta":{"footnotes":""},"class_list":["post-1489","page","type-page","status-publish"],"_links":{"self":[{"href":"https:\/\/disfrutazanzibar.com\/it\/wp-json\/wp\/v2\/pages\/1489","targetHints":{"allow":["GET"]}}],"collection":[{"href":"https:\/\/disfrutazanzibar.com\/it\/wp-json\/wp\/v2\/pages"}],"about":[{"href":"https:\/\/disfrutazanzibar.com\/it\/wp-json\/wp\/v2\/types\/page"}],"author":[{"embeddable":true,"href":"https:\/\/disfrutazanzibar.com\/it\/wp-json\/wp\/v2\/users\/1"}],"replies":[{"embeddable":true,"href":"https:\/\/disfrutazanzibar.com\/it\/wp-json\/wp\/v2\/comments?post=1489"}],"version-history":[{"count":34,"href":"https:\/\/disfrutazanzibar.com\/it\/wp-json\/wp\/v2\/pages\/1489\/revisions"}],"predecessor-version":[{"id":4944,"href":"https:\/\/disfrutazanzibar.com\/it\/wp-json\/wp\/v2\/pages\/1489\/revisions\/4944"}],"up":[{"embeddable":true,"href":"https:\/\/disfrutazanzibar.com\/it\/wp-json\/wp\/v2\/pages\/54"}],"wp:attachment":[{"href":"https:\/\/disfrutazanzibar.com\/it\/wp-json\/wp\/v2\/media?parent=1489"}],"curies":[{"name":"wp","href":"https:\/\/api.w.org\/{rel}","templated":true}]}}