{"id":155,"date":"2022-10-21T09:40:13","date_gmt":"2022-10-21T07:40:13","guid":{"rendered":"https:\/\/disfrutazanzibar.com\/?page_id=155"},"modified":"2022-10-21T09:51:39","modified_gmt":"2022-10-21T07:51:39","slug":"politica-de-privacidad","status":"publish","type":"page","link":"https:\/\/disfrutazanzibar.com\/it\/informativa-sulla-privacy\/","title":{"rendered":"Informativa sulla privacy"},"content":{"rendered":"<div data-elementor-type=\"wp-page\" data-elementor-id=\"155\" class=\"elementor elementor-155\">\n\t\t\t\t\t\t<section data-exad-particle-enable=\"false\" class=\"elementor-section elementor-top-section elementor-element elementor-element-e22a2f8 elementor-section-boxed elementor-section-height-default elementor-section-height-default exad-parallax-effect-no exad-background-color-change-no exad-glass-effect-no exad-sticky-section-no\" data-id=\"e22a2f8\" data-element_type=\"section\">\n\t\t\t\t\t\t<div class=\"elementor-container elementor-column-gap-default\">\n\t\t\t\t\t<div class=\"elementor-column elementor-col-100 elementor-top-column elementor-element elementor-element-9863505 exad-glass-effect-no exad-sticky-section-no\" data-id=\"9863505\" data-element_type=\"column\">\n\t\t\t<div class=\"elementor-widget-wrap elementor-element-populated\">\n\t\t\t\t\t\t<div class=\"elementor-element elementor-element-864355a exad-sticky-section-no exad-glass-effect-no elementor-widget elementor-widget-text-editor\" data-id=\"864355a\" data-element_type=\"widget\" data-widget_type=\"text-editor.default\">\n\t\t\t\t<div class=\"elementor-widget-container\">\n\t\t\t<style>\/*! elementor - v3.23.0 - 05-08-2024 *\/\n.elementor-widget-text-editor.elementor-drop-cap-view-stacked .elementor-drop-cap{background-color:#69727d;color:#fff}.elementor-widget-text-editor.elementor-drop-cap-view-framed .elementor-drop-cap{color:#69727d;border:3px solid;background-color:transparent}.elementor-widget-text-editor:not(.elementor-drop-cap-view-default) .elementor-drop-cap{margin-top:8px}.elementor-widget-text-editor:not(.elementor-drop-cap-view-default) .elementor-drop-cap-letter{width:1em;height:1em}.elementor-widget-text-editor .elementor-drop-cap{float:left;text-align:center;line-height:1;font-size:50px}.elementor-widget-text-editor .elementor-drop-cap-letter{display:inline-block}<\/style>\t\t\t\t<h3>PROTEZIONE DEI DATI<\/h3><h5>1. Informativa sulla privacy<\/h5><p>Disfruta Zanzibar informa gli utenti del sito web sulla propria politica di trattamento e protezione dei dati personali degli utenti e dei clienti che possono essere raccolti navigando o contrattando servizi attraverso il proprio sito web. In tal senso, Disfruta Zanzibar garantisce il rispetto della normativa vigente in materia di protezione dei dati personali, riflessa nella Legge Organica 15\/1999 del 13 dicembre. <a href=\"https:\/\/disfrutazanzibar.com\/it\/zanzibar-in-dicembre\/\">Dicembre<\/a>La Legge sulla Protezione dei Dati Personali (LOPD) e il Decreto Reale 1720\/2007, del 21 dicembre, che approva il Regolamento per lo Sviluppo della LOPD.<br \/>L'utilizzo di questo sito web implica l'accettazione di questa politica sulla privacy.<\/p><h5>2. Raccolta, finalit\u00e0 e trattamento dei dati<\/h5><p>Disfruta Zanzibar ha il dovere di informare gli utenti del proprio sito web in merito alla raccolta di dati personali che pu\u00f2 essere effettuata, tramite l'invio di e-mail o la compilazione dei moduli presenti sul sito web. In tal senso, Disfruta Zanzibar sar\u00e0 considerata responsabile dei dati raccolti con i mezzi sopra descritti.<br \/>A sua volta, Disfruta Zanzibar informa gli utenti che le finalit\u00e0 del trattamento dei dati raccolti comprendono: L'attenzione alle richieste fatte dagli utenti, l'inserimento nell'agenda dei contatti, la fornitura di servizi e la gestione del rapporto commerciale.<br \/>Le operazioni, la gestione e le procedure tecniche eseguite in modo automatizzato o meno e che consentono la raccolta, l'archiviazione, la modifica, il trasferimento e altre azioni sui dati personali, sono considerate trattamento dei dati personali. Tutti i dati personali raccolti attraverso il sito web di Disfruta Zanzibar, e pertanto considerati come trattamento di dati personali, saranno inclusi negli archivi dichiarati da Disfruta Zanzibar all'Agenzia spagnola per la protezione dei dati.<\/p><h5>3. Comunicazione di informazioni a terzi<\/h5><p>Disfruta Zanzibar informa gli utenti che i loro dati personali non saranno trasferiti a organizzazioni terze, tranne nel caso in cui tale trasferimento di dati sia coperto da un obbligo legale o quando la fornitura di un servizio implichi la necessit\u00e0 di un rapporto contrattuale con un responsabile dei dati. In quest'ultimo caso, il trasferimento dei dati a terzi avverr\u00e0 solo quando Disfruta Zanzibar avr\u00e0 il consenso esplicito dell'utente.<\/p><h5>4. Diritti dell'utente<\/h5><p>La Legge Organica 15\/1999 del 13 dicembre 1999 sulla Protezione dei Dati Personali garantisce agli interessati la possibilit\u00e0 di esercitare una serie di diritti relativi al trattamento dei propri dati personali. Nella misura in cui i dati dell'utente sono trattati da Disfruta Zanzibar. Gli utenti possono esercitare i diritti di accesso, rettifica, cancellazione e opposizione in conformit\u00e0 con le disposizioni della normativa vigente in materia di protezione dei dati personali.<br \/>Per esercitare tali diritti, l'utente deve inviare una comunicazione scritta, fornendo un documento d'identit\u00e0 (carta d'identit\u00e0 o passaporto), al seguente indirizzo: Disfruta Zanzibar, Avenida Pa\u00eds Valenci\u00e1, 181, Benissa (Alicante) o all'indirizzo che viene sostituito nel Registro Generale della Protezione dei Dati. La comunicazione deve contenere le seguenti informazioni: nome e cognome dell'utente, richiesta, indirizzo e dati di supporto.<br \/>L'esercizio dei diritti deve essere effettuato dall'utente stesso. Tuttavia, pu\u00f2 essere esercitato da una persona autorizzata in qualit\u00e0 di rappresentante legale dell'interessato. In questo caso, \u00e8 necessario fornire la documentazione che attesti la rappresentanza dell'interessato.<\/p>\t\t\t\t\t\t<\/div>\n\t\t\t\t<\/div>\n\t\t\t\t\t<\/div>\n\t\t<\/div>\n\t\t\t\t\t<\/div>\n\t\t<\/section>\n\t\t\t\t<\/div>","protected":false},"excerpt":{"rendered":"<p>PROTECCI\u00d3N DE DATOS 1. Pol\u00edtica de privacidad Disfruta Zanz\u00edbar informa a los usuarios del sitio web sobre su pol\u00edtica respecto del tratamiento y protecci\u00f3n de los datos de car\u00e1cter personal de los usuarios y clientes que puedan ser recabados por la navegaci\u00f3n o contrataci\u00f3n de servicios a trav\u00e9s de su sitio web. En este sentido, &#8230; <a title=\"Informativa sulla privacy\" class=\"read-more\" href=\"https:\/\/disfrutazanzibar.com\/it\/informativa-sulla-privacy\/\" aria-label=\"More on Pol\u00edtica de Privacidad\">Leggi tutto<\/a><\/p>","protected":false},"author":1,"featured_media":0,"parent":0,"menu_order":0,"comment_status":"closed","ping_status":"closed","template":"elementor_header_footer","meta":{"footnotes":""},"class_list":["post-155","page","type-page","status-publish"],"_links":{"self":[{"href":"https:\/\/disfrutazanzibar.com\/it\/wp-json\/wp\/v2\/pages\/155","targetHints":{"allow":["GET"]}}],"collection":[{"href":"https:\/\/disfrutazanzibar.com\/it\/wp-json\/wp\/v2\/pages"}],"about":[{"href":"https:\/\/disfrutazanzibar.com\/it\/wp-json\/wp\/v2\/types\/page"}],"author":[{"embeddable":true,"href":"https:\/\/disfrutazanzibar.com\/it\/wp-json\/wp\/v2\/users\/1"}],"replies":[{"embeddable":true,"href":"https:\/\/disfrutazanzibar.com\/it\/wp-json\/wp\/v2\/comments?post=155"}],"version-history":[{"count":7,"href":"https:\/\/disfrutazanzibar.com\/it\/wp-json\/wp\/v2\/pages\/155\/revisions"}],"predecessor-version":[{"id":164,"href":"https:\/\/disfrutazanzibar.com\/it\/wp-json\/wp\/v2\/pages\/155\/revisions\/164"}],"wp:attachment":[{"href":"https:\/\/disfrutazanzibar.com\/it\/wp-json\/wp\/v2\/media?parent=155"}],"curies":[{"name":"wp","href":"https:\/\/api.w.org\/{rel}","templated":true}]}}