{"id":1597,"date":"2023-05-18T12:41:42","date_gmt":"2023-05-18T10:41:42","guid":{"rendered":"https:\/\/disfrutazanzibar.com\/?page_id=1597"},"modified":"2024-08-26T13:05:27","modified_gmt":"2024-08-26T11:05:27","slug":"barcelona-zanzibar","status":"publish","type":"page","link":"https:\/\/disfrutazanzibar.com\/it\/distanza\/barcellona-zanzibar\/","title":{"rendered":"Distanza Barcellona - Zanzibar"},"content":{"rendered":"<div data-elementor-type=\"wp-page\" data-elementor-id=\"1597\" class=\"elementor elementor-1597\">\n\t\t\t\t\t\t<section data-exad-particle-enable=\"false\" class=\"elementor-section elementor-top-section elementor-element elementor-element-7fae28dd elementor-section-height-min-height elementor-section-full_width elementor-section-height-default elementor-section-items-middle exad-parallax-effect-no exad-background-color-change-no exad-glass-effect-no exad-sticky-section-no\" data-id=\"7fae28dd\" data-element_type=\"section\" data-settings=\"{&quot;background_background&quot;:&quot;classic&quot;}\">\n\t\t\t\t\t\t<div class=\"elementor-container elementor-column-gap-default\">\n\t\t\t\t\t<div class=\"elementor-column elementor-col-100 elementor-top-column elementor-element elementor-element-3ed1be5 exad-glass-effect-no exad-sticky-section-no\" data-id=\"3ed1be5\" data-element_type=\"column\">\n\t\t\t<div class=\"elementor-widget-wrap elementor-element-populated\">\n\t\t\t\t\t\t<div class=\"elementor-element elementor-element-4c06419a exad-sticky-section-no exad-glass-effect-no elementor-widget elementor-widget-heading\" data-id=\"4c06419a\" data-element_type=\"widget\" data-widget_type=\"heading.default\">\n\t\t\t\t<div class=\"elementor-widget-container\">\n\t\t\t<style>\/*! elementor - v3.23.0 - 05-08-2024 *\/\n.elementor-heading-title{padding:0;margin:0;line-height:1}.elementor-widget-heading .elementor-heading-title[class*=elementor-size-]>a{color:inherit;font-size:inherit;line-height:inherit}.elementor-widget-heading .elementor-heading-title.elementor-size-small{font-size:15px}.elementor-widget-heading .elementor-heading-title.elementor-size-medium{font-size:19px}.elementor-widget-heading .elementor-heading-title.elementor-size-large{font-size:29px}.elementor-widget-heading .elementor-heading-title.elementor-size-xl{font-size:39px}.elementor-widget-heading .elementor-heading-title.elementor-size-xxl{font-size:59px}<\/style><p class=\"elementor-heading-title elementor-size-default\">Distanza Barcellona - Zanzibar<\/p>\t\t<\/div>\n\t\t\t\t<\/div>\n\t\t\t\t<div class=\"elementor-element elementor-element-1c0cbcd7 exad-sticky-section-no exad-glass-effect-no elementor-widget elementor-widget-text-editor\" data-id=\"1c0cbcd7\" data-element_type=\"widget\" data-widget_type=\"text-editor.default\">\n\t\t\t\t<div class=\"elementor-widget-container\">\n\t\t\t<style>\/*! elementor - v3.23.0 - 05-08-2024 *\/\n.elementor-widget-text-editor.elementor-drop-cap-view-stacked .elementor-drop-cap{background-color:#69727d;color:#fff}.elementor-widget-text-editor.elementor-drop-cap-view-framed .elementor-drop-cap{color:#69727d;border:3px solid;background-color:transparent}.elementor-widget-text-editor:not(.elementor-drop-cap-view-default) .elementor-drop-cap{margin-top:8px}.elementor-widget-text-editor:not(.elementor-drop-cap-view-default) .elementor-drop-cap-letter{width:1em;height:1em}.elementor-widget-text-editor .elementor-drop-cap{float:left;text-align:center;line-height:1;font-size:50px}.elementor-widget-text-editor .elementor-drop-cap-letter{display:inline-block}<\/style>\t\t\t\t<p style=\"text-align: center;\"><nav aria-label=\"pangrattato\" class=\"rank-math-breadcrumb\"><p><span class=\"last\">Casa<\/span><\/p><\/nav><\/p>\t\t\t\t\t\t<\/div>\n\t\t\t\t<\/div>\n\t\t\t\t\t<\/div>\n\t\t<\/div>\n\t\t\t\t\t<\/div>\n\t\t<\/section>\n\t\t\t\t<section data-exad-particle-enable=\"false\" class=\"elementor-section elementor-top-section elementor-element elementor-element-17884a6c elementor-section-boxed elementor-section-height-default elementor-section-height-default exad-parallax-effect-no exad-background-color-change-no exad-glass-effect-no exad-sticky-section-no\" data-id=\"17884a6c\" data-element_type=\"section\">\n\t\t\t\t\t\t<div class=\"elementor-container elementor-column-gap-default\">\n\t\t\t\t\t<div class=\"elementor-column elementor-col-100 elementor-top-column elementor-element elementor-element-177f4590 exad-glass-effect-no exad-sticky-section-no\" data-id=\"177f4590\" data-element_type=\"column\">\n\t\t\t<div class=\"elementor-widget-wrap elementor-element-populated\">\n\t\t\t\t\t\t<div class=\"elementor-element elementor-element-237ef012 exad-sticky-section-no exad-glass-effect-no elementor-widget elementor-widget-text-editor\" data-id=\"237ef012\" data-element_type=\"widget\" data-widget_type=\"text-editor.default\">\n\t\t\t\t<div class=\"elementor-widget-container\">\n\t\t\t\t\t\t\t<p>La distanza tra Barcellona e Zanzibar \u00e8 di circa 6.090 chilometri. Barcellona, la vivace citt\u00e0 spagnola sulla costa del Mar Mediterraneo, e Zanzibar, l'esotica isola dell'Oceano Indiano, sono destinazioni affascinanti che offrono esperienze uniche.<\/p><p>Il modo pi\u00f9 comune di viaggiare da Barcellona a Zanzibar \u00e8 con voli di collegamento. Non ci sono voli diretti tra le due citt\u00e0, quindi di solito \u00e8 previsto uno scalo in aeroporti quali <a href=\"https:\/\/disfrutazanzibar.com\/it\/distanza\/amsterdam-zanzibar\/\">Amsterdam<\/a>Istanbul, Doha o Dubai, tra gli altri. La durata totale del volo pu\u00f2 variare a seconda della lunghezza dello scalo e delle condizioni dell'itinerario, ma in genere oscilla tra le 12 e le 16 ore.<\/p><p>\u00c8 importante notare che gli orari e le rotte dei voli possono cambiare a seconda della compagnia aerea e del periodo dell'anno. Si consiglia di effettuare una ricerca approfondita e di confrontare prezzi e orari per trovare l'opzione migliore che soddisfi le vostre esigenze e preferenze.<\/p><p>Inoltre, \u00e8 essenziale verificare i requisiti per il visto e la documentazione necessaria per entrare a Zanzibar, nonch\u00e9 eventuali misure sanitarie o restrizioni di viaggio in vigore al momento della visita.<\/p><p>Preparatevi a partire per un'emozionante avventura da Barcellona verso la bellezza tropicale di Zanzibar, dove vi aspettano spiagge paradisiache, una ricca cultura e un'ospitalit\u00e0 senza pari!<\/p>\t\t\t\t\t\t<\/div>\n\t\t\t\t<\/div>\n\t\t\t\t\t<\/div>\n\t\t<\/div>\n\t\t\t\t\t<\/div>\n\t\t<\/section>\n\t\t\t\t<section data-exad-particle-enable=\"false\" class=\"elementor-section elementor-top-section elementor-element elementor-element-0f711eb elementor-section-boxed elementor-section-height-default elementor-section-height-default exad-parallax-effect-no exad-background-color-change-no exad-glass-effect-no exad-sticky-section-no\" data-id=\"0f711eb\" data-element_type=\"section\">\n\t\t\t\t\t\t<div class=\"elementor-container elementor-column-gap-default\">\n\t\t\t\t\t<div class=\"elementor-column elementor-col-100 elementor-top-column elementor-element elementor-element-c1baf95 exad-glass-effect-no exad-sticky-section-no\" data-id=\"c1baf95\" data-element_type=\"column\">\n\t\t\t<div class=\"elementor-widget-wrap elementor-element-populated\">\n\t\t\t\t\t\t<div class=\"elementor-element elementor-element-2f62dc6 exad-sticky-section-no exad-glass-effect-no elementor-widget elementor-widget-html\" data-id=\"2f62dc6\" data-element_type=\"widget\" data-widget_type=\"html.default\">\n\t\t\t\t<div class=\"elementor-widget-container\">\n\t\t\t<iframe src=\"https:\/\/www.google.com\/maps\/embed?pb=!1m28!1m12!1m3!1d3044893.749052567!2d38.52141132210276!3d-5.829502467377596!2m3!1f0!2f0!3f0!3m2!1i1024!2i768!4f13.1!4m13!3e6!4m5!1s0x12a49816718e30e5%3A0x44b0fb3d4f47660a!2sBarcelona!3m2!1d41.3873974!2d2.168568!4m5!1s0x185cd0ba23b63ecb%3A0x52c848ab6efc138e!2sZanz%C3%ADbar%2C%20Tanzania!3m2!1d-6.1651929999999995!2d39.1989144!5e0!3m2!1ses!2ses!4v1684406532784!5m2!1ses!2ses\" width=\"600\" height=\"450\" style=\"border:0;\" allowfullscreen=\"\" loading=\"lazy\" referrerpolicy=\"no-referrer-when-downgrade\"><\/iframe>\t\t<\/div>\n\t\t\t\t<\/div>\n\t\t\t\t\t<\/div>\n\t\t<\/div>\n\t\t\t\t\t<\/div>\n\t\t<\/section>\n\t\t\t\t<\/div>","protected":false},"excerpt":{"rendered":"<p>Distancia Barcelona &#8211; Zanzibar La distancia entre Barcelona y Zanz\u00edbar es de aproximadamente 6,090 kil\u00f3metros. Barcelona, la vibrante ciudad de Espa\u00f1a situada en la costa del mar Mediterr\u00e1neo, y Zanz\u00edbar, la ex\u00f3tica isla en el oc\u00e9ano \u00cdndico, son destinos fascinantes que ofrecen experiencias \u00fanicas. La forma m\u00e1s com\u00fan de viajar desde Barcelona hasta Zanz\u00edbar es &#8230; <a title=\"Distancia Barcelona &#8211; Zanzibar\" class=\"read-more\" href=\"https:\/\/disfrutazanzibar.com\/it\/distanza\/barcellona-zanzibar\/\" aria-label=\"More on Distancia Barcelona &#8211; Zanzibar\">Leggi tutto<\/a><\/p>","protected":false},"author":1,"featured_media":0,"parent":1583,"menu_order":0,"comment_status":"closed","ping_status":"closed","template":"","meta":{"footnotes":""},"class_list":["post-1597","page","type-page","status-publish"],"_links":{"self":[{"href":"https:\/\/disfrutazanzibar.com\/it\/wp-json\/wp\/v2\/pages\/1597","targetHints":{"allow":["GET"]}}],"collection":[{"href":"https:\/\/disfrutazanzibar.com\/it\/wp-json\/wp\/v2\/pages"}],"about":[{"href":"https:\/\/disfrutazanzibar.com\/it\/wp-json\/wp\/v2\/types\/page"}],"author":[{"embeddable":true,"href":"https:\/\/disfrutazanzibar.com\/it\/wp-json\/wp\/v2\/users\/1"}],"replies":[{"embeddable":true,"href":"https:\/\/disfrutazanzibar.com\/it\/wp-json\/wp\/v2\/comments?post=1597"}],"version-history":[{"count":8,"href":"https:\/\/disfrutazanzibar.com\/it\/wp-json\/wp\/v2\/pages\/1597\/revisions"}],"predecessor-version":[{"id":2545,"href":"https:\/\/disfrutazanzibar.com\/it\/wp-json\/wp\/v2\/pages\/1597\/revisions\/2545"}],"up":[{"embeddable":true,"href":"https:\/\/disfrutazanzibar.com\/it\/wp-json\/wp\/v2\/pages\/1583"}],"wp:attachment":[{"href":"https:\/\/disfrutazanzibar.com\/it\/wp-json\/wp\/v2\/media?parent=1597"}],"curies":[{"name":"wp","href":"https:\/\/api.w.org\/{rel}","templated":true}]}}