{"id":1617,"date":"2023-05-18T13:03:18","date_gmt":"2023-05-18T11:03:18","guid":{"rendered":"https:\/\/disfrutazanzibar.com\/?page_id=1617"},"modified":"2024-08-26T13:06:11","modified_gmt":"2024-08-26T11:06:11","slug":"espana-zanzibar","status":"publish","type":"page","link":"https:\/\/disfrutazanzibar.com\/it\/distanza\/spagna-zanzibar\/","title":{"rendered":"Distanza dalla Spagna a Zanzibar"},"content":{"rendered":"<div data-elementor-type=\"wp-page\" data-elementor-id=\"1617\" class=\"elementor elementor-1617\">\n\t\t\t\t\t\t<section data-exad-particle-enable=\"false\" class=\"elementor-section elementor-top-section elementor-element elementor-element-c948127 elementor-section-height-min-height elementor-section-full_width elementor-section-height-default elementor-section-items-middle exad-parallax-effect-no exad-background-color-change-no exad-glass-effect-no exad-sticky-section-no\" data-id=\"c948127\" data-element_type=\"section\" data-settings=\"{&quot;background_background&quot;:&quot;classic&quot;}\">\n\t\t\t\t\t\t<div class=\"elementor-container elementor-column-gap-default\">\n\t\t\t\t\t<div class=\"elementor-column elementor-col-100 elementor-top-column elementor-element elementor-element-22f53ab1 exad-glass-effect-no exad-sticky-section-no\" data-id=\"22f53ab1\" data-element_type=\"column\">\n\t\t\t<div class=\"elementor-widget-wrap elementor-element-populated\">\n\t\t\t\t\t\t<div class=\"elementor-element elementor-element-1b75510c exad-sticky-section-no exad-glass-effect-no elementor-widget elementor-widget-heading\" data-id=\"1b75510c\" data-element_type=\"widget\" data-widget_type=\"heading.default\">\n\t\t\t\t<div class=\"elementor-widget-container\">\n\t\t\t<style>\/*! elementor - v3.23.0 - 05-08-2024 *\/\n.elementor-heading-title{padding:0;margin:0;line-height:1}.elementor-widget-heading .elementor-heading-title[class*=elementor-size-]>a{color:inherit;font-size:inherit;line-height:inherit}.elementor-widget-heading .elementor-heading-title.elementor-size-small{font-size:15px}.elementor-widget-heading .elementor-heading-title.elementor-size-medium{font-size:19px}.elementor-widget-heading .elementor-heading-title.elementor-size-large{font-size:29px}.elementor-widget-heading .elementor-heading-title.elementor-size-xl{font-size:39px}.elementor-widget-heading .elementor-heading-title.elementor-size-xxl{font-size:59px}<\/style><p class=\"elementor-heading-title elementor-size-default\">Distanza dalla Spagna a Zanzibar<\/p>\t\t<\/div>\n\t\t\t\t<\/div>\n\t\t\t\t<div class=\"elementor-element elementor-element-60b1b191 exad-sticky-section-no exad-glass-effect-no elementor-widget elementor-widget-text-editor\" data-id=\"60b1b191\" data-element_type=\"widget\" data-widget_type=\"text-editor.default\">\n\t\t\t\t<div class=\"elementor-widget-container\">\n\t\t\t<style>\/*! elementor - v3.23.0 - 05-08-2024 *\/\n.elementor-widget-text-editor.elementor-drop-cap-view-stacked .elementor-drop-cap{background-color:#69727d;color:#fff}.elementor-widget-text-editor.elementor-drop-cap-view-framed .elementor-drop-cap{color:#69727d;border:3px solid;background-color:transparent}.elementor-widget-text-editor:not(.elementor-drop-cap-view-default) .elementor-drop-cap{margin-top:8px}.elementor-widget-text-editor:not(.elementor-drop-cap-view-default) .elementor-drop-cap-letter{width:1em;height:1em}.elementor-widget-text-editor .elementor-drop-cap{float:left;text-align:center;line-height:1;font-size:50px}.elementor-widget-text-editor .elementor-drop-cap-letter{display:inline-block}<\/style>\t\t\t\t<p style=\"text-align: center;\"><nav aria-label=\"pangrattato\" class=\"rank-math-breadcrumb\"><p><span class=\"last\">Casa<\/span><\/p><\/nav><\/p>\t\t\t\t\t\t<\/div>\n\t\t\t\t<\/div>\n\t\t\t\t\t<\/div>\n\t\t<\/div>\n\t\t\t\t\t<\/div>\n\t\t<\/section>\n\t\t\t\t<section data-exad-particle-enable=\"false\" class=\"elementor-section elementor-top-section elementor-element elementor-element-456fa064 elementor-section-boxed elementor-section-height-default elementor-section-height-default exad-parallax-effect-no exad-background-color-change-no exad-glass-effect-no exad-sticky-section-no\" data-id=\"456fa064\" data-element_type=\"section\">\n\t\t\t\t\t\t<div class=\"elementor-container elementor-column-gap-default\">\n\t\t\t\t\t<div class=\"elementor-column elementor-col-100 elementor-top-column elementor-element elementor-element-60a11cf9 exad-glass-effect-no exad-sticky-section-no\" data-id=\"60a11cf9\" data-element_type=\"column\">\n\t\t\t<div class=\"elementor-widget-wrap elementor-element-populated\">\n\t\t\t\t\t\t<div class=\"elementor-element elementor-element-7ded7bbb exad-sticky-section-no exad-glass-effect-no elementor-widget elementor-widget-text-editor\" data-id=\"7ded7bbb\" data-element_type=\"widget\" data-widget_type=\"text-editor.default\">\n\t\t\t\t<div class=\"elementor-widget-container\">\n\t\t\t\t\t\t\t<p>La distanza tra la Spagna e Zanzibar \u00e8 di circa 6.700 chilometri. La Spagna, situata nella penisola iberica, e Zanzibar, isola esotica dell'Oceano Indiano, sono destinazioni che offrono esperienze uniche.<\/p><p>Il modo pi\u00f9 comune per viaggiare dalla Spagna a Zanzibar \u00e8 tramite voli di collegamento. Non esistono voli diretti tra le due localit\u00e0, quindi di solito \u00e8 previsto uno scalo in aeroporti come Amsterdam, Istanbul, Doha o Dubai, tra gli altri. La durata totale del volo pu\u00f2 variare a seconda della durata dello scalo e delle condizioni dell'itinerario, ma in genere oscilla tra le 12 e le 16 ore.<\/p><p>\u00c8 importante notare che gli orari e le rotte dei voli possono cambiare a seconda della compagnia aerea e del periodo dell'anno. Si consiglia di effettuare una ricerca approfondita e di confrontare prezzi e orari per trovare l'opzione migliore che soddisfi le vostre esigenze e preferenze.<\/p><p>Inoltre, \u00e8 essenziale verificare i requisiti per il visto e la documentazione necessaria per entrare a Zanzibar, nonch\u00e9 eventuali misure sanitarie o restrizioni di viaggio in vigore al momento della visita.<\/p><p>Preparatevi a partire per un'emozionante avventura dalla Spagna alla bellezza tropicale di Zanzibar, dove vi aspettano spiagge paradisiache, una ricca cultura e un'ospitalit\u00e0 senza pari!<\/p>\t\t\t\t\t\t<\/div>\n\t\t\t\t<\/div>\n\t\t\t\t\t<\/div>\n\t\t<\/div>\n\t\t\t\t\t<\/div>\n\t\t<\/section>\n\t\t\t\t<section data-exad-particle-enable=\"false\" class=\"elementor-section elementor-top-section elementor-element elementor-element-15b66bb elementor-section-boxed elementor-section-height-default elementor-section-height-default exad-parallax-effect-no exad-background-color-change-no exad-glass-effect-no exad-sticky-section-no\" data-id=\"15b66bb\" data-element_type=\"section\">\n\t\t\t\t\t\t<div class=\"elementor-container elementor-column-gap-default\">\n\t\t\t\t\t<div class=\"elementor-column elementor-col-100 elementor-top-column elementor-element elementor-element-806d08c exad-glass-effect-no exad-sticky-section-no\" data-id=\"806d08c\" data-element_type=\"column\">\n\t\t\t<div class=\"elementor-widget-wrap elementor-element-populated\">\n\t\t\t\t\t\t<div class=\"elementor-element elementor-element-93d280d exad-sticky-section-no exad-glass-effect-no elementor-widget elementor-widget-html\" data-id=\"93d280d\" data-element_type=\"widget\" data-widget_type=\"html.default\">\n\t\t\t\t<div class=\"elementor-widget-container\">\n\t\t\t<iframe src=\"https:\/\/www.google.com\/maps\/embed?pb=!1m28!1m12!1m3!1d3044893.749052567!2d38.52141132210276!3d-5.829502467377596!2m3!1f0!2f0!3f0!3m2!1i1024!2i768!4f13.1!4m13!3e6!4m5!1s0xc42e3783261bc8b%3A0xa6ec2c940768a3ec!2zRXNwYcOxYQ!3m2!1d40.463667!2d-3.7492199999999998!4m5!1s0x185cd0ba23b63ecb%3A0x52c848ab6efc138e!2sZanz%C3%ADbar%2C%20Tanzania!3m2!1d-6.1651929999999995!2d39.1989144!5e0!3m2!1ses!2ses!4v1684407787221!5m2!1ses!2ses\" width=\"600\" height=\"450\" style=\"border:0;\" allowfullscreen=\"\" loading=\"lazy\" referrerpolicy=\"no-referrer-when-downgrade\"><\/iframe>\t\t<\/div>\n\t\t\t\t<\/div>\n\t\t\t\t\t<\/div>\n\t\t<\/div>\n\t\t\t\t\t<\/div>\n\t\t<\/section>\n\t\t\t\t<\/div>","protected":false},"excerpt":{"rendered":"<p>Distancia de Espa\u00f1a a Zanzibar La distancia entre Espa\u00f1a y Zanz\u00edbar es de aproximadamente 6,700 kil\u00f3metros. Espa\u00f1a, situada en la pen\u00ednsula ib\u00e9rica, y Zanz\u00edbar, la ex\u00f3tica isla en el oc\u00e9ano \u00cdndico, son destinos que ofrecen experiencias \u00fanicas. La forma m\u00e1s com\u00fan de viajar desde Espa\u00f1a hasta Zanz\u00edbar es a trav\u00e9s de vuelos con conexiones. No &#8230; <a title=\"Distanza dalla Spagna a Zanzibar\" class=\"read-more\" href=\"https:\/\/disfrutazanzibar.com\/it\/distanza\/spagna-zanzibar\/\" aria-label=\"More on Distancia de Espa\u00f1a a Zanzibar\">Leggi tutto<\/a><\/p>","protected":false},"author":1,"featured_media":0,"parent":1583,"menu_order":0,"comment_status":"closed","ping_status":"closed","template":"","meta":{"footnotes":""},"class_list":["post-1617","page","type-page","status-publish"],"_links":{"self":[{"href":"https:\/\/disfrutazanzibar.com\/it\/wp-json\/wp\/v2\/pages\/1617","targetHints":{"allow":["GET"]}}],"collection":[{"href":"https:\/\/disfrutazanzibar.com\/it\/wp-json\/wp\/v2\/pages"}],"about":[{"href":"https:\/\/disfrutazanzibar.com\/it\/wp-json\/wp\/v2\/types\/page"}],"author":[{"embeddable":true,"href":"https:\/\/disfrutazanzibar.com\/it\/wp-json\/wp\/v2\/users\/1"}],"replies":[{"embeddable":true,"href":"https:\/\/disfrutazanzibar.com\/it\/wp-json\/wp\/v2\/comments?post=1617"}],"version-history":[{"count":8,"href":"https:\/\/disfrutazanzibar.com\/it\/wp-json\/wp\/v2\/pages\/1617\/revisions"}],"predecessor-version":[{"id":2551,"href":"https:\/\/disfrutazanzibar.com\/it\/wp-json\/wp\/v2\/pages\/1617\/revisions\/2551"}],"up":[{"embeddable":true,"href":"https:\/\/disfrutazanzibar.com\/it\/wp-json\/wp\/v2\/pages\/1583"}],"wp:attachment":[{"href":"https:\/\/disfrutazanzibar.com\/it\/wp-json\/wp\/v2\/media?parent=1617"}],"curies":[{"name":"wp","href":"https:\/\/api.w.org\/{rel}","templated":true}]}}