{"id":1629,"date":"2023-05-18T13:12:15","date_gmt":"2023-05-18T11:12:15","guid":{"rendered":"https:\/\/disfrutazanzibar.com\/?page_id=1629"},"modified":"2024-08-26T13:07:01","modified_gmt":"2024-08-26T11:07:01","slug":"aeropuerto-zanzibar-kendwa","status":"publish","type":"page","link":"https:\/\/disfrutazanzibar.com\/it\/distanza\/aeroporto-zanzibar-kendwa\/","title":{"rendered":"Distanza dall'aeroporto di Zanzibar a Kendwa"},"content":{"rendered":"<div data-elementor-type=\"wp-page\" data-elementor-id=\"1629\" class=\"elementor elementor-1629\">\n\t\t\t\t\t\t<section data-exad-particle-enable=\"false\" class=\"elementor-section elementor-top-section elementor-element elementor-element-1921bb36 elementor-section-height-min-height elementor-section-full_width elementor-section-height-default elementor-section-items-middle exad-parallax-effect-no exad-background-color-change-no exad-glass-effect-no exad-sticky-section-no\" data-id=\"1921bb36\" data-element_type=\"section\" data-settings=\"{&quot;background_background&quot;:&quot;classic&quot;}\">\n\t\t\t\t\t\t<div class=\"elementor-container elementor-column-gap-default\">\n\t\t\t\t\t<div class=\"elementor-column elementor-col-100 elementor-top-column elementor-element elementor-element-1b49d4e exad-glass-effect-no exad-sticky-section-no\" data-id=\"1b49d4e\" data-element_type=\"column\">\n\t\t\t<div class=\"elementor-widget-wrap elementor-element-populated\">\n\t\t\t\t\t\t<div class=\"elementor-element elementor-element-35fb3973 exad-sticky-section-no exad-glass-effect-no elementor-widget elementor-widget-heading\" data-id=\"35fb3973\" data-element_type=\"widget\" data-widget_type=\"heading.default\">\n\t\t\t\t<div class=\"elementor-widget-container\">\n\t\t\t<style>\/*! elementor - v3.23.0 - 05-08-2024 *\/\n.elementor-heading-title{padding:0;margin:0;line-height:1}.elementor-widget-heading .elementor-heading-title[class*=elementor-size-]>a{color:inherit;font-size:inherit;line-height:inherit}.elementor-widget-heading .elementor-heading-title.elementor-size-small{font-size:15px}.elementor-widget-heading .elementor-heading-title.elementor-size-medium{font-size:19px}.elementor-widget-heading .elementor-heading-title.elementor-size-large{font-size:29px}.elementor-widget-heading .elementor-heading-title.elementor-size-xl{font-size:39px}.elementor-widget-heading .elementor-heading-title.elementor-size-xxl{font-size:59px}<\/style><p class=\"elementor-heading-title elementor-size-default\">Distanza dal <a href=\"https:\/\/disfrutazanzibar.com\/it\/aeroporto\/\">Aeroporto<\/a> da Zanzibar a <a href=\"https:\/\/disfrutazanzibar.com\/it\/spiagge-2\/kendwa\/\">Kendwa<\/a><\/p>\t\t<\/div>\n\t\t\t\t<\/div>\n\t\t\t\t<div class=\"elementor-element elementor-element-73a87792 exad-sticky-section-no exad-glass-effect-no elementor-widget elementor-widget-text-editor\" data-id=\"73a87792\" data-element_type=\"widget\" data-widget_type=\"text-editor.default\">\n\t\t\t\t<div class=\"elementor-widget-container\">\n\t\t\t<style>\/*! elementor - v3.23.0 - 05-08-2024 *\/\n.elementor-widget-text-editor.elementor-drop-cap-view-stacked .elementor-drop-cap{background-color:#69727d;color:#fff}.elementor-widget-text-editor.elementor-drop-cap-view-framed .elementor-drop-cap{color:#69727d;border:3px solid;background-color:transparent}.elementor-widget-text-editor:not(.elementor-drop-cap-view-default) .elementor-drop-cap{margin-top:8px}.elementor-widget-text-editor:not(.elementor-drop-cap-view-default) .elementor-drop-cap-letter{width:1em;height:1em}.elementor-widget-text-editor .elementor-drop-cap{float:left;text-align:center;line-height:1;font-size:50px}.elementor-widget-text-editor .elementor-drop-cap-letter{display:inline-block}<\/style>\t\t\t\t<p style=\"text-align: center;\"><nav aria-label=\"pangrattato\" class=\"rank-math-breadcrumb\"><p><span class=\"last\">Casa<\/span><\/p><\/nav><\/p>\t\t\t\t\t\t<\/div>\n\t\t\t\t<\/div>\n\t\t\t\t\t<\/div>\n\t\t<\/div>\n\t\t\t\t\t<\/div>\n\t\t<\/section>\n\t\t\t\t<section data-exad-particle-enable=\"false\" class=\"elementor-section elementor-top-section elementor-element elementor-element-5314f432 elementor-section-boxed elementor-section-height-default elementor-section-height-default exad-parallax-effect-no exad-background-color-change-no exad-glass-effect-no exad-sticky-section-no\" data-id=\"5314f432\" data-element_type=\"section\">\n\t\t\t\t\t\t<div class=\"elementor-container elementor-column-gap-default\">\n\t\t\t\t\t<div class=\"elementor-column elementor-col-100 elementor-top-column elementor-element elementor-element-18515883 exad-glass-effect-no exad-sticky-section-no\" data-id=\"18515883\" data-element_type=\"column\">\n\t\t\t<div class=\"elementor-widget-wrap elementor-element-populated\">\n\t\t\t\t\t\t<div class=\"elementor-element elementor-element-5e9085af exad-sticky-section-no exad-glass-effect-no elementor-widget elementor-widget-text-editor\" data-id=\"5e9085af\" data-element_type=\"widget\" data-widget_type=\"text-editor.default\">\n\t\t\t\t<div class=\"elementor-widget-container\">\n\t\t\t\t\t\t\t<p>La distanza dall'aeroporto di Zanzibar a Kendwa \u00e8 di circa 55 chilometri. L'aeroporto internazionale di Zanzibar, noto anche come Abeid Amani Karume Airport, si trova sull'isola di Unguja, dove si trova Kendwa, una popolare destinazione turistica sulla costa nord di Zanzibar.<\/p><p>Per arrivare dall'aeroporto a Kendwa, sono disponibili diverse opzioni. Il modo pi\u00f9 comune \u00e8 quello di prendere un taxi o un trasferimento privato, che di solito dura circa un'ora, a seconda del traffico e delle condizioni della strada.<\/p><p>\u00c8 anche possibile utilizzare i trasporti pubblici, come i minibus o le \"dala-dala\", che sono veicoli condivisi, anche se \u00e8 importante notare che potrebbero essere meno confortevoli e richiedere pi\u00f9 tempo a causa delle fermate aggiuntive e della capacit\u00e0 limitata dei bagagli.<\/p><p>Se preferite un'opzione pi\u00f9 avventurosa ed economica, potete prendere in considerazione l'idea di prendere una barca dalla capitale di Zanzibar, Stone Town, a Kendwa. Il viaggio in barca pu\u00f2 durare circa un'ora, ma \u00e8 importante verificare gli orari e la disponibilit\u00e0 prima di pianificare il viaggio.<\/p><p>Qualunque sia l'opzione scelta, arriverete a Kendwa, dove potrete godervi le sue bellissime spiagge, le acque cristalline e un'ampia gamma di prodotti. <a href=\"https:\/\/disfrutazanzibar.com\/it\/attivita\/\">attivit\u00e0<\/a> attivit\u00e0 acquatiche e ricreative.<\/p><p>Preparatevi a godervi il vostro soggiorno a Kendwa dopo l'arrivo all'aeroporto di Zanzibar e immergetevi nella bellezza tropicale della costa nord di Zanzibar!<\/p>\t\t\t\t\t\t<\/div>\n\t\t\t\t<\/div>\n\t\t\t\t\t<\/div>\n\t\t<\/div>\n\t\t\t\t\t<\/div>\n\t\t<\/section>\n\t\t\t\t<section data-exad-particle-enable=\"false\" class=\"elementor-section elementor-top-section elementor-element elementor-element-5b4217d elementor-section-boxed elementor-section-height-default elementor-section-height-default exad-parallax-effect-no exad-background-color-change-no exad-glass-effect-no exad-sticky-section-no\" data-id=\"5b4217d\" data-element_type=\"section\">\n\t\t\t\t\t\t<div class=\"elementor-container elementor-column-gap-default\">\n\t\t\t\t\t<div class=\"elementor-column elementor-col-100 elementor-top-column elementor-element elementor-element-13e0fd0 exad-glass-effect-no exad-sticky-section-no\" data-id=\"13e0fd0\" data-element_type=\"column\">\n\t\t\t<div class=\"elementor-widget-wrap elementor-element-populated\">\n\t\t\t\t\t\t<div class=\"elementor-element elementor-element-822f96a exad-sticky-section-no exad-glass-effect-no elementor-widget elementor-widget-html\" data-id=\"822f96a\" data-element_type=\"widget\" data-widget_type=\"html.default\">\n\t\t\t\t<div class=\"elementor-widget-container\">\n\t\t\t<iframe src=\"https:\/\/www.google.com\/maps\/embed?pb=!1m28!1m12!1m3!1d226073.81443274635!2d39.407291392948636!3d-6.395450081082206!2m3!1f0!2f0!3f0!3m2!1i1024!2i768!4f13.1!4m13!3e6!4m5!1s0x185cdbc58182ea0b%3A0x994daaf36aa14710!2sAeropuerto%20Internacional%20Abeid%20Amani%20Karume%2C%20Zanz%C3%ADbar%2C%20Tanzania!3m2!1d-6.2185336!2d39.221379!4m5!1s0x18431f9775501f75%3A0xa046250cf4816519!2sKendwa%2C%20Tanzania!3m2!1d-5.7538633!2d39.290782199999995!5e0!3m2!1ses!2ses!4v1684408323763!5m2!1ses!2ses\" width=\"600\" height=\"450\" style=\"border:0;\" allowfullscreen=\"\" loading=\"lazy\" referrerpolicy=\"no-referrer-when-downgrade\"><\/iframe>\t\t<\/div>\n\t\t\t\t<\/div>\n\t\t\t\t\t<\/div>\n\t\t<\/div>\n\t\t\t\t\t<\/div>\n\t\t<\/section>\n\t\t\t\t<\/div>","protected":false},"excerpt":{"rendered":"<p>Distancia del Aeropuerto de Zanzibar a Kendwa La distancia del Aeropuerto de Zanz\u00edbar a Kendwa es de aproximadamente 55 kil\u00f3metros. El Aeropuerto Internacional de Zanz\u00edbar, tambi\u00e9n conocido como Aeropuerto de Abeid Amani Karume, se encuentra en la isla de Unguja, donde est\u00e1 ubicada Kendwa, un popular destino tur\u00edstico en la costa norte de Zanz\u00edbar. Para &#8230; <a title=\"Distanza dall&#039;aeroporto di Zanzibar a Kendwa\" class=\"read-more\" href=\"https:\/\/disfrutazanzibar.com\/it\/distanza\/aeroporto-zanzibar-kendwa\/\" aria-label=\"More on Distancia del Aeropuerto de Zanzibar a kendwa\">Leggi tutto<\/a><\/p>","protected":false},"author":1,"featured_media":0,"parent":1583,"menu_order":0,"comment_status":"closed","ping_status":"closed","template":"","meta":{"footnotes":""},"class_list":["post-1629","page","type-page","status-publish"],"_links":{"self":[{"href":"https:\/\/disfrutazanzibar.com\/it\/wp-json\/wp\/v2\/pages\/1629","targetHints":{"allow":["GET"]}}],"collection":[{"href":"https:\/\/disfrutazanzibar.com\/it\/wp-json\/wp\/v2\/pages"}],"about":[{"href":"https:\/\/disfrutazanzibar.com\/it\/wp-json\/wp\/v2\/types\/page"}],"author":[{"embeddable":true,"href":"https:\/\/disfrutazanzibar.com\/it\/wp-json\/wp\/v2\/users\/1"}],"replies":[{"embeddable":true,"href":"https:\/\/disfrutazanzibar.com\/it\/wp-json\/wp\/v2\/comments?post=1629"}],"version-history":[{"count":9,"href":"https:\/\/disfrutazanzibar.com\/it\/wp-json\/wp\/v2\/pages\/1629\/revisions"}],"predecessor-version":[{"id":2557,"href":"https:\/\/disfrutazanzibar.com\/it\/wp-json\/wp\/v2\/pages\/1629\/revisions\/2557"}],"up":[{"embeddable":true,"href":"https:\/\/disfrutazanzibar.com\/it\/wp-json\/wp\/v2\/pages\/1583"}],"wp:attachment":[{"href":"https:\/\/disfrutazanzibar.com\/it\/wp-json\/wp\/v2\/media?parent=1629"}],"curies":[{"name":"wp","href":"https:\/\/api.w.org\/{rel}","templated":true}]}}