{"id":1641,"date":"2023-05-18T13:21:38","date_gmt":"2023-05-18T11:21:38","guid":{"rendered":"https:\/\/disfrutazanzibar.com\/?page_id=1641"},"modified":"2024-08-26T13:07:57","modified_gmt":"2024-08-26T11:07:57","slug":"zanzibar-mafia","status":"publish","type":"page","link":"https:\/\/disfrutazanzibar.com\/it\/distanza\/zanzibar-mafia\/","title":{"rendered":"Distanza Isola di Zanzibar e Mafia"},"content":{"rendered":"<div data-elementor-type=\"wp-page\" data-elementor-id=\"1641\" class=\"elementor elementor-1641\">\n\t\t\t\t\t\t<section data-exad-particle-enable=\"false\" class=\"elementor-section elementor-top-section elementor-element elementor-element-1e56a795 elementor-section-height-min-height elementor-section-full_width elementor-section-height-default elementor-section-items-middle exad-parallax-effect-no exad-background-color-change-no exad-glass-effect-no exad-sticky-section-no\" data-id=\"1e56a795\" data-element_type=\"section\" data-settings=\"{&quot;background_background&quot;:&quot;classic&quot;}\">\n\t\t\t\t\t\t<div class=\"elementor-container elementor-column-gap-default\">\n\t\t\t\t\t<div class=\"elementor-column elementor-col-100 elementor-top-column elementor-element elementor-element-91262ad exad-glass-effect-no exad-sticky-section-no\" data-id=\"91262ad\" data-element_type=\"column\">\n\t\t\t<div class=\"elementor-widget-wrap elementor-element-populated\">\n\t\t\t\t\t\t<div class=\"elementor-element elementor-element-139390d8 exad-sticky-section-no exad-glass-effect-no elementor-widget elementor-widget-heading\" data-id=\"139390d8\" data-element_type=\"widget\" data-widget_type=\"heading.default\">\n\t\t\t\t<div class=\"elementor-widget-container\">\n\t\t\t<style>\/*! elementor - v3.23.0 - 05-08-2024 *\/\n.elementor-heading-title{padding:0;margin:0;line-height:1}.elementor-widget-heading .elementor-heading-title[class*=elementor-size-]>a{color:inherit;font-size:inherit;line-height:inherit}.elementor-widget-heading .elementor-heading-title.elementor-size-small{font-size:15px}.elementor-widget-heading .elementor-heading-title.elementor-size-medium{font-size:19px}.elementor-widget-heading .elementor-heading-title.elementor-size-large{font-size:29px}.elementor-widget-heading .elementor-heading-title.elementor-size-xl{font-size:39px}.elementor-widget-heading .elementor-heading-title.elementor-size-xxl{font-size:59px}<\/style><p class=\"elementor-heading-title elementor-size-default\">Distanza Zanzibar e Mafia<\/p>\t\t<\/div>\n\t\t\t\t<\/div>\n\t\t\t\t<div class=\"elementor-element elementor-element-4ebab682 exad-sticky-section-no exad-glass-effect-no elementor-widget elementor-widget-text-editor\" data-id=\"4ebab682\" data-element_type=\"widget\" data-widget_type=\"text-editor.default\">\n\t\t\t\t<div class=\"elementor-widget-container\">\n\t\t\t<style>\/*! elementor - v3.23.0 - 05-08-2024 *\/\n.elementor-widget-text-editor.elementor-drop-cap-view-stacked .elementor-drop-cap{background-color:#69727d;color:#fff}.elementor-widget-text-editor.elementor-drop-cap-view-framed .elementor-drop-cap{color:#69727d;border:3px solid;background-color:transparent}.elementor-widget-text-editor:not(.elementor-drop-cap-view-default) .elementor-drop-cap{margin-top:8px}.elementor-widget-text-editor:not(.elementor-drop-cap-view-default) .elementor-drop-cap-letter{width:1em;height:1em}.elementor-widget-text-editor .elementor-drop-cap{float:left;text-align:center;line-height:1;font-size:50px}.elementor-widget-text-editor .elementor-drop-cap-letter{display:inline-block}<\/style>\t\t\t\t<p style=\"text-align: center;\"><nav aria-label=\"pangrattato\" class=\"rank-math-breadcrumb\"><p><span class=\"last\">Casa<\/span><\/p><\/nav><\/p>\t\t\t\t\t\t<\/div>\n\t\t\t\t<\/div>\n\t\t\t\t\t<\/div>\n\t\t<\/div>\n\t\t\t\t\t<\/div>\n\t\t<\/section>\n\t\t\t\t<section data-exad-particle-enable=\"false\" class=\"elementor-section elementor-top-section elementor-element elementor-element-4d82f5d9 elementor-section-boxed elementor-section-height-default elementor-section-height-default exad-parallax-effect-no exad-background-color-change-no exad-glass-effect-no exad-sticky-section-no\" data-id=\"4d82f5d9\" data-element_type=\"section\">\n\t\t\t\t\t\t<div class=\"elementor-container elementor-column-gap-default\">\n\t\t\t\t\t<div class=\"elementor-column elementor-col-100 elementor-top-column elementor-element elementor-element-2d557ca2 exad-glass-effect-no exad-sticky-section-no\" data-id=\"2d557ca2\" data-element_type=\"column\">\n\t\t\t<div class=\"elementor-widget-wrap elementor-element-populated\">\n\t\t\t\t\t\t<div class=\"elementor-element elementor-element-2105f347 exad-sticky-section-no exad-glass-effect-no elementor-widget elementor-widget-text-editor\" data-id=\"2105f347\" data-element_type=\"widget\" data-widget_type=\"text-editor.default\">\n\t\t\t\t<div class=\"elementor-widget-container\">\n\t\t\t\t\t\t\t<p>La distanza tra l'isola di Zanzibar e Mafia \u00e8 di circa 130 chilometri. Entrambe le isole si trovano nell'Oceano Indiano, al largo delle coste della Tanzania.<\/p><p>Per andare da Zanzibar a Mafia, il modo pi\u00f9 comune \u00e8 prendere un volo nazionale. I voli di linea tra le due isole durano solitamente circa 30 minuti. \u00c8 importante controllare gli orari e la disponibilit\u00e0 dei voli prima di pianificare il viaggio.<\/p><p>Un'altra opzione \u00e8 quella di prendere un traghetto da Zanzibar a Mafia. Tuttavia, occorre tenere presente che non esistono rotte dirette per il traghetto e che il viaggio pu\u00f2 essere pi\u00f9 lungo e soggetto alla disponibilit\u00e0 e alle condizioni meteorologiche.<\/p><p>Sia Zanzibar che Mafia offrono splendide spiagge, acque cristalline e una ricca vita marina. Zanzibar \u00e8 nota per le sue spiagge di sabbia bianca e la vivace scena turistica, mentre Mafia \u00e8 un'isola pi\u00f9 tranquilla e meno sviluppata, ideale per chi cerca un'atmosfera pi\u00f9 rilassata e meno affollata.<\/p><p>Godetevi la bellezza e la tranquillit\u00e0 di queste due meravigliose isole della Tanzania durante il vostro viaggio da Zanzibar a Mafia!<\/p>\t\t\t\t\t\t<\/div>\n\t\t\t\t<\/div>\n\t\t\t\t\t<\/div>\n\t\t<\/div>\n\t\t\t\t\t<\/div>\n\t\t<\/section>\n\t\t\t\t<section data-exad-particle-enable=\"false\" class=\"elementor-section elementor-top-section elementor-element elementor-element-88b793b elementor-section-boxed elementor-section-height-default elementor-section-height-default exad-parallax-effect-no exad-background-color-change-no exad-glass-effect-no exad-sticky-section-no\" data-id=\"88b793b\" data-element_type=\"section\">\n\t\t\t\t\t\t<div class=\"elementor-container elementor-column-gap-default\">\n\t\t\t\t\t<div class=\"elementor-column elementor-col-100 elementor-top-column elementor-element elementor-element-adb6fe1 exad-glass-effect-no exad-sticky-section-no\" data-id=\"adb6fe1\" data-element_type=\"column\">\n\t\t\t<div class=\"elementor-widget-wrap elementor-element-populated\">\n\t\t\t\t\t\t<div class=\"elementor-element elementor-element-1cbafbb exad-sticky-section-no exad-glass-effect-no elementor-widget elementor-widget-google_maps\" data-id=\"1cbafbb\" data-element_type=\"widget\" data-widget_type=\"google_maps.default\">\n\t\t\t\t<div class=\"elementor-widget-container\">\n\t\t\t<style>\/*! elementor - v3.23.0 - 05-08-2024 *\/\n.elementor-widget-google_maps .elementor-widget-container{overflow:hidden}.elementor-widget-google_maps .elementor-custom-embed{line-height:0}.elementor-widget-google_maps iframe{height:300px}<\/style>\t\t<div class=\"elementor-custom-embed\">\n\t\t\t<iframe loading=\"lazy\"\n\t\t\t\t\tsrc=\"https:\/\/maps.google.com\/maps?q=isla%20mafia&#038;t=m&#038;z=6&#038;output=embed&#038;iwloc=near\"\n\t\t\t\t\ttitle=\"isola della mafia\"\n\t\t\t\t\taria-label=\"isola della mafia\"\n\t\t\t><\/iframe>\n\t\t<\/div>\n\t\t\t\t<\/div>\n\t\t\t\t<\/div>\n\t\t\t\t\t<\/div>\n\t\t<\/div>\n\t\t\t\t\t<\/div>\n\t\t<\/section>\n\t\t\t\t<\/div>","protected":false},"excerpt":{"rendered":"<p>Distancia Zanzibar y Mafia La distancia entre la isla de Zanz\u00edbar y Mafia es de aproximadamente 130 kil\u00f3metros. Ambas islas se encuentran en el oc\u00e9ano \u00cdndico, frente a la costa de Tanzania. Para llegar de Zanz\u00edbar a Mafia, la forma m\u00e1s com\u00fan es tomar un vuelo dom\u00e9stico. Los vuelos regulares entre las dos islas suelen &#8230; <a title=\"Distanza Isola di Zanzibar e Mafia\" class=\"read-more\" href=\"https:\/\/disfrutazanzibar.com\/it\/distanza\/zanzibar-mafia\/\" aria-label=\"More on Distancia la Isla de Zanzibar y Mafia\">Leggi tutto<\/a><\/p>","protected":false},"author":1,"featured_media":0,"parent":1583,"menu_order":0,"comment_status":"closed","ping_status":"closed","template":"","meta":{"footnotes":""},"class_list":["post-1641","page","type-page","status-publish"],"_links":{"self":[{"href":"https:\/\/disfrutazanzibar.com\/it\/wp-json\/wp\/v2\/pages\/1641","targetHints":{"allow":["GET"]}}],"collection":[{"href":"https:\/\/disfrutazanzibar.com\/it\/wp-json\/wp\/v2\/pages"}],"about":[{"href":"https:\/\/disfrutazanzibar.com\/it\/wp-json\/wp\/v2\/types\/page"}],"author":[{"embeddable":true,"href":"https:\/\/disfrutazanzibar.com\/it\/wp-json\/wp\/v2\/users\/1"}],"replies":[{"embeddable":true,"href":"https:\/\/disfrutazanzibar.com\/it\/wp-json\/wp\/v2\/comments?post=1641"}],"version-history":[{"count":8,"href":"https:\/\/disfrutazanzibar.com\/it\/wp-json\/wp\/v2\/pages\/1641\/revisions"}],"predecessor-version":[{"id":2563,"href":"https:\/\/disfrutazanzibar.com\/it\/wp-json\/wp\/v2\/pages\/1641\/revisions\/2563"}],"up":[{"embeddable":true,"href":"https:\/\/disfrutazanzibar.com\/it\/wp-json\/wp\/v2\/pages\/1583"}],"wp:attachment":[{"href":"https:\/\/disfrutazanzibar.com\/it\/wp-json\/wp\/v2\/media?parent=1641"}],"curies":[{"name":"wp","href":"https:\/\/api.w.org\/{rel}","templated":true}]}}