{"id":165,"date":"2022-10-21T09:52:22","date_gmt":"2022-10-21T07:52:22","guid":{"rendered":"https:\/\/disfrutazanzibar.com\/?page_id=165"},"modified":"2022-10-21T09:53:10","modified_gmt":"2022-10-21T07:53:10","slug":"aviso-legal","status":"publish","type":"page","link":"https:\/\/disfrutazanzibar.com\/it\/avviso-legale\/","title":{"rendered":"Avviso legale"},"content":{"rendered":"<div data-elementor-type=\"wp-page\" data-elementor-id=\"165\" class=\"elementor elementor-165\">\n\t\t\t\t\t\t<section data-exad-particle-enable=\"false\" class=\"elementor-section elementor-top-section elementor-element elementor-element-36d64f5 elementor-section-boxed elementor-section-height-default elementor-section-height-default exad-parallax-effect-no exad-background-color-change-no exad-glass-effect-no exad-sticky-section-no\" data-id=\"36d64f5\" data-element_type=\"section\">\n\t\t\t\t\t\t<div class=\"elementor-container elementor-column-gap-default\">\n\t\t\t\t\t<div class=\"elementor-column elementor-col-100 elementor-top-column elementor-element elementor-element-1b92602 exad-glass-effect-no exad-sticky-section-no\" data-id=\"1b92602\" data-element_type=\"column\">\n\t\t\t<div class=\"elementor-widget-wrap elementor-element-populated\">\n\t\t\t\t\t\t<div class=\"elementor-element elementor-element-790d1f6 exad-sticky-section-no exad-glass-effect-no elementor-widget elementor-widget-text-editor\" data-id=\"790d1f6\" data-element_type=\"widget\" data-widget_type=\"text-editor.default\">\n\t\t\t\t<div class=\"elementor-widget-container\">\n\t\t\t<style>\/*! elementor - v3.23.0 - 05-08-2024 *\/\n.elementor-widget-text-editor.elementor-drop-cap-view-stacked .elementor-drop-cap{background-color:#69727d;color:#fff}.elementor-widget-text-editor.elementor-drop-cap-view-framed .elementor-drop-cap{color:#69727d;border:3px solid;background-color:transparent}.elementor-widget-text-editor:not(.elementor-drop-cap-view-default) .elementor-drop-cap{margin-top:8px}.elementor-widget-text-editor:not(.elementor-drop-cap-view-default) .elementor-drop-cap-letter{width:1em;height:1em}.elementor-widget-text-editor .elementor-drop-cap{float:left;text-align:center;line-height:1;font-size:50px}.elementor-widget-text-editor .elementor-drop-cap-letter{display:inline-block}<\/style>\t\t\t\t<h2>Avviso legale<\/h2>\nIn conformit\u00e0 all'articolo 10 della Legge 34\/2002, dell'11 luglio, sui servizi della societ\u00e0 dell'informazione e del commercio elettronico (LSSICE), i dati identificativi della societ\u00e0 sono riportati di seguito.\n<h5>1. DATI DI IDENTIFICAZIONE<\/h5>\nIn ottemperanza all'obbligo di informazione di cui all'articolo 10 della Legge 34\/2002, dell'11 luglio, sui Servizi della Societ\u00e0 dell'Informazione e del Commercio Elettronico, vi informiamo che il presente sito web, disfrutazanzibar.com, \u00e8 di propriet\u00e0 di Marketing e innovaci\u00f3n online, CC, S.L. (di seguito Disfruta Zanzibar) con <strong>IVA NO\/NIF<\/strong>B42624429 e con <strong>domicilio fiscale<\/strong> in Avenida Pa\u00eds Valenci\u00e1, 181, Benissa (Alicante).\n\nIndirizzo e-mail di contatto:\n<a href=\"mailto:info@lafabricadelseo.com\">info@lafabricadelseo.com<\/a>\n<h5>2. UTENTI<\/h5>\nL'accesso e\/o l'utilizzo di questo portale Disfruta Zanzibar, creatore del sito web, attribuisce la condizione di UTENTE, che accetta, a partire da tale accesso e\/o utilizzo, le Condizioni Generali di Utilizzo qui riportate. Le suddette Condizioni saranno applicate indipendentemente dalle Condizioni Generali di Contratto eventualmente obbligatorie.\n<h5>3. UTILIZZO DEL PORTALE<\/h5>\nDisfruta Zanzibar fornisce l'accesso a una moltitudine di informazioni, servizi, programmi o dati (di seguito \"i contenuti\") su Internet appartenenti a Disfruta Zanzibar, creatore del sito web, o ai suoi licenziatari a cui l'UTENTE pu\u00f2 accedere. L'UTENTE si assume la responsabilit\u00e0 dell'utilizzo del portale. Tale responsabilit\u00e0 si estende alla registrazione che pu\u00f2 essere necessaria per accedere a determinati servizi o contenuti.\nIn tale registrazione, l'UTENTE \u00e8 tenuto a fornire informazioni veritiere e lecite. A seguito di tale registrazione, l'UTENTE pu\u00f2 ricevere una password di cui \u00e8 responsabile e che si impegna a utilizzare con diligenza e riservatezza. L'UTENTE si impegna a fare un uso appropriato dei contenuti e dei servizi (quali servizi di chat, forum di discussione o gruppi di notizie) che Disfruta Zanzibar offre attraverso il suo portale e, a titolo esemplificativo ma non esaustivo, a non utilizzarli per (i) incorrere in uno dei seguenti reati <a href=\"https:\/\/disfrutazanzibar.com\/it\/attivita\/\">attivit\u00e0<\/a> illeciti, illegali o contrari alla buona fede e all'ordine pubblico; (ii) diffondere contenuti o propaganda di natura razzista, xenofoba, pornografica-illegale, a sostegno del terrorismo o contro i diritti umani; (iii) causare danni ai sistemi fisici e logici di Disfruta Zanzibar, dei suoi fornitori o di terzi, introdurre o diffondere virus informatici o qualsiasi altro sistema fisico o logico che possa causare i suddetti danni; (iv) cercare di accedere e, se del caso, utilizzare gli account di posta elettronica di altri utenti e modificare o manipolare i loro messaggi. Disfruta Zanzibar si riserva il diritto di rimuovere tutti i commenti e i contributi che violano il rispetto della dignit\u00e0 della persona, che sono discriminatori, xenofobi, razzisti, pornografici, che minacciano la giovent\u00f9 o l'infanzia, l'ordine pubblico o la sicurezza o che, a suo parere, non sono appropriati per la pubblicazione. In ogni caso, Disfruta Zanzibar web non sar\u00e0 responsabile delle opinioni espresse dagli utenti attraverso forum, chat o altri strumenti di partecipazione.\n<h5>4. PROTEZIONE DEI DATI<\/h5>\nDisfruta Zanzibar \u00e8 conforme alle linee guida della Legge organica 15\/1999 del 13 dicembre 1999. <a href=\"https:\/\/disfrutazanzibar.com\/it\/zanzibar-in-dicembre\/\">Dicembre<\/a> di Protezione dei Dati Personali, Regio Decreto 1720\/2007 del 21 dicembre, che approva il Regolamento per lo sviluppo della Legge Organica e le altre normative in vigore in un determinato momento, e garantisce il corretto utilizzo e trattamento dei dati personali dell'utente. A tal fine, insieme a ogni modulo di raccolta dei dati personali, nei servizi che l'utente pu\u00f2 richiedere a Disfruta Zanzibar, informer\u00e0 l'utente dell'esistenza e dell'accettazione delle condizioni specifiche per il trattamento dei suoi dati in ogni caso, informandolo della responsabilit\u00e0 del file creato, dell'indirizzo del responsabile, della possibilit\u00e0 di esercitare i suoi diritti di accesso, rettifica, cancellazione o opposizione, della finalit\u00e0 del trattamento e della comunicazione dei dati a terzi, ove applicabile. Allo stesso modo, Disfruta Zanzibar informa che rispetta la Legge 34\/2002 dell'11 luglio, relativa ai servizi della societ\u00e0 dell'informazione e al commercio elettronico e richieder\u00e0 sempre il consenso dell'utente per il trattamento della sua e-mail a fini commerciali.\n<h5>5. PROPRIET\u00c0 INTELLETTUALE E INDUSTRIALE<\/h5>\nDisfruta Zanzibar, direttamente o in qualit\u00e0 di cessionario, \u00e8 titolare di tutti i diritti di propriet\u00e0 intellettuale e industriale del proprio sito web, nonch\u00e9 degli elementi in esso contenuti (compresi, a titolo esemplificativo e non esaustivo, immagini, suoni, audio, video, software o testi; marchi o loghi, combinazioni di colori, struttura e design, selezione dei materiali utilizzati, programmi informatici necessari per il funzionamento, l'accesso e l'utilizzo del sito, ecc. Tutti i diritti sono riservati. In virt\u00f9 delle disposizioni degli articoli 8 e 32.1, secondo comma, della Legge sulla Propriet\u00e0 Intellettuale, la riproduzione, la distribuzione e la comunicazione pubblica, compresa la messa a disposizione, di tutti o parte dei contenuti del presente sito web, a fini commerciali, su qualsiasi supporto e con qualsiasi mezzo tecnico, sono espressamente vietate senza l'autorizzazione di Disfruta Zanzibar. L'UTENTE si impegna a rispettare i diritti di Propriet\u00e0 Intellettuale e Industriale di propriet\u00e0 di Disfruta Zanzibar. L'UTENTE pu\u00f2 visualizzare gli elementi del portale e anche stamparli, copiarli e memorizzarli sul disco rigido del proprio computer o su qualsiasi altro supporto fisico, purch\u00e9 solo ed esclusivamente per uso personale e privato. L'UTENTE deve astenersi dal cancellare, alterare, eludere o manipolare qualsiasi dispositivo di protezione o sistema di sicurezza installato sulle pagine di Disfruta Zanzibar.\n<h5>6. ESCLUSIONE DI GARANZIE E RESPONSABILIT\u00c0<\/h5>\nDisfruta Zanzibar. non \u00e8 responsabile, in nessun caso, dei danni di qualsiasi tipo che possono essere causati da, a titolo esemplificativo e non esaustivo: errori o omissioni nei contenuti, mancanza di disponibilit\u00e0 del portale o trasmissione di virus o programmi dannosi o nocivi nei contenuti, pur avendo adottato tutte le misure tecnologiche necessarie per evitarlo.\n<h5>7. MODIFICHE<\/h5>\nDisfruta Zanzibar si riserva il diritto di apportare le modifiche che ritiene opportune al proprio portale senza preavviso, potendo cambiare, eliminare o aggiungere sia i contenuti e i servizi forniti attraverso lo stesso sia il modo in cui sono presentati o collocati sul portale.\n<h5>8. COLLEGAMENTI<\/h5>\nNel caso in cui il nome del dominio contenga link o collegamenti ipertestuali ad altri siti Internet, Disfruta Zanzibar non eserciter\u00e0 alcun tipo di controllo su tali siti e contenuti. In nessun caso Disfruta Zanzibar si assumer\u00e0 la responsabilit\u00e0 dei contenuti di qualsiasi link appartenente a un sito web esterno, n\u00e9 garantir\u00e0 la disponibilit\u00e0 tecnica, la qualit\u00e0, l'affidabilit\u00e0, l'accuratezza, la completezza, la veridicit\u00e0, la validit\u00e0 e la costituzionalit\u00e0 di qualsiasi materiale o informazione contenuta in uno di questi collegamenti ipertestuali o in altri siti Internet. Allo stesso modo, l'inclusione di questi collegamenti esterni non implica alcun tipo di associazione, fusione o partecipazione con le entit\u00e0 collegate.\n<h5>9. DIRITTO DI ESCLUSIONE<\/h5>\nDisfruta Zanzibar si riserva il diritto di negare o ritirare l'accesso al portale e\/o ai servizi offerti senza preavviso, su richiesta propria o di terzi, agli utenti che non rispettano le presenti Condizioni generali d'uso.\n<h5>10.GENERALE<\/h5>\nDisfruta Zanzibar perseguir\u00e0 la violazione delle presenti condizioni nonch\u00e9 qualsiasi uso improprio del proprio portale, esercitando tutte le azioni civili e penali che le competono per legge.\n<h5>11.MODIFICA DELLE PRESENTI CONDIZIONI E DURATA<\/h5>\nDisfruta Zanzibar potr\u00e0 modificare in qualsiasi momento le condizioni qui stabilite, debitamente pubblicate cos\u00ec come appaiono. La validit\u00e0 delle suddette condizioni dipender\u00e0 dalla loro esposizione e sar\u00e0 in vigore finch\u00e9 non saranno modificate da altre debitamente pubblicate.\n<h5>12. LEGGE APPLICABILE E GIURISDIZIONE<\/h5>\nIl rapporto tra Disfruta Zanzibar e l'UTENTE sar\u00e0 regolato dalla legislazione spagnola vigente e qualsiasi controversia sar\u00e0 sottoposta alle Corti e ai Tribunali della citt\u00e0 di Alicante.\n\t\t\t\t\t\t<\/div>\n\t\t\t\t<\/div>\n\t\t\t\t\t<\/div>\n\t\t<\/div>\n\t\t\t\t\t<\/div>\n\t\t<\/section>\n\t\t\t\t<\/div>","protected":false},"excerpt":{"rendered":"<p>Aviso legal En cumplimiento del art\u00edculo 10 de la Ley 34\/2002, del 11 de julio, de servicios de la Sociedad de la Informaci\u00f3n y Comercio Electr\u00f3nico (LSSICE) se exponen a continuaci\u00f3n los datos identificativos de la empresa. 1. DATOS IDENTIFICATIVOS En cumplimiento con el deber de informaci\u00f3n recogido en art\u00edculo 10 de la Ley 34\/2002, &#8230; <a title=\"Avviso legale\" class=\"read-more\" href=\"https:\/\/disfrutazanzibar.com\/it\/avviso-legale\/\" aria-label=\"More on Aviso Legal\">Leggi tutto<\/a><\/p>","protected":false},"author":1,"featured_media":0,"parent":0,"menu_order":0,"comment_status":"closed","ping_status":"closed","template":"elementor_header_footer","meta":{"footnotes":""},"class_list":["post-165","page","type-page","status-publish"],"_links":{"self":[{"href":"https:\/\/disfrutazanzibar.com\/it\/wp-json\/wp\/v2\/pages\/165","targetHints":{"allow":["GET"]}}],"collection":[{"href":"https:\/\/disfrutazanzibar.com\/it\/wp-json\/wp\/v2\/pages"}],"about":[{"href":"https:\/\/disfrutazanzibar.com\/it\/wp-json\/wp\/v2\/types\/page"}],"author":[{"embeddable":true,"href":"https:\/\/disfrutazanzibar.com\/it\/wp-json\/wp\/v2\/users\/1"}],"replies":[{"embeddable":true,"href":"https:\/\/disfrutazanzibar.com\/it\/wp-json\/wp\/v2\/comments?post=165"}],"version-history":[{"count":7,"href":"https:\/\/disfrutazanzibar.com\/it\/wp-json\/wp\/v2\/pages\/165\/revisions"}],"predecessor-version":[{"id":172,"href":"https:\/\/disfrutazanzibar.com\/it\/wp-json\/wp\/v2\/pages\/165\/revisions\/172"}],"wp:attachment":[{"href":"https:\/\/disfrutazanzibar.com\/it\/wp-json\/wp\/v2\/media?parent=165"}],"curies":[{"name":"wp","href":"https:\/\/api.w.org\/{rel}","templated":true}]}}