{"id":1664,"date":"2023-05-18T13:43:58","date_gmt":"2023-05-18T11:43:58","guid":{"rendered":"https:\/\/disfrutazanzibar.com\/?page_id=1664"},"modified":"2024-08-26T13:09:20","modified_gmt":"2024-08-26T11:09:20","slug":"zanzibar-kilimajuu","status":"publish","type":"page","link":"https:\/\/disfrutazanzibar.com\/it\/distanza\/zanzibar-kilimajuu\/","title":{"rendered":"Distanza Zanzibar Kilimajuu"},"content":{"rendered":"<div data-elementor-type=\"wp-page\" data-elementor-id=\"1664\" class=\"elementor elementor-1664\">\n\t\t\t\t\t\t<section data-exad-particle-enable=\"false\" class=\"elementor-section elementor-top-section elementor-element elementor-element-60fb5cd elementor-section-height-min-height elementor-section-full_width elementor-section-height-default elementor-section-items-middle exad-parallax-effect-no exad-background-color-change-no exad-glass-effect-no exad-sticky-section-no\" data-id=\"60fb5cd\" data-element_type=\"section\" data-settings=\"{&quot;background_background&quot;:&quot;classic&quot;}\">\n\t\t\t\t\t\t<div class=\"elementor-container elementor-column-gap-default\">\n\t\t\t\t\t<div class=\"elementor-column elementor-col-100 elementor-top-column elementor-element elementor-element-bb61e4c exad-glass-effect-no exad-sticky-section-no\" data-id=\"bb61e4c\" data-element_type=\"column\">\n\t\t\t<div class=\"elementor-widget-wrap elementor-element-populated\">\n\t\t\t\t\t\t<div class=\"elementor-element elementor-element-37bdf518 exad-sticky-section-no exad-glass-effect-no elementor-widget elementor-widget-heading\" data-id=\"37bdf518\" data-element_type=\"widget\" data-widget_type=\"heading.default\">\n\t\t\t\t<div class=\"elementor-widget-container\">\n\t\t\t<style>\/*! elementor - v3.23.0 - 05-08-2024 *\/\n.elementor-heading-title{padding:0;margin:0;line-height:1}.elementor-widget-heading .elementor-heading-title[class*=elementor-size-]>a{color:inherit;font-size:inherit;line-height:inherit}.elementor-widget-heading .elementor-heading-title.elementor-size-small{font-size:15px}.elementor-widget-heading .elementor-heading-title.elementor-size-medium{font-size:19px}.elementor-widget-heading .elementor-heading-title.elementor-size-large{font-size:29px}.elementor-widget-heading .elementor-heading-title.elementor-size-xl{font-size:39px}.elementor-widget-heading .elementor-heading-title.elementor-size-xxl{font-size:59px}<\/style><p class=\"elementor-heading-title elementor-size-default\">Distanza zanzibar kilimajuu<\/p>\t\t<\/div>\n\t\t\t\t<\/div>\n\t\t\t\t<div class=\"elementor-element elementor-element-58283845 exad-sticky-section-no exad-glass-effect-no elementor-widget elementor-widget-text-editor\" data-id=\"58283845\" data-element_type=\"widget\" data-widget_type=\"text-editor.default\">\n\t\t\t\t<div class=\"elementor-widget-container\">\n\t\t\t<style>\/*! elementor - v3.23.0 - 05-08-2024 *\/\n.elementor-widget-text-editor.elementor-drop-cap-view-stacked .elementor-drop-cap{background-color:#69727d;color:#fff}.elementor-widget-text-editor.elementor-drop-cap-view-framed .elementor-drop-cap{color:#69727d;border:3px solid;background-color:transparent}.elementor-widget-text-editor:not(.elementor-drop-cap-view-default) .elementor-drop-cap{margin-top:8px}.elementor-widget-text-editor:not(.elementor-drop-cap-view-default) .elementor-drop-cap-letter{width:1em;height:1em}.elementor-widget-text-editor .elementor-drop-cap{float:left;text-align:center;line-height:1;font-size:50px}.elementor-widget-text-editor .elementor-drop-cap-letter{display:inline-block}<\/style>\t\t\t\t<p style=\"text-align: center;\"><nav aria-label=\"pangrattato\" class=\"rank-math-breadcrumb\"><p><span class=\"last\">Casa<\/span><\/p><\/nav><\/p>\t\t\t\t\t\t<\/div>\n\t\t\t\t<\/div>\n\t\t\t\t\t<\/div>\n\t\t<\/div>\n\t\t\t\t\t<\/div>\n\t\t<\/section>\n\t\t\t\t<section data-exad-particle-enable=\"false\" class=\"elementor-section elementor-top-section elementor-element elementor-element-5620b20d elementor-section-boxed elementor-section-height-default elementor-section-height-default exad-parallax-effect-no exad-background-color-change-no exad-glass-effect-no exad-sticky-section-no\" data-id=\"5620b20d\" data-element_type=\"section\">\n\t\t\t\t\t\t<div class=\"elementor-container elementor-column-gap-default\">\n\t\t\t\t\t<div class=\"elementor-column elementor-col-100 elementor-top-column elementor-element elementor-element-7b419b29 exad-glass-effect-no exad-sticky-section-no\" data-id=\"7b419b29\" data-element_type=\"column\">\n\t\t\t<div class=\"elementor-widget-wrap elementor-element-populated\">\n\t\t\t\t\t\t<div class=\"elementor-element elementor-element-3ec64839 exad-sticky-section-no exad-glass-effect-no elementor-widget elementor-widget-text-editor\" data-id=\"3ec64839\" data-element_type=\"widget\" data-widget_type=\"text-editor.default\">\n\t\t\t\t<div class=\"elementor-widget-container\">\n\t\t\t\t\t\t\t<p>La distanza tra Zanzibar e Kilimajuu \u00e8 di circa 70 chilometri. Zanzibar, la splendida isola nell'Oceano Indiano, e Kilimajuu, una citt\u00e0 nella regione del Kilimangiaro in Tanzania, sono destinazioni che offrono esperienze uniche.<\/p><p>Per recarsi da Zanzibar a Kilimajuu, il modo pi\u00f9 comune \u00e8 quello di prendere un volo interno dall'aeroporto di Zanzibar. <a href=\"https:\/\/disfrutazanzibar.com\/it\/aeroporto\/\">Aeroporto<\/a> da Zanzibar all'Aeroporto Internazionale del Kilimanjaro, che si trova vicino a Kilimajuu. La durata del volo \u00e8 di circa 1 ora.<\/p><p>Una volta arrivati all'aeroporto internazionale del Kilimanjaro, si pu\u00f2 prendere un taxi o il trasporto via terra per Kilimajuu, che si trova a pochi chilometri di distanza. Il tempo di percorrenza a terra pu\u00f2 variare a seconda del traffico e delle condizioni stradali.<\/p><p>Ricordate di controllare gli orari e la disponibilit\u00e0 dei voli prima di pianificare il vostro viaggio. Assicuratevi inoltre di rispettare i requisiti di visto e di documentazione necessari per entrare in Tanzania, nonch\u00e9 le misure sanitarie o le restrizioni di viaggio in vigore al momento della vostra visita.<\/p><p>Preparatevi a godere delle bellezze naturali e delle meraviglie culturali di Kilimajuu dopo essere arrivati da Zanzibar, dove vi aspettano nuove esperienze e avventure indimenticabili!<\/p>\t\t\t\t\t\t<\/div>\n\t\t\t\t<\/div>\n\t\t\t\t\t<\/div>\n\t\t<\/div>\n\t\t\t\t\t<\/div>\n\t\t<\/section>\n\t\t\t\t<section data-exad-particle-enable=\"false\" class=\"elementor-section elementor-top-section elementor-element elementor-element-67eb6d4 elementor-section-boxed elementor-section-height-default elementor-section-height-default exad-parallax-effect-no exad-background-color-change-no exad-glass-effect-no exad-sticky-section-no\" data-id=\"67eb6d4\" data-element_type=\"section\">\n\t\t\t\t\t\t<div class=\"elementor-container elementor-column-gap-default\">\n\t\t\t\t\t<div class=\"elementor-column elementor-col-100 elementor-top-column elementor-element elementor-element-10d444f exad-glass-effect-no exad-sticky-section-no\" data-id=\"10d444f\" data-element_type=\"column\">\n\t\t\t<div class=\"elementor-widget-wrap elementor-element-populated\">\n\t\t\t\t\t\t<div class=\"elementor-element elementor-element-0438c32 exad-sticky-section-no exad-glass-effect-no elementor-widget elementor-widget-html\" data-id=\"0438c32\" data-element_type=\"widget\" data-widget_type=\"html.default\">\n\t\t\t\t<div class=\"elementor-widget-container\">\n\t\t\t<iframe src=\"https:\/\/www.google.com\/maps\/embed?pb=!1m28!1m12!1m3!1d126967.64507924531!2d39.194185167021146!3d-6.030527490347976!2m3!1f0!2f0!3f0!3m2!1i1024!2i768!4f13.1!4m13!3e6!4m5!1s0x1842d828f4f0c02b%3A0xc5095df9b695fab5!2sKilimajuu%2C%20Tanzania!3m2!1d-5.896796!2d39.353693!4m5!1s0x185cd0ba23b63ecb%3A0x52c848ab6efc138e!2sZanz%C3%ADbar%2C%20Tanzania!3m2!1d-6.1651929999999995!2d39.1989144!5e0!3m2!1ses!2ses!4v1684410221052!5m2!1ses!2ses\" width=\"600\" height=\"450\" style=\"border:0;\" allowfullscreen=\"\" loading=\"lazy\" referrerpolicy=\"no-referrer-when-downgrade\"><\/iframe>\t\t<\/div>\n\t\t\t\t<\/div>\n\t\t\t\t\t<\/div>\n\t\t<\/div>\n\t\t\t\t\t<\/div>\n\t\t<\/section>\n\t\t\t\t<\/div>","protected":false},"excerpt":{"rendered":"<p>Distancia zanzibar kilimajuu La distancia entre Zanz\u00edbar y Kilimajuu es de aproximadamente 70 kil\u00f3metros. Zanz\u00edbar, la hermosa isla en el oc\u00e9ano \u00cdndico, y Kilimajuu, una localidad en la regi\u00f3n de Kilimanjaro en Tanzania, son destinos que ofrecen experiencias \u00fanicas. Para viajar desde Zanz\u00edbar hasta Kilimajuu, la forma m\u00e1s com\u00fan es tomar un vuelo dom\u00e9stico desde &#8230; <a title=\"Distanza Zanzibar Kilimajuu\" class=\"read-more\" href=\"https:\/\/disfrutazanzibar.com\/it\/distanza\/zanzibar-kilimajuu\/\" aria-label=\"More on Distancia Zanzibar Kilimajuu\">Leggi tutto<\/a><\/p>","protected":false},"author":1,"featured_media":0,"parent":1583,"menu_order":0,"comment_status":"closed","ping_status":"closed","template":"","meta":{"footnotes":""},"class_list":["post-1664","page","type-page","status-publish"],"_links":{"self":[{"href":"https:\/\/disfrutazanzibar.com\/it\/wp-json\/wp\/v2\/pages\/1664","targetHints":{"allow":["GET"]}}],"collection":[{"href":"https:\/\/disfrutazanzibar.com\/it\/wp-json\/wp\/v2\/pages"}],"about":[{"href":"https:\/\/disfrutazanzibar.com\/it\/wp-json\/wp\/v2\/types\/page"}],"author":[{"embeddable":true,"href":"https:\/\/disfrutazanzibar.com\/it\/wp-json\/wp\/v2\/users\/1"}],"replies":[{"embeddable":true,"href":"https:\/\/disfrutazanzibar.com\/it\/wp-json\/wp\/v2\/comments?post=1664"}],"version-history":[{"count":8,"href":"https:\/\/disfrutazanzibar.com\/it\/wp-json\/wp\/v2\/pages\/1664\/revisions"}],"predecessor-version":[{"id":2572,"href":"https:\/\/disfrutazanzibar.com\/it\/wp-json\/wp\/v2\/pages\/1664\/revisions\/2572"}],"up":[{"embeddable":true,"href":"https:\/\/disfrutazanzibar.com\/it\/wp-json\/wp\/v2\/pages\/1583"}],"wp:attachment":[{"href":"https:\/\/disfrutazanzibar.com\/it\/wp-json\/wp\/v2\/media?parent=1664"}],"curies":[{"name":"wp","href":"https:\/\/api.w.org\/{rel}","templated":true}]}}