{"id":1677,"date":"2023-05-18T13:52:02","date_gmt":"2023-05-18T11:52:02","guid":{"rendered":"https:\/\/disfrutazanzibar.com\/?page_id=1677"},"modified":"2024-08-26T13:10:09","modified_gmt":"2024-08-26T11:10:09","slug":"distancia-zanzibar-waikki","status":"publish","type":"page","link":"https:\/\/disfrutazanzibar.com\/it\/distanza\/distanza-zanzibar-waikki\/","title":{"rendered":"Distanza Zanzibar Waikki"},"content":{"rendered":"<div data-elementor-type=\"wp-page\" data-elementor-id=\"1677\" class=\"elementor elementor-1677\">\n\t\t\t\t\t\t<section data-exad-particle-enable=\"false\" class=\"elementor-section elementor-top-section elementor-element elementor-element-16987083 elementor-section-height-min-height elementor-section-full_width elementor-section-height-default elementor-section-items-middle exad-parallax-effect-no exad-background-color-change-no exad-glass-effect-no exad-sticky-section-no\" data-id=\"16987083\" data-element_type=\"section\" data-settings=\"{&quot;background_background&quot;:&quot;classic&quot;}\">\n\t\t\t\t\t\t<div class=\"elementor-container elementor-column-gap-default\">\n\t\t\t\t\t<div class=\"elementor-column elementor-col-100 elementor-top-column elementor-element elementor-element-6258b77a exad-glass-effect-no exad-sticky-section-no\" data-id=\"6258b77a\" data-element_type=\"column\">\n\t\t\t<div class=\"elementor-widget-wrap elementor-element-populated\">\n\t\t\t\t\t\t<div class=\"elementor-element elementor-element-2d9e3740 exad-sticky-section-no exad-glass-effect-no elementor-widget elementor-widget-heading\" data-id=\"2d9e3740\" data-element_type=\"widget\" data-widget_type=\"heading.default\">\n\t\t\t\t<div class=\"elementor-widget-container\">\n\t\t\t<style>\/*! elementor - v3.23.0 - 05-08-2024 *\/\n.elementor-heading-title{padding:0;margin:0;line-height:1}.elementor-widget-heading .elementor-heading-title[class*=elementor-size-]>a{color:inherit;font-size:inherit;line-height:inherit}.elementor-widget-heading .elementor-heading-title.elementor-size-small{font-size:15px}.elementor-widget-heading .elementor-heading-title.elementor-size-medium{font-size:19px}.elementor-widget-heading .elementor-heading-title.elementor-size-large{font-size:29px}.elementor-widget-heading .elementor-heading-title.elementor-size-xl{font-size:39px}.elementor-widget-heading .elementor-heading-title.elementor-size-xxl{font-size:59px}<\/style><p class=\"elementor-heading-title elementor-size-default\">Distanza Zanzibar Waikiki<\/p>\t\t<\/div>\n\t\t\t\t<\/div>\n\t\t\t\t<div class=\"elementor-element elementor-element-34555e18 exad-sticky-section-no exad-glass-effect-no elementor-widget elementor-widget-text-editor\" data-id=\"34555e18\" data-element_type=\"widget\" data-widget_type=\"text-editor.default\">\n\t\t\t\t<div class=\"elementor-widget-container\">\n\t\t\t<style>\/*! elementor - v3.23.0 - 05-08-2024 *\/\n.elementor-widget-text-editor.elementor-drop-cap-view-stacked .elementor-drop-cap{background-color:#69727d;color:#fff}.elementor-widget-text-editor.elementor-drop-cap-view-framed .elementor-drop-cap{color:#69727d;border:3px solid;background-color:transparent}.elementor-widget-text-editor:not(.elementor-drop-cap-view-default) .elementor-drop-cap{margin-top:8px}.elementor-widget-text-editor:not(.elementor-drop-cap-view-default) .elementor-drop-cap-letter{width:1em;height:1em}.elementor-widget-text-editor .elementor-drop-cap{float:left;text-align:center;line-height:1;font-size:50px}.elementor-widget-text-editor .elementor-drop-cap-letter{display:inline-block}<\/style>\t\t\t\t<p style=\"text-align: center;\"><nav aria-label=\"pangrattato\" class=\"rank-math-breadcrumb\"><p><span class=\"last\">Casa<\/span><\/p><\/nav><\/p>\t\t\t\t\t\t<\/div>\n\t\t\t\t<\/div>\n\t\t\t\t\t<\/div>\n\t\t<\/div>\n\t\t\t\t\t<\/div>\n\t\t<\/section>\n\t\t\t\t<section data-exad-particle-enable=\"false\" class=\"elementor-section elementor-top-section elementor-element elementor-element-3f4e0a72 elementor-section-boxed elementor-section-height-default elementor-section-height-default exad-parallax-effect-no exad-background-color-change-no exad-glass-effect-no exad-sticky-section-no\" data-id=\"3f4e0a72\" data-element_type=\"section\">\n\t\t\t\t\t\t<div class=\"elementor-container elementor-column-gap-default\">\n\t\t\t\t\t<div class=\"elementor-column elementor-col-100 elementor-top-column elementor-element elementor-element-5455ac5 exad-glass-effect-no exad-sticky-section-no\" data-id=\"5455ac5\" data-element_type=\"column\">\n\t\t\t<div class=\"elementor-widget-wrap elementor-element-populated\">\n\t\t\t\t\t\t<div class=\"elementor-element elementor-element-178ec08a exad-sticky-section-no exad-glass-effect-no elementor-widget elementor-widget-text-editor\" data-id=\"178ec08a\" data-element_type=\"widget\" data-widget_type=\"text-editor.default\">\n\t\t\t\t<div class=\"elementor-widget-container\">\n\t\t\t\t\t\t\t<p>La distanza tra Zanzibar e Waikiki non pu\u00f2 essere determinata direttamente, poich\u00e9 Zanzibar \u00e8 un'isola situata nell'Oceano Indiano al largo delle coste della Tanzania, mentre Waikiki \u00e8 una famosa spiaggia e un quartiere della citt\u00e0 di Honolulu, sull'isola di Oahu, nelle Hawaii, negli Stati Uniti. Entrambe le destinazioni si trovano in continenti diversi e sono separate da migliaia di chilometri di distanza e di oceano.<\/p><p>Se si desidera viaggiare da Zanzibar a Waikiki, \u00e8 necessario effettuare pi\u00f9 voli internazionali con scalo. Ci\u00f2 comprende un volo da Zanzibar a una grande citt\u00e0, come Nairobi, Amsterdam o Dubai, e poi un ulteriore volo da quella citt\u00e0 a Honolulu, dove si trova Waikiki.<\/p><p>\u00c8 importante notare che gli orari e le rotte dei voli possono cambiare a seconda delle compagnie aeree e del periodo dell'anno. Si consiglia di effettuare una ricerca approfondita e di confrontare i prezzi e gli orari per trovare l'opzione di volo pi\u00f9 adatta alle proprie esigenze e preferenze.<\/p><p>Ricordate di controllare i requisiti per il visto e la documentazione necessaria per entrare negli Stati Uniti, nonch\u00e9 le misure sanitarie o le restrizioni di viaggio in vigore al momento della vostra visita.<\/p><p>Preparatevi a godere di due destinazioni straordinarie in diverse parti del mondo durante la vostra avventura da Zanzibar a Waikiki!<\/p>\t\t\t\t\t\t<\/div>\n\t\t\t\t<\/div>\n\t\t\t\t\t<\/div>\n\t\t<\/div>\n\t\t\t\t\t<\/div>\n\t\t<\/section>\n\t\t\t\t<section data-exad-particle-enable=\"false\" class=\"elementor-section elementor-top-section elementor-element elementor-element-4a1a0ca elementor-section-boxed elementor-section-height-default elementor-section-height-default exad-parallax-effect-no exad-background-color-change-no exad-glass-effect-no exad-sticky-section-no\" data-id=\"4a1a0ca\" data-element_type=\"section\">\n\t\t\t\t\t\t<div class=\"elementor-container elementor-column-gap-default\">\n\t\t\t\t\t<div class=\"elementor-column elementor-col-100 elementor-top-column elementor-element elementor-element-f66da89 exad-glass-effect-no exad-sticky-section-no\" data-id=\"f66da89\" data-element_type=\"column\">\n\t\t\t<div class=\"elementor-widget-wrap elementor-element-populated\">\n\t\t\t\t\t\t<div class=\"elementor-element elementor-element-01a7948 exad-sticky-section-no exad-glass-effect-no elementor-widget elementor-widget-html\" data-id=\"01a7948\" data-element_type=\"widget\" data-widget_type=\"html.default\">\n\t\t\t\t<div class=\"elementor-widget-container\">\n\t\t\t<iframe src=\"https:\/\/www.google.com\/maps\/embed?pb=!1m28!1m12!1m3!1d31097679.505082726!2d55.794223416963824!3d-17.927328002241982!2m3!1f0!2f0!3f0!3m2!1i1024!2i768!4f13.1!4m13!3e6!4m5!1s0x2a3284a6d36bb3df%3A0x504f0b535df5320!2sWaikiki%2C%20Australia%20Occidental%206169%2C%20Australia!3m2!1d-32.3155133!2d115.7530128!4m5!1s0x185cd0ba23b63ecb%3A0x52c848ab6efc138e!2sZanz%C3%ADbar%2C%20Tanzania!3m2!1d-6.1651929999999995!2d39.1989144!5e0!3m2!1ses!2ses!4v1684410845272!5m2!1ses!2ses\" width=\"600\" height=\"450\" style=\"border:0;\" allowfullscreen=\"\" loading=\"lazy\" referrerpolicy=\"no-referrer-when-downgrade\"><\/iframe>\t\t<\/div>\n\t\t\t\t<\/div>\n\t\t\t\t\t<\/div>\n\t\t<\/div>\n\t\t\t\t\t<\/div>\n\t\t<\/section>\n\t\t\t\t<\/div>","protected":false},"excerpt":{"rendered":"<p>Distancia Zanzibar Waikiki La distancia entre Zanz\u00edbar y Waikiki no puede ser determinada directamente, ya que Zanz\u00edbar es una isla ubicada en el oc\u00e9ano \u00cdndico, frente a la costa de Tanzania, mientras que Waikiki es una famosa playa y barrio de la ciudad de Honolulu, en la isla de Oahu, Haw\u00e1i, Estados Unidos. Ambos destinos &#8230; <a title=\"Distanza Zanzibar Waikki\" class=\"read-more\" href=\"https:\/\/disfrutazanzibar.com\/it\/distanza\/distanza-zanzibar-waikki\/\" aria-label=\"More on Distancia Zanzibar Waikki\">Leggi tutto<\/a><\/p>","protected":false},"author":1,"featured_media":0,"parent":1583,"menu_order":0,"comment_status":"closed","ping_status":"closed","template":"","meta":{"footnotes":""},"class_list":["post-1677","page","type-page","status-publish"],"_links":{"self":[{"href":"https:\/\/disfrutazanzibar.com\/it\/wp-json\/wp\/v2\/pages\/1677","targetHints":{"allow":["GET"]}}],"collection":[{"href":"https:\/\/disfrutazanzibar.com\/it\/wp-json\/wp\/v2\/pages"}],"about":[{"href":"https:\/\/disfrutazanzibar.com\/it\/wp-json\/wp\/v2\/types\/page"}],"author":[{"embeddable":true,"href":"https:\/\/disfrutazanzibar.com\/it\/wp-json\/wp\/v2\/users\/1"}],"replies":[{"embeddable":true,"href":"https:\/\/disfrutazanzibar.com\/it\/wp-json\/wp\/v2\/comments?post=1677"}],"version-history":[{"count":8,"href":"https:\/\/disfrutazanzibar.com\/it\/wp-json\/wp\/v2\/pages\/1677\/revisions"}],"predecessor-version":[{"id":2578,"href":"https:\/\/disfrutazanzibar.com\/it\/wp-json\/wp\/v2\/pages\/1677\/revisions\/2578"}],"up":[{"embeddable":true,"href":"https:\/\/disfrutazanzibar.com\/it\/wp-json\/wp\/v2\/pages\/1583"}],"wp:attachment":[{"href":"https:\/\/disfrutazanzibar.com\/it\/wp-json\/wp\/v2\/media?parent=1677"}],"curies":[{"name":"wp","href":"https:\/\/api.w.org\/{rel}","templated":true}]}}