{"id":173,"date":"2022-10-21T09:55:00","date_gmt":"2022-10-21T07:55:00","guid":{"rendered":"https:\/\/disfrutazanzibar.com\/?page_id=173"},"modified":"2022-10-21T09:55:29","modified_gmt":"2022-10-21T07:55:29","slug":"politica-de-cookies","status":"publish","type":"page","link":"https:\/\/disfrutazanzibar.com\/it\/politica-sui-cookie\/","title":{"rendered":"Informativa sui cookie"},"content":{"rendered":"<div data-elementor-type=\"wp-page\" data-elementor-id=\"173\" class=\"elementor elementor-173\">\n\t\t\t\t\t\t<section data-exad-particle-enable=\"false\" class=\"elementor-section elementor-top-section elementor-element elementor-element-8e7d614 elementor-section-boxed elementor-section-height-default elementor-section-height-default exad-parallax-effect-no exad-background-color-change-no exad-glass-effect-no exad-sticky-section-no\" data-id=\"8e7d614\" data-element_type=\"section\">\n\t\t\t\t\t\t<div class=\"elementor-container elementor-column-gap-default\">\n\t\t\t\t\t<div class=\"elementor-column elementor-col-100 elementor-top-column elementor-element elementor-element-baa1abd exad-glass-effect-no exad-sticky-section-no\" data-id=\"baa1abd\" data-element_type=\"column\">\n\t\t\t<div class=\"elementor-widget-wrap elementor-element-populated\">\n\t\t\t\t\t\t<div class=\"elementor-element elementor-element-907c157 exad-sticky-section-no exad-glass-effect-no elementor-widget elementor-widget-text-editor\" data-id=\"907c157\" data-element_type=\"widget\" data-widget_type=\"text-editor.default\">\n\t\t\t\t<div class=\"elementor-widget-container\">\n\t\t\t<style>\/*! elementor - v3.23.0 - 05-08-2024 *\/\n.elementor-widget-text-editor.elementor-drop-cap-view-stacked .elementor-drop-cap{background-color:#69727d;color:#fff}.elementor-widget-text-editor.elementor-drop-cap-view-framed .elementor-drop-cap{color:#69727d;border:3px solid;background-color:transparent}.elementor-widget-text-editor:not(.elementor-drop-cap-view-default) .elementor-drop-cap{margin-top:8px}.elementor-widget-text-editor:not(.elementor-drop-cap-view-default) .elementor-drop-cap-letter{width:1em;height:1em}.elementor-widget-text-editor .elementor-drop-cap{float:left;text-align:center;line-height:1;font-size:50px}.elementor-widget-text-editor .elementor-drop-cap-letter{display:inline-block}<\/style>\t\t\t\t<h2 style=\"text-align: left;\" align=\"center\"><strong>Informativa sui cookie<\/strong><\/h2><p style=\"text-align: left;\" align=\"center\"><br \/>Sul web <a href=\"https:\/\/disfrutazanzibar.com\/it\/\">disfrutazanzibar.com<\/a> utilizziamo i cookie per facilitare il coinvolgimento dei visitatori nei nostri contenuti e per consentirci di compilare statistiche sui visitatori che riceviamo.<br \/>In conformit\u00e0 alla Direttiva 2009\/136\/CE, recepita nel nostro ordinamento dall'articolo 22, secondo comma, della Legge sui Servizi della Societ\u00e0 dell'Informazione, seguendo le linee guida dell'Agenzia Spagnola per la Protezione dei Dati, procediamo a informarvi dettagliatamente sull'utilizzo del nostro sito web.<br \/>I cookie sono piccoli file che vengono registrati nel browser utilizzato da ciascun visitatore del nostro sito web, in modo che il server possa ricordare la visita di quell'utente in un secondo momento, quando acceder\u00e0 nuovamente ai nostri contenuti. Queste informazioni non rivelano l'identit\u00e0 o i dati personali dell'utente, n\u00e9 accedono al contenuto memorizzato sul suo computer, ma consentono al nostro sistema di identificarlo come un utente specifico che ha gi\u00e0 visitato il sito web in precedenza, ha visualizzato determinate pagine, ecc. e ci permettono anche di salvare le sue preferenze personali e le informazioni tecniche, come le visite effettuate o le pagine specifiche visitate.<br \/>Lo scopo dei cookie \u00e8 quello di fornire all'Utente un accesso pi\u00f9 rapido ai Servizi selezionati.<br \/>Se non si desidera che i cookie vengano salvati nel browser o si preferisce ricevere informazioni ogni volta che un cookie richiede di essere installato, \u00e8 possibile configurare le opzioni di navigazione in modo che ci\u00f2 avvenga. La maggior parte dei browser consente di gestire i cookie in 3 modi diversi:<\/p><ul style=\"text-align: left;\" type=\"disc\"><li>I cookie vengono sempre rifiutati;<\/li><li>Il browser chiede se l'utente desidera installare ciascun cookie;<\/li><li>I cookie sono sempre accettati;<\/li><\/ul><p style=\"text-align: left;\">Il browser pu\u00f2 anche prevedere la possibilit\u00e0 di selezionare in dettaglio quali cookie si desidera vengano installati sul proprio computer. In particolare, l'utente pu\u00f2 normalmente accettare una delle seguenti opzioni:<\/p><ul style=\"text-align: left;\" type=\"disc\"><li>rifiutare i cookie di alcuni domini;<\/li><li>rifiutare i cookie di terze parti;<\/li><li>accettare i cookie come non persistenti (vengono cancellati alla chiusura del browser);<\/li><li>consentire al server di creare cookie per un dominio diverso.<\/li><\/ul><p style=\"text-align: left;\"><strong>Per consentire, conoscere, bloccare o eliminare i cookie installati sul vostro computer, potete farlo configurando le opzioni del browser installato sul vostro computer.<\/strong> <br \/>Le informazioni su come configurare i browser pi\u00f9 utilizzati sono disponibili nei seguenti punti:<\/p><ul style=\"text-align: left;\" type=\"disc\"><li><strong>Internet Explorer<\/strong>Strumenti -&gt; Opzioni Internet -&gt; Privacy -&gt; Impostazioni. Per ulteriori informazioni, \u00e8 possibile consultare il sito\u00a0<a href=\"http:\/\/windows.microsoft.com\/es-ES\/windows\/support\" rel=\"nofollow noopener\" target=\"_blank\">Supporto Microsoft<\/a>\u00a0o la Guida del browser.<\/li><li><strong>Firefox<\/strong>Strumenti -&gt; Opzioni -&gt; Privacy -&gt; Privacy -&gt; Cronologia -&gt; Impostazioni personalizzate. Per ulteriori informazioni, \u00e8 possibile consultare il sito\u00a0<a href=\"http:\/\/support.mozilla.org\/es\/home\" rel=\"nofollow noopener\" target=\"_blank\">Supporto per Mozilla<\/a>\u00a0o la Guida del browser.<\/li><li><strong>Cromo<\/strong>: Impostazioni -&gt; Mostra opzioni avanzate -&gt; Privacy -&gt; Impostazioni contenuti. Per ulteriori informazioni, \u00e8 possibile consultare la guida\u00a0<a href=\"http:\/\/support.google.com\/chrome\/?hl=es\" rel=\"nofollow noopener\" target=\"_blank\">Supporto di Google<\/a>\u00a0o la Guida del browser.<\/li><li><strong><a href=\"https:\/\/disfrutazanzibar.com\/it\/attivita\/safari\/\">Safari<\/a><\/strong>Preferenze -&gt; Sicurezza. Per ulteriori informazioni, \u00e8 possibile consultare la guida\u00a0<a href=\"http:\/\/www.apple.com\/es\/support\/safari\/\" rel=\"nofollow noopener\" target=\"_blank\">Supporto Apple<\/a>\u00a0o la Guida del browser.<\/li><\/ul><p style=\"text-align: left;\">Per quanto riguarda i cookie di terze parti, ossia quelli esterni al nostro sito web, non possiamo essere ritenuti responsabili del contenuto e della veridicit\u00e0 delle politiche sulla privacy che essi includono, pertanto le informazioni che offriamo fanno sempre riferimento alla fonte.<br \/>Di seguito, vi informiamo in dettaglio sui cookie che possono essere installati dal nostro sito web. A seconda delle vostre abitudini di navigazione, potrebbero essere installati tutti o solo alcuni di essi.<\/p><p style=\"text-align: left;\">\u00a0<\/p><p style=\"text-align: left;\">Biscotto: <strong>__utma<\/strong><br \/><strong>Descrizione: <\/strong>Identificazione dei visitatori unici: viene utilizzato per registrare i visitatori unici a fini statistici e analitici.<br \/><strong>Durata:<\/strong> 2 anni<br \/><strong>Fonte:<\/strong> Google (Analytics)<\/p><p style=\"text-align: left;\">Biscotto: <strong>__utmb<\/strong><br \/>Descrizione: utilizzato per determinare le nuove sessioni o visite.<br \/>Durata: 30 minuti<br \/>Fonte: Google (Analytics)<\/p><p style=\"text-align: left;\">Biscotto: <strong>__utmc<\/strong><br \/><strong>Descrizione:<\/strong> Non utilizzato in ga.js. \u00c8 impostato per interagire con urchin.js. In precedenza, questo cookie agiva insieme al cookie __utmb per determinare se l'utente era in una nuova sessione o visita.<br \/><strong>Durata:<\/strong> Utilizzato per limitare la percentuale di richieste.<br \/><strong>Fonte: <\/strong>Google (Analytics)<\/p><p style=\"text-align: left;\">Biscotto: <strong>__utmt<\/strong><br \/><strong>Descrizione: <\/strong>Utilizzato per limitare la percentuale di richieste.<br \/><strong>Durata: <\/strong>10 minuti<br \/><strong>Fonte: <\/strong>Google (Analytics)<\/p><p style=\"text-align: left;\">Biscotto: <strong>__utmv<\/strong><br \/><strong>Descrizione: <\/strong>Registrazione del traffico e delle fonti di navigazione: viene utilizzata per registrare il modo in cui l'utente \u00e8 arrivato al nostro sito web (tramite una ricerca su Google, una pubblicit\u00e0, ecc.) e i percorsi seguiti durante la navigazione. Utilizziamo queste informazioni per migliorare l'esperienza dell'utente negli aggiornamenti futuri.<br \/><strong>Durata: <\/strong>6 mesi<br \/><strong>Fonte: <\/strong>Google (Analytics)<\/p><p style=\"text-align: left;\">Biscotto: <strong>__ga<\/strong><br \/><strong>Descrizione: <\/strong>Viene utilizzato per distinguere gli utenti.<br \/><strong>Durata: <\/strong>2 anni<br \/><strong>Fonte: <\/strong>Google (Analytics)<\/p><p style=\"text-align: left;\">Biscotto: <strong>__gat<\/strong><br \/><strong>Descrizione: <\/strong>Utilizzato per limitare la percentuale di richieste.<br \/><strong>Durata: <\/strong>10 minuti<br \/><strong>Fonte: <\/strong>Google (Analytics)<\/p><p style=\"text-align: left;\">Biscotto: <strong>__gid<\/strong><br \/><strong>Descrizione: <\/strong>Viene utilizzato per distinguere gli utenti.<br \/><strong>Durata: <\/strong>1 giorno<br \/><strong>Fonte: <\/strong>Google (Analytics)<\/p><p style=\"text-align: left;\">Biscotto: <strong>_fbp<\/strong><br \/><strong>Descrizione: <\/strong>Viene utilizzato per distinguere gli utenti.<br \/><strong>Durata: <\/strong>3 mesi<br \/><strong>Fonte: <\/strong>Facebook<\/p><p style=\"text-align: left;\">Biscotto: <strong>moove_gdpr_popup<\/strong><br \/><strong>Descrizione: <\/strong>Sessione di registrazione del visitatore: utilizzata per registrare la sessione e le scelte dell'utente in merito alla politica dei cookie e per ricordare l'utente nelle visite future.<br \/><strong>Durata: <\/strong>1 anno<br \/><strong>Fonte: <\/strong> disfrutazanzibar.com<\/p><p style=\"text-align: left;\">\u00a0<\/p><p style=\"text-align: left;\">La presente Politica sui cookie pu\u00f2 essere modificata in base a requisiti legislativi o normativi, o con l'obiettivo di adattare tale politica alle istruzioni emanate dall'Agenzia spagnola per la protezione dei dati, per cui si consiglia agli utenti di visitarla periodicamente.<br \/>In caso di modifiche significative alla presente Politica sui cookie, queste saranno comunicate agli utenti attraverso il sito web o via e-mail agli utenti registrati.<\/p>\t\t\t\t\t\t<\/div>\n\t\t\t\t<\/div>\n\t\t\t\t\t<\/div>\n\t\t<\/div>\n\t\t\t\t\t<\/div>\n\t\t<\/section>\n\t\t\t\t<\/div>","protected":false},"excerpt":{"rendered":"<p>Pol\u00edtica de Cookies En la web disfrutazanzibar.com utilizamos cookies para facilitar la relaci\u00f3n de los visitantes con nuestro contenido y para permitir elaborar estad\u00edsticas sobre las visitantes que recibimos.En cumplimiento de la Directiva 2009\/136\/CE, desarrollada en nuestro ordenamiento por el apartado segundo del art\u00edculo 22 de la Ley de Servicios de Sociedad de la Informaci\u00f3n, &#8230; <a title=\"Informativa sui cookie\" class=\"read-more\" href=\"https:\/\/disfrutazanzibar.com\/it\/politica-sui-cookie\/\" aria-label=\"More on Pol\u00edtica de Cookies\">Leggi tutto<\/a><\/p>","protected":false},"author":1,"featured_media":0,"parent":0,"menu_order":0,"comment_status":"closed","ping_status":"closed","template":"elementor_header_footer","meta":{"footnotes":""},"class_list":["post-173","page","type-page","status-publish"],"_links":{"self":[{"href":"https:\/\/disfrutazanzibar.com\/it\/wp-json\/wp\/v2\/pages\/173","targetHints":{"allow":["GET"]}}],"collection":[{"href":"https:\/\/disfrutazanzibar.com\/it\/wp-json\/wp\/v2\/pages"}],"about":[{"href":"https:\/\/disfrutazanzibar.com\/it\/wp-json\/wp\/v2\/types\/page"}],"author":[{"embeddable":true,"href":"https:\/\/disfrutazanzibar.com\/it\/wp-json\/wp\/v2\/users\/1"}],"replies":[{"embeddable":true,"href":"https:\/\/disfrutazanzibar.com\/it\/wp-json\/wp\/v2\/comments?post=173"}],"version-history":[{"count":4,"href":"https:\/\/disfrutazanzibar.com\/it\/wp-json\/wp\/v2\/pages\/173\/revisions"}],"predecessor-version":[{"id":177,"href":"https:\/\/disfrutazanzibar.com\/it\/wp-json\/wp\/v2\/pages\/173\/revisions\/177"}],"wp:attachment":[{"href":"https:\/\/disfrutazanzibar.com\/it\/wp-json\/wp\/v2\/media?parent=173"}],"curies":[{"name":"wp","href":"https:\/\/api.w.org\/{rel}","templated":true}]}}